{"id":7270,"date":"2023-02-19T16:22:43","date_gmt":"2023-02-19T15:22:43","guid":{"rendered":"https:\/\/schlor.org\/?page_id=7270"},"modified":"2025-01-06T20:26:37","modified_gmt":"2025-01-06T19:26:37","slug":"werkstatt","status":"publish","type":"page","link":"https:\/\/schlor.org\/en\/crap\/werkstatt\/","title":{"rendered":"Workshop"},"content":{"rendered":"<h2>Die Werkstatt bei CRAP<\/h2>\n<p>Eine Werkstatt f\u00fcr alle(s)!<\/p>\n<div id=\"toolbarViewerMiddle\">\n<h4><img fetchpriority=\"high\" decoding=\"async\" class=\"size-medium wp-image-7312 alignright\" src=\"https:\/\/schlor.org\/wp-content\/uploads\/2023\/02\/IMG_20230218_210633-400x300.jpg\" alt=\"\" width=\"400\" height=\"300\" srcset=\"https:\/\/schlor.org\/wp-content\/uploads\/2023\/02\/IMG_20230218_210633-400x300.jpg 400w, https:\/\/schlor.org\/wp-content\/uploads\/2023\/02\/IMG_20230218_210633-1600x1200.jpg 1600w, https:\/\/schlor.org\/wp-content\/uploads\/2023\/02\/IMG_20230218_210633-768x576.jpg 768w, https:\/\/schlor.org\/wp-content\/uploads\/2023\/02\/IMG_20230218_210633-1536x1152.jpg 1536w, https:\/\/schlor.org\/wp-content\/uploads\/2023\/02\/IMG_20230218_210633-2048x1536.jpg 2048w, https:\/\/schlor.org\/wp-content\/uploads\/2023\/02\/IMG_20230218_210633-1000x750.jpg 1000w, https:\/\/schlor.org\/wp-content\/uploads\/2023\/02\/IMG_20230218_210633-230x173.jpg 230w, https:\/\/schlor.org\/wp-content\/uploads\/2023\/02\/IMG_20230218_210633-350x263.jpg 350w, https:\/\/schlor.org\/wp-content\/uploads\/2023\/02\/IMG_20230218_210633-480x360.jpg 480w\" sizes=\"(max-width: 400px) 100vw, 400px\" \/><\/h4>\n<\/div>\n<h4><span dir=\"ltr\" role=\"presentation\">Werkstatt f\u00fcr Holz, Metall und Fahrr\u00e4der:<\/span><\/h4>\n<p><strong><span dir=\"ltr\" role=\"presentation\">Holz:<\/span><\/strong> <span dir=\"ltr\" role=\"presentation\">Bretter f\u00fcr dein neues K\u00fcchenregal zuschneiden, ein <\/span><span dir=\"ltr\" role=\"presentation\">Bienenhotel bauen oder Restaurierung von einem alten M\u00f6belst\u00fcck. Bei <\/span><span dir=\"ltr\" role=\"presentation\">uns kannst du s\u00e4gen, fr\u00e4sen, bohren, hobeln, schleifen, d\u00fcbeln, <\/span><span dir=\"ltr\" role=\"presentation\">schrauben&#8230; wir haben eine sch\u00f6ne Auswahl an Handwerkzeugen und <\/span><span dir=\"ltr\" role=\"presentation\">Handmaschinen, die erlauben, fast alles aus Holz auf einem <\/span><span dir=\"ltr\" role=\"presentation\">professionellen Level zu bearbeiten.<\/span><\/p>\n<p><strong><span dir=\"ltr\" role=\"presentation\">Metall:<\/span><\/strong> <span dir=\"ltr\" role=\"presentation\">Willst du einen Fahrradanh\u00e4nger bauen oder ein <\/span><span dir=\"ltr\" role=\"presentation\">Metallregal? Du kannst bei uns schwei\u00dfen, schneiden, bohren, <\/span><span dir=\"ltr\" role=\"presentation\">fr\u00e4sen. Aus Fahrradteilen, Stahlrohren usw. kann so viel werden&#8230;<\/span><\/p>\n<p><strong><span dir=\"ltr\" role=\"presentation\">Fahrrad:<\/span><\/strong> <span dir=\"ltr\" role=\"presentation\">Reparaturwerkstatt mit einem umfassenden Angebot an <\/span><span dir=\"ltr\" role=\"presentation\">Fahrradwerkzeug und einer begrenzten Auswahl an neuen und <\/span><span dir=\"ltr\" role=\"presentation\">gebrauchten Ersatzteilen. Du kannst bei uns dein Fahrrad <\/span><span dir=\"ltr\" role=\"presentation\">reparieren oder gleich ein Neues aufbauen. (Wir haben KEINE <\/span><span dir=\"ltr\" role=\"presentation\">gebrauchten Fahrr\u00e4der bei uns und auch KEINE Fahrradleichen)<\/span><\/p>\n<p><br role=\"presentation\" \/><span dir=\"ltr\" role=\"presentation\">&#8230;Nat\u00fcrlich kann auch mit anderen Materialien, e.g. Plexiglas, <\/span><span dir=\"ltr\" role=\"presentation\">gearbeitet werden.<\/span><\/p>\n<h4><img decoding=\"async\" class=\"size-medium wp-image-7311 alignright\" src=\"https:\/\/schlor.org\/wp-content\/uploads\/2023\/02\/IMG_20230218_172051-400x300.jpg\" alt=\"\" width=\"400\" height=\"300\" srcset=\"https:\/\/schlor.org\/wp-content\/uploads\/2023\/02\/IMG_20230218_172051-400x300.jpg 400w, https:\/\/schlor.org\/wp-content\/uploads\/2023\/02\/IMG_20230218_172051-1600x1200.jpg 1600w, https:\/\/schlor.org\/wp-content\/uploads\/2023\/02\/IMG_20230218_172051-768x576.jpg 768w, https:\/\/schlor.org\/wp-content\/uploads\/2023\/02\/IMG_20230218_172051-1536x1152.jpg 1536w, https:\/\/schlor.org\/wp-content\/uploads\/2023\/02\/IMG_20230218_172051-2048x1536.jpg 2048w, https:\/\/schlor.org\/wp-content\/uploads\/2023\/02\/IMG_20230218_172051-1000x750.jpg 1000w, https:\/\/schlor.org\/wp-content\/uploads\/2023\/02\/IMG_20230218_172051-230x173.jpg 230w, https:\/\/schlor.org\/wp-content\/uploads\/2023\/02\/IMG_20230218_172051-350x263.jpg 350w, https:\/\/schlor.org\/wp-content\/uploads\/2023\/02\/IMG_20230218_172051-480x360.jpg 480w\" sizes=\"(max-width: 400px) 100vw, 400px\" \/><\/h4>\n<p><strong><span dir=\"ltr\" role=\"presentation\">Materialien und Lagerm\u00f6glichkeiten<\/span><\/strong><br role=\"presentation\" \/><span dir=\"ltr\" role=\"presentation\">Du findest bei uns einen Grundstock an Verbrauchsmaterialien (zB.: <\/span><span dir=\"ltr\" role=\"presentation\">Leim, Schrauben, Holz- und Metallreste&#8230;) vor. F\u00fcr dein <\/span><span dir=\"ltr\" role=\"presentation\">pers\u00f6nliches Projekt musst du f\u00fcr deine Materialien aber selbst <\/span><span dir=\"ltr\" role=\"presentation\">sorgen. Du kannst zB Neuteile und Materialien bestellen und zur <\/span><span dir=\"ltr\" role=\"presentation\">Werkstatt liefern lassen.<\/span><br role=\"presentation\" \/><span dir=\"ltr\" role=\"presentation\">Unsere Lagerm\u00f6glichkeiten sind begrenzt! Das bedeutet, dass wir <\/span><span dir=\"ltr\" role=\"presentation\">keine M\u00f6glichkeit haben, gro\u00dfformatige Projekte f\u00fcr einen l\u00e4ngeren <\/span><span dir=\"ltr\" role=\"presentation\">Zeitraum zu lagern.<\/span><\/p>\n<h4><br role=\"presentation\" \/><strong><span dir=\"ltr\" role=\"presentation\">Was alles geht:<\/span><\/strong><\/h4>\n<p><strong><span dir=\"ltr\" role=\"presentation\">Workshops:<\/span><\/strong> <span dir=\"ltr\" role=\"presentation\">Nutze die Werkstatt f\u00fcr einen<\/span> <span dir=\"ltr\" role=\"presentation\">Workshop<\/span> <span dir=\"ltr\" role=\"presentation\">mit mehreren <\/span><span dir=\"ltr\" role=\"presentation\">Arbeitspl\u00e4tzen.<\/span><span dir=\"ltr\" role=\"presentation\"> Suchst du einen Raum um dein <\/span><span dir=\"ltr\" role=\"presentation\">eigenes Wissen weiterzuvermitteln, kontaktiere uns einfach.<\/span><\/p>\n<p><strong><span dir=\"ltr\" role=\"presentation\">Offene Werkstatt:<\/span><\/strong> <span dir=\"ltr\" role=\"presentation\">unregelm\u00e4\u00dfig<\/span> <span dir=\"ltr\" role=\"presentation\">offene Fahrradwerkstatt<\/span><span dir=\"ltr\" role=\"presentation\">, \u00e1 la <\/span><span dir=\"ltr\" role=\"presentation\">Bikekitchen. <\/span><\/p>\n<p><span dir=\"ltr\" role=\"presentation\">Finde bestehende Termine hier im <a href=\"https:\/\/schlor.org\/en\/kalender\/\">Calendar<\/a> oder auf den diversen Social Media Kan\u00e4len.<\/span><\/p>\n<p><br role=\"presentation\" \/><strong><span dir=\"ltr\" role=\"presentation\">Werkstatt f\u00fcr Nutzer:innen von <a href=\"https:\/\/schlor.org\/en\/crap\/\">CRAP<\/a> and <a href=\"https:\/\/schlor.org\/en\/trap\/\">TRAP<\/a>:<\/span> <\/strong><span dir=\"ltr\" role=\"presentation\">Menschen aus den <\/span><span dir=\"ltr\" role=\"presentation\">Kollektiven SchloR, CRAP und TRAP k\u00f6nnen nat\u00fcrlich auch die <\/span><span dir=\"ltr\" role=\"presentation\">Werkstatt nach Absprache nutzen.<\/span><\/p>\n<h4><strong><span dir=\"ltr\" role=\"presentation\">Nutze die Werkstatt f\u00fcr dich:<\/span><\/strong><\/h4>\n<p><span dir=\"ltr\" role=\"presentation\">Du kannst dich f\u00fcr dein Projekt bei uns<\/span> <span dir=\"ltr\" role=\"presentation\">einmieten:<\/span> <span dir=\"ltr\" role=\"presentation\">stundenweise, <\/span><span dir=\"ltr\" role=\"presentation\">tageweise oder auch \u00fcber mehrere Tage. Dieses Angebot richtet sich <\/span><span dir=\"ltr\" role=\"presentation\">sowohl an Nachbar:innen, Hobbybastler:innen, als auch an <\/span><span dir=\"ltr\" role=\"presentation\">Professionals.<\/span><br role=\"presentation\" \/><span dir=\"ltr\" role=\"presentation\">Richte deine konkreten Anfragen an<\/span> <a href=\"mailto:werkstatt@crap.wien\"><span dir=\"ltr\" role=\"presentation\">werkstatt@crap.wien<\/span><\/a> <span dir=\"ltr\" role=\"presentation\">und wir <\/span><span dir=\"ltr\" role=\"presentation\">besprechen alles weitere individuell. Wir freuen uns auf <\/span><span dir=\"ltr\" role=\"presentation\">haufenweise tolle Projekte!<\/span><\/p>\n<h4><img decoding=\"async\" class=\"size-medium wp-image-7310 alignright\" src=\"https:\/\/schlor.org\/wp-content\/uploads\/2023\/02\/IMG_20220428_183648-400x300.jpg\" alt=\"\" width=\"400\" height=\"300\" srcset=\"https:\/\/schlor.org\/wp-content\/uploads\/2023\/02\/IMG_20220428_183648-400x300.jpg 400w, https:\/\/schlor.org\/wp-content\/uploads\/2023\/02\/IMG_20220428_183648-1600x1200.jpg 1600w, https:\/\/schlor.org\/wp-content\/uploads\/2023\/02\/IMG_20220428_183648-768x576.jpg 768w, https:\/\/schlor.org\/wp-content\/uploads\/2023\/02\/IMG_20220428_183648-1536x1152.jpg 1536w, https:\/\/schlor.org\/wp-content\/uploads\/2023\/02\/IMG_20220428_183648-2048x1536.jpg 2048w, https:\/\/schlor.org\/wp-content\/uploads\/2023\/02\/IMG_20220428_183648-1000x750.jpg 1000w, https:\/\/schlor.org\/wp-content\/uploads\/2023\/02\/IMG_20220428_183648-230x173.jpg 230w, https:\/\/schlor.org\/wp-content\/uploads\/2023\/02\/IMG_20220428_183648-350x263.jpg 350w, https:\/\/schlor.org\/wp-content\/uploads\/2023\/02\/IMG_20220428_183648-480x360.jpg 480w\" sizes=\"(max-width: 400px) 100vw, 400px\" \/><\/h4>\n<h4><br role=\"presentation\" \/><strong><span dir=\"ltr\" role=\"presentation\">Arbeitsweise und Grunds\u00e4tze:<\/span><\/strong><\/h4>\n<p><br role=\"presentation\" \/><span dir=\"ltr\" role=\"presentation\"><strong>Wohlf\u00fchlen<\/strong>, zurechtfinden und arbeiten:<\/span> <span dir=\"ltr\" role=\"presentation\">Unsere Werkstatt soll <\/span><span dir=\"ltr\" role=\"presentation\">flexibel und angenehm nutzbar sein. Daher legen wir Wert darauf, <\/span><span dir=\"ltr\" role=\"presentation\">dass alle Sachen ihren Platz haben und einsatzbereit sind.<\/span><br role=\"presentation\" \/><span dir=\"ltr\" role=\"presentation\">Das bedeutet f\u00fcr alle Nutzer:innen: Werkzeuge sind fachgerecht zu <\/span><span dir=\"ltr\" role=\"presentation\">benutzen und danach wieder zu verr\u00e4umen! Wenn du zB eine <\/span><span dir=\"ltr\" role=\"presentation\">Maschine\/ein Werkzeug verwenden m\u00f6chtest, die\/das du noch nicht <\/span><span dir=\"ltr\" role=\"presentation\">kennst, zeigen wir dir wie es geht. Die Werkstatt ist nur dann <\/span><span dir=\"ltr\" role=\"presentation\">alleine nutzbar, wenn du vorher eine Einf\u00fchrung bekommen hast.<\/span><\/p>\n<h4><img loading=\"lazy\" decoding=\"async\" class=\"size-medium wp-image-7309 alignright\" src=\"https:\/\/schlor.org\/wp-content\/uploads\/2023\/02\/IMG_20220422_134528-300x400.jpg\" alt=\"\" width=\"300\" height=\"400\" srcset=\"https:\/\/schlor.org\/wp-content\/uploads\/2023\/02\/IMG_20220422_134528-300x400.jpg 300w, https:\/\/schlor.org\/wp-content\/uploads\/2023\/02\/IMG_20220422_134528-900x1200.jpg 900w, https:\/\/schlor.org\/wp-content\/uploads\/2023\/02\/IMG_20220422_134528-768x1024.jpg 768w, https:\/\/schlor.org\/wp-content\/uploads\/2023\/02\/IMG_20220422_134528-1152x1536.jpg 1152w, https:\/\/schlor.org\/wp-content\/uploads\/2023\/02\/IMG_20220422_134528-1536x2048.jpg 1536w, https:\/\/schlor.org\/wp-content\/uploads\/2023\/02\/IMG_20220422_134528-1000x1333.jpg 1000w, https:\/\/schlor.org\/wp-content\/uploads\/2023\/02\/IMG_20220422_134528-230x307.jpg 230w, https:\/\/schlor.org\/wp-content\/uploads\/2023\/02\/IMG_20220422_134528-350x467.jpg 350w, https:\/\/schlor.org\/wp-content\/uploads\/2023\/02\/IMG_20220422_134528-480x640.jpg 480w, https:\/\/schlor.org\/wp-content\/uploads\/2023\/02\/IMG_20220422_134528-scaled.jpg 1920w\" sizes=\"(max-width: 300px) 100vw, 300px\" \/><\/h4>\n<p><br role=\"presentation\" \/><strong><span dir=\"ltr\" role=\"presentation\">Respektvoller Umgang:<\/span><\/strong> <span dir=\"ltr\" role=\"presentation\">Unser Anspruch ist ganz klar: anti-<\/span><span dir=\"ltr\" role=\"presentation\">diskriminatorisch und feministisch. Wir haben gar keine Geduld f\u00fcr <\/span><span dir=\"ltr\" role=\"presentation\">Macker, Mansplaining oder anderes diskriminierendes oder <\/span><span dir=\"ltr\" role=\"presentation\">arrogantes Verhalten. Wir gehen mit diesen Themen sensibel um und <\/span><span dir=\"ltr\" role=\"presentation\">erwarten das auch von allen Nutzer:innen.<\/span><\/p>\n<p><strong><span dir=\"ltr\" role=\"presentation\">F\u00fcr alle Nutzer:innen die gr\u00f6\u00dftm\u00f6gliche Sicherheit:<\/span> <\/strong><span dir=\"ltr\" role=\"presentation\">f\u00fcr neue <\/span><span dir=\"ltr\" role=\"presentation\">Nutzer:innen wird es immer eine allgemeine Einf\u00fchrung geben und <\/span><span dir=\"ltr\" role=\"presentation\">weiters, je nach Wissensstand und Vorhaben, genauere <\/span><span dir=\"ltr\" role=\"presentation\">Sicherheitseinweisungen. Das bedeutet aber keine Rundumbetreuung!<\/span><br role=\"presentation\" \/><span dir=\"ltr\" role=\"presentation\">Abgesehen von Workshops sollen Nutzer:innen nach einer <\/span><span dir=\"ltr\" role=\"presentation\">verpflichtenden Einf\u00fchrung m\u00f6glichst selbstst\u00e4ndig arbeiten <\/span><span dir=\"ltr\" role=\"presentation\">k\u00f6nnen.<\/span><\/p>\n<p><strong>Finanzierung:<\/strong> Die Werkstatt zahlt Miete, daher kostet sie auch etwas. Weil wir uns aber eine niederschwellige und zug\u00e4ngliche Werkstatt w\u00fcnschen, wollen wir auch solidarisch mit den Preisen umgehen. F\u00fcr die kommerzielle und auch f\u00fcr die nicht-kommerzielle Nutzung gelten momentan freie Preise. F\u00fcr die kommerzielle Nutzung gibt es Preisvorschl\u00e4ge, die wir euch auf Anfrage mitteilen.<\/p>\n<h3>Raumnutzung<\/h3>\n<p>Der Nutzungskalender zeigt, wann Leute vor Ort sind. Nutze den Raum gemeinsam oder vermerke die Slots wann du den Raum f\u00fcr dich alleine ben\u00f6tigst.<\/p>\n<p><iframe src=\"https:\/\/calendar.online\/7bc9cae38f07309b61cd?iframe=true\" width=\"100%\" height=\"500px\" frameborder=\"0\"><\/iframe><\/p>\n<h3>Contact<\/h3>\n<p><b>E-Mail:<\/b> <a href=\"mailto:werkstatt@crap.wien\"><strong>werkstatt@crap.wien<\/strong><\/a><\/p>\n<p><a title=\"CRAP sucht\u2026\" href=\"https:\/\/schlor.org\/en\/crap-sucht\/\">\u00a0<\/a><\/p>","protected":false},"excerpt":{"rendered":"<p>Die Werkstatt bei CRAP Eine Werkstatt f\u00fcr alle(s)! Werkstatt f\u00fcr Holz, Metall und Fahrr\u00e4der: Holz: Bretter f\u00fcr dein neues K\u00fcchenregal zuschneiden, ein [&hellip;]<\/p>","protected":false},"author":4,"featured_media":0,"parent":6458,"menu_order":0,"comment_status":"closed","ping_status":"closed","template":"elementor_header_footer","meta":{"footnotes":""},"class_list":["post-7270","page","type-page","status-publish","hentry"],"yoast_head":"<!-- This site is optimized with the Yoast SEO plugin v27.3 - https:\/\/yoast.com\/product\/yoast-seo-wordpress\/ -->\n<title>Werkstatt &#8226; SchloR<\/title>\n<meta name=\"robots\" content=\"index, follow, max-snippet:-1, max-image-preview:large, max-video-preview:-1\" \/>\n<link rel=\"canonical\" href=\"https:\/\/schlor.org\/en\/crap\/werkstatt\/\" \/>\n<meta property=\"og:locale\" content=\"en_US\" \/>\n<meta property=\"og:type\" content=\"article\" \/>\n<meta property=\"og:title\" content=\"Werkstatt &#8226; SchloR\" \/>\n<meta property=\"og:description\" content=\"Die Werkstatt bei CRAP Eine Werkstatt f\u00fcr alle(s)! Werkstatt f\u00fcr Holz, Metall und Fahrr\u00e4der: Holz: Bretter f\u00fcr dein neues K\u00fcchenregal zuschneiden, ein [&hellip;]\" \/>\n<meta property=\"og:url\" content=\"https:\/\/schlor.org\/en\/crap\/werkstatt\/\" \/>\n<meta property=\"og:site_name\" content=\"SchloR\" \/>\n<meta property=\"article:publisher\" content=\"https:\/\/www.facebook.com\/schlor.org\/\" \/>\n<meta property=\"article:modified_time\" content=\"2025-01-06T19:26:37+00:00\" \/>\n<meta property=\"og:image\" content=\"https:\/\/schlor.org\/wp-content\/uploads\/2023\/02\/IMG_20230218_210633-scaled.jpg\" \/>\n\t<meta property=\"og:image:width\" content=\"2560\" \/>\n\t<meta property=\"og:image:height\" content=\"1920\" \/>\n\t<meta property=\"og:image:type\" content=\"image\/jpeg\" \/>\n<meta name=\"twitter:card\" content=\"summary_large_image\" \/>\n<meta name=\"twitter:site\" content=\"@schlorrr\" \/>\n<meta name=\"twitter:label1\" content=\"Est. reading time\" \/>\n\t<meta name=\"twitter:data1\" content=\"4 minutes\" \/>\n<script type=\"application\/ld+json\" class=\"yoast-schema-graph\">{\"@context\":\"https:\\\/\\\/schema.org\",\"@graph\":[{\"@type\":\"WebPage\",\"@id\":\"https:\\\/\\\/schlor.org\\\/crap\\\/werkstatt\\\/\",\"url\":\"https:\\\/\\\/schlor.org\\\/crap\\\/werkstatt\\\/\",\"name\":\"Werkstatt &#8226; SchloR\",\"isPartOf\":{\"@id\":\"https:\\\/\\\/schlor.org\\\/#website\"},\"primaryImageOfPage\":{\"@id\":\"https:\\\/\\\/schlor.org\\\/crap\\\/werkstatt\\\/#primaryimage\"},\"image\":{\"@id\":\"https:\\\/\\\/schlor.org\\\/crap\\\/werkstatt\\\/#primaryimage\"},\"thumbnailUrl\":\"https:\\\/\\\/schlor.org\\\/wp-content\\\/uploads\\\/2023\\\/02\\\/IMG_20230218_210633-400x300.jpg\",\"datePublished\":\"2023-02-19T15:22:43+00:00\",\"dateModified\":\"2025-01-06T19:26:37+00:00\",\"breadcrumb\":{\"@id\":\"https:\\\/\\\/schlor.org\\\/crap\\\/werkstatt\\\/#breadcrumb\"},\"inLanguage\":\"en-US\",\"potentialAction\":[{\"@type\":\"ReadAction\",\"target\":[\"https:\\\/\\\/schlor.org\\\/crap\\\/werkstatt\\\/\"]}]},{\"@type\":\"ImageObject\",\"inLanguage\":\"en-US\",\"@id\":\"https:\\\/\\\/schlor.org\\\/crap\\\/werkstatt\\\/#primaryimage\",\"url\":\"https:\\\/\\\/schlor.org\\\/wp-content\\\/uploads\\\/2023\\\/02\\\/IMG_20230218_210633-400x300.jpg\",\"contentUrl\":\"https:\\\/\\\/schlor.org\\\/wp-content\\\/uploads\\\/2023\\\/02\\\/IMG_20230218_210633-400x300.jpg\"},{\"@type\":\"BreadcrumbList\",\"@id\":\"https:\\\/\\\/schlor.org\\\/crap\\\/werkstatt\\\/#breadcrumb\",\"itemListElement\":[{\"@type\":\"ListItem\",\"position\":1,\"name\":\"Home\",\"item\":\"https:\\\/\\\/schlor.org\\\/\"},{\"@type\":\"ListItem\",\"position\":2,\"name\":\"CRAP\",\"item\":\"https:\\\/\\\/schlor.org\\\/crap\\\/\"},{\"@type\":\"ListItem\",\"position\":3,\"name\":\"Werkstatt\"}]},{\"@type\":\"WebSite\",\"@id\":\"https:\\\/\\\/schlor.org\\\/#website\",\"url\":\"https:\\\/\\\/schlor.org\\\/\",\"name\":\"SchloR\",\"description\":\"Sch\u00f6ner leben in Wien-Simmering\",\"publisher\":{\"@id\":\"https:\\\/\\\/schlor.org\\\/#organization\"},\"potentialAction\":[{\"@type\":\"SearchAction\",\"target\":{\"@type\":\"EntryPoint\",\"urlTemplate\":\"https:\\\/\\\/schlor.org\\\/?s={search_term_string}\"},\"query-input\":{\"@type\":\"PropertyValueSpecification\",\"valueRequired\":true,\"valueName\":\"search_term_string\"}}],\"inLanguage\":\"en-US\"},{\"@type\":\"Organization\",\"@id\":\"https:\\\/\\\/schlor.org\\\/#organization\",\"name\":\"SchloR\",\"url\":\"https:\\\/\\\/schlor.org\\\/\",\"logo\":{\"@type\":\"ImageObject\",\"inLanguage\":\"en-US\",\"@id\":\"https:\\\/\\\/schlor.org\\\/#\\\/schema\\\/logo\\\/image\\\/\",\"url\":\"https:\\\/\\\/schlor.org\\\/wp-content\\\/uploads\\\/2018\\\/12\\\/SchloRLogo2.png\",\"contentUrl\":\"https:\\\/\\\/schlor.org\\\/wp-content\\\/uploads\\\/2018\\\/12\\\/SchloRLogo2.png\",\"width\":1000,\"height\":996,\"caption\":\"SchloR\"},\"image\":{\"@id\":\"https:\\\/\\\/schlor.org\\\/#\\\/schema\\\/logo\\\/image\\\/\"},\"sameAs\":[\"https:\\\/\\\/www.facebook.com\\\/schlor.org\\\/\",\"https:\\\/\\\/x.com\\\/schlorrr\",\"https:\\\/\\\/www.instagram.com\\\/schlor_\\\/\",\"https:\\\/\\\/www.youtube.com\\\/channel\\\/UCxAyLZ3SwQu7NpYVwt5fMeg\"]}]}<\/script>\n<!-- \/ Yoast SEO plugin. -->","yoast_head_json":{"title":"Werkstatt &#8226; SchloR","robots":{"index":"index","follow":"follow","max-snippet":"max-snippet:-1","max-image-preview":"max-image-preview:large","max-video-preview":"max-video-preview:-1"},"canonical":"https:\/\/schlor.org\/en\/crap\/werkstatt\/","og_locale":"en_US","og_type":"article","og_title":"Werkstatt &#8226; SchloR","og_description":"Die Werkstatt bei CRAP Eine Werkstatt f\u00fcr alle(s)! Werkstatt f\u00fcr Holz, Metall und Fahrr\u00e4der: Holz: Bretter f\u00fcr dein neues K\u00fcchenregal zuschneiden, ein [&hellip;]","og_url":"https:\/\/schlor.org\/en\/crap\/werkstatt\/","og_site_name":"SchloR","article_publisher":"https:\/\/www.facebook.com\/schlor.org\/","article_modified_time":"2025-01-06T19:26:37+00:00","og_image":[{"width":2560,"height":1920,"url":"https:\/\/schlor.org\/wp-content\/uploads\/2023\/02\/IMG_20230218_210633-scaled.jpg","type":"image\/jpeg"}],"twitter_card":"summary_large_image","twitter_site":"@schlorrr","twitter_misc":{"Est. reading time":"4 minutes"},"schema":{"@context":"https:\/\/schema.org","@graph":[{"@type":"WebPage","@id":"https:\/\/schlor.org\/crap\/werkstatt\/","url":"https:\/\/schlor.org\/crap\/werkstatt\/","name":"Werkstatt &#8226; SchloR","isPartOf":{"@id":"https:\/\/schlor.org\/#website"},"primaryImageOfPage":{"@id":"https:\/\/schlor.org\/crap\/werkstatt\/#primaryimage"},"image":{"@id":"https:\/\/schlor.org\/crap\/werkstatt\/#primaryimage"},"thumbnailUrl":"https:\/\/schlor.org\/wp-content\/uploads\/2023\/02\/IMG_20230218_210633-400x300.jpg","datePublished":"2023-02-19T15:22:43+00:00","dateModified":"2025-01-06T19:26:37+00:00","breadcrumb":{"@id":"https:\/\/schlor.org\/crap\/werkstatt\/#breadcrumb"},"inLanguage":"en-US","potentialAction":[{"@type":"ReadAction","target":["https:\/\/schlor.org\/crap\/werkstatt\/"]}]},{"@type":"ImageObject","inLanguage":"en-US","@id":"https:\/\/schlor.org\/crap\/werkstatt\/#primaryimage","url":"https:\/\/schlor.org\/wp-content\/uploads\/2023\/02\/IMG_20230218_210633-400x300.jpg","contentUrl":"https:\/\/schlor.org\/wp-content\/uploads\/2023\/02\/IMG_20230218_210633-400x300.jpg"},{"@type":"BreadcrumbList","@id":"https:\/\/schlor.org\/crap\/werkstatt\/#breadcrumb","itemListElement":[{"@type":"ListItem","position":1,"name":"Home","item":"https:\/\/schlor.org\/"},{"@type":"ListItem","position":2,"name":"CRAP","item":"https:\/\/schlor.org\/crap\/"},{"@type":"ListItem","position":3,"name":"Werkstatt"}]},{"@type":"WebSite","@id":"https:\/\/schlor.org\/#website","url":"https:\/\/schlor.org\/","name":"SchloR","description":"Sch\u00f6ner leben in Wien-Simmering","publisher":{"@id":"https:\/\/schlor.org\/#organization"},"potentialAction":[{"@type":"SearchAction","target":{"@type":"EntryPoint","urlTemplate":"https:\/\/schlor.org\/?s={search_term_string}"},"query-input":{"@type":"PropertyValueSpecification","valueRequired":true,"valueName":"search_term_string"}}],"inLanguage":"en-US"},{"@type":"Organization","@id":"https:\/\/schlor.org\/#organization","name":"SchloR","url":"https:\/\/schlor.org\/","logo":{"@type":"ImageObject","inLanguage":"en-US","@id":"https:\/\/schlor.org\/#\/schema\/logo\/image\/","url":"https:\/\/schlor.org\/wp-content\/uploads\/2018\/12\/SchloRLogo2.png","contentUrl":"https:\/\/schlor.org\/wp-content\/uploads\/2018\/12\/SchloRLogo2.png","width":1000,"height":996,"caption":"SchloR"},"image":{"@id":"https:\/\/schlor.org\/#\/schema\/logo\/image\/"},"sameAs":["https:\/\/www.facebook.com\/schlor.org\/","https:\/\/x.com\/schlorrr","https:\/\/www.instagram.com\/schlor_\/","https:\/\/www.youtube.com\/channel\/UCxAyLZ3SwQu7NpYVwt5fMeg"]}]}},"_links":{"self":[{"href":"https:\/\/schlor.org\/en\/wp-json\/wp\/v2\/pages\/7270","targetHints":{"allow":["GET"]}}],"collection":[{"href":"https:\/\/schlor.org\/en\/wp-json\/wp\/v2\/pages"}],"about":[{"href":"https:\/\/schlor.org\/en\/wp-json\/wp\/v2\/types\/page"}],"author":[{"embeddable":true,"href":"https:\/\/schlor.org\/en\/wp-json\/wp\/v2\/users\/4"}],"replies":[{"embeddable":true,"href":"https:\/\/schlor.org\/en\/wp-json\/wp\/v2\/comments?post=7270"}],"version-history":[{"count":12,"href":"https:\/\/schlor.org\/en\/wp-json\/wp\/v2\/pages\/7270\/revisions"}],"predecessor-version":[{"id":33055,"href":"https:\/\/schlor.org\/en\/wp-json\/wp\/v2\/pages\/7270\/revisions\/33055"}],"up":[{"embeddable":true,"href":"https:\/\/schlor.org\/en\/wp-json\/wp\/v2\/pages\/6458"}],"wp:attachment":[{"href":"https:\/\/schlor.org\/en\/wp-json\/wp\/v2\/media?parent=7270"}],"curies":[{"name":"wp","href":"https:\/\/api.w.org\/{rel}","templated":true}]}}