{"id":7267,"date":"2023-02-19T16:21:42","date_gmt":"2023-02-19T15:21:42","guid":{"rendered":"https:\/\/schlor.org\/?page_id=7267"},"modified":"2023-03-20T15:58:32","modified_gmt":"2023-03-20T14:58:32","slug":"toepferwerkstatt-scherben","status":"publish","type":"page","link":"https:\/\/schlor.org\/en\/crap\/toepferwerkstatt-scherben\/","title":{"rendered":"T\u00f6pferwerkstatt Scherben"},"content":{"rendered":"<h2>T\u00f6pferwerkstatt &#8222;Scherben&#8220; bei <a href=\"https:\/\/schlor.org\/en\/crap\/\">CRAP<\/a><\/h2>\n<p><img fetchpriority=\"high\" decoding=\"async\" class=\"size-medium wp-image-7537 alignleft\" src=\"https:\/\/schlor.org\/wp-content\/uploads\/2023\/03\/scherben-341x400.png\" alt=\"\" width=\"341\" height=\"400\" srcset=\"https:\/\/schlor.org\/wp-content\/uploads\/2023\/03\/scherben-341x400.png 341w, https:\/\/schlor.org\/wp-content\/uploads\/2023\/03\/scherben-230x270.png 230w, https:\/\/schlor.org\/wp-content\/uploads\/2023\/03\/scherben-350x411.png 350w, https:\/\/schlor.org\/wp-content\/uploads\/2023\/03\/scherben.png 468w\" sizes=\"(max-width: 341px) 100vw, 341px\" \/><\/p>\n<p>Die T\u00f6pferwerkstatt ist 20m\u00b2 gro\u00df und bietet ein offenes, helles Ambiente inklusive Brennofen.<\/p>\n<div id=\"1678907750.175559\" class=\"c-virtual_list__item\" tabindex=\"-1\" role=\"listitem\" aria-setsize=\"-1\" data-qa=\"virtual-list-item\" data-item-key=\"1678907750.175559\">\n<div class=\"c-message_kit__background p-message_pane_message__message c-message_kit__message p-message_pane_message__message--last p-message_pane_message__message--showing_context_bar\" role=\"presentation\" data-qa=\"message_container\" data-qa-unprocessed=\"false\" data-qa-placeholder=\"false\">\n<div class=\"c-message_kit__hover\" role=\"document\" aria-roledescription=\"Nachricht\" data-qa-hover=\"true\">\n<div class=\"c-message_kit__actions c-message_kit__actions--above\">\n<div class=\"p-autoclog__hook\">\n<div class=\"c-message_kit__gutter\">\n<div class=\"c-message_kit__gutter__right\" role=\"presentation\" data-qa=\"message_content\">\n<div class=\"c-message_kit__blocks c-message_kit__blocks--rich_text\">\n<div class=\"c-message__message_blocks c-message__message_blocks--rich_text\" data-qa=\"message-text\">\n<div class=\"p-block_kit_renderer\" data-qa=\"block-kit-renderer\">\n<div class=\"p-block_kit_renderer__block_wrapper p-block_kit_renderer__block_wrapper--first\">\n<div class=\"p-rich_text_block\" dir=\"auto\">\n<div class=\"p-rich_text_section\"><a class=\"c-link\" tabindex=\"-1\" href=\"https:\/\/instagram.com\/schoenescherben?igshid=YmMyMTA2M2Y=\" target=\"_blank\" rel=\"noopener noreferrer\" data-stringify-link=\"https:\/\/instagram.com\/schoenescherben?igshid=YmMyMTA2M2Y=\" data-sk=\"tooltip_parent\" data-remove-tab-index=\"true\">Sch\u00f6ne Scherben auf Instagram<\/a>\u00a0 \u00a0 <a href=\"https:\/\/www.instagram.com\/schoenescherben\" target=\"_blank\" rel=\"noopener\"><img decoding=\"async\" class=\"alignnone wp-image-4475\" src=\"https:\/\/schlor.org\/wp-content\/uploads\/2018\/11\/insta-logo-400x270.jpg\" alt=\"\" width=\"89\" height=\"60\" srcset=\"https:\/\/schlor.org\/wp-content\/uploads\/2018\/11\/insta-logo-400x270.jpg 400w, https:\/\/schlor.org\/wp-content\/uploads\/2018\/11\/insta-logo-768x517.jpg 768w, https:\/\/schlor.org\/wp-content\/uploads\/2018\/11\/insta-logo-230x155.jpg 230w, https:\/\/schlor.org\/wp-content\/uploads\/2018\/11\/insta-logo-350x236.jpg 350w, https:\/\/schlor.org\/wp-content\/uploads\/2018\/11\/insta-logo-480x323.jpg 480w, https:\/\/schlor.org\/wp-content\/uploads\/2018\/11\/insta-logo.jpg 800w\" sizes=\"(max-width: 89px) 100vw, 89px\" \/><\/a><\/div>\n<\/div>\n<\/div>\n<\/div>\n<\/div>\n<\/div>\n<\/div>\n<\/div>\n<\/div>\n<\/div>\n<\/div>\n<\/div>\n<\/div>\n<h3>Contact<\/h3>\n<p><b>E-Mail:<\/b> <a href=\"mailto:scherben@crap.wien\"><strong>scherben@crap.wien<\/strong><\/a><\/p>\n<h4>\u00a0<\/h4>\n<p>\u00a0<\/p>\n<p><a title=\"CRAP sucht\u2026\" href=\"https:\/\/schlor.org\/en\/crap-sucht\/\"><img decoding=\"async\" class=\"alignnone  wp-image-7891\" src=\"https:\/\/schlor.org\/wp-content\/uploads\/2023\/03\/IMG_20230319_160200-400x300.jpg\" alt=\"\" width=\"788\" height=\"591\" srcset=\"https:\/\/schlor.org\/wp-content\/uploads\/2023\/03\/IMG_20230319_160200-400x300.jpg 400w, https:\/\/schlor.org\/wp-content\/uploads\/2023\/03\/IMG_20230319_160200-1600x1200.jpg 1600w, https:\/\/schlor.org\/wp-content\/uploads\/2023\/03\/IMG_20230319_160200-768x576.jpg 768w, https:\/\/schlor.org\/wp-content\/uploads\/2023\/03\/IMG_20230319_160200-1536x1152.jpg 1536w, https:\/\/schlor.org\/wp-content\/uploads\/2023\/03\/IMG_20230319_160200-2048x1536.jpg 2048w, https:\/\/schlor.org\/wp-content\/uploads\/2023\/03\/IMG_20230319_160200-1000x750.jpg 1000w, https:\/\/schlor.org\/wp-content\/uploads\/2023\/03\/IMG_20230319_160200-230x173.jpg 230w, https:\/\/schlor.org\/wp-content\/uploads\/2023\/03\/IMG_20230319_160200-350x263.jpg 350w, https:\/\/schlor.org\/wp-content\/uploads\/2023\/03\/IMG_20230319_160200-480x360.jpg 480w\" sizes=\"(max-width: 788px) 100vw, 788px\" \/><br \/><br \/><\/a><\/p>\n\n\n<p><\/p>","protected":false},"excerpt":{"rendered":"<p>T\u00f6pferwerkstatt &#8222;Scherben&#8220; bei CRAP Die T\u00f6pferwerkstatt ist 20m\u00b2 gro\u00df und bietet ein offenes, helles Ambiente inklusive Brennofen. Sch\u00f6ne Scherben auf Instagram\u00a0 \u00a0 [&hellip;]<\/p>","protected":false},"author":4,"featured_media":0,"parent":6458,"menu_order":0,"comment_status":"closed","ping_status":"closed","template":"elementor_header_footer","meta":{"footnotes":""},"class_list":["post-7267","page","type-page","status-publish","hentry"],"yoast_head":"<!-- This site is optimized with the Yoast SEO plugin v27.5 - https:\/\/yoast.com\/product\/yoast-seo-wordpress\/ -->\n<title>T\u00f6pferwerkstatt Scherben &#8226; SchloR<\/title>\n<meta name=\"robots\" content=\"index, follow, max-snippet:-1, max-image-preview:large, max-video-preview:-1\" \/>\n<link rel=\"canonical\" href=\"https:\/\/schlor.org\/en\/crap\/toepferwerkstatt-scherben\/\" \/>\n<meta property=\"og:locale\" content=\"en_US\" \/>\n<meta property=\"og:type\" content=\"article\" \/>\n<meta property=\"og:title\" content=\"T\u00f6pferwerkstatt Scherben &#8226; SchloR\" \/>\n<meta property=\"og:description\" content=\"T\u00f6pferwerkstatt &#8222;Scherben&#8220; bei CRAP Die T\u00f6pferwerkstatt ist 20m\u00b2 gro\u00df und bietet ein offenes, helles Ambiente inklusive Brennofen. Sch\u00f6ne Scherben auf Instagram\u00a0 \u00a0 [&hellip;]\" \/>\n<meta property=\"og:url\" content=\"https:\/\/schlor.org\/en\/crap\/toepferwerkstatt-scherben\/\" \/>\n<meta property=\"og:site_name\" content=\"SchloR\" \/>\n<meta property=\"article:publisher\" content=\"https:\/\/www.facebook.com\/schlor.org\/\" \/>\n<meta property=\"article:modified_time\" content=\"2023-03-20T14:58:32+00:00\" \/>\n<meta property=\"og:image\" content=\"https:\/\/schlor.org\/wp-content\/uploads\/2023\/03\/scherben-341x400.png\" \/>\n<meta name=\"twitter:card\" content=\"summary_large_image\" \/>\n<meta name=\"twitter:site\" content=\"@schlorrr\" \/>\n<meta name=\"twitter:label1\" content=\"Est. reading time\" \/>\n\t<meta name=\"twitter:data1\" content=\"1 minute\" \/>\n<script type=\"application\/ld+json\" class=\"yoast-schema-graph\">{\"@context\":\"https:\\\/\\\/schema.org\",\"@graph\":[{\"@type\":\"WebPage\",\"@id\":\"https:\\\/\\\/schlor.org\\\/crap\\\/toepferwerkstatt-scherben\\\/\",\"url\":\"https:\\\/\\\/schlor.org\\\/crap\\\/toepferwerkstatt-scherben\\\/\",\"name\":\"T\u00f6pferwerkstatt Scherben &#8226; SchloR\",\"isPartOf\":{\"@id\":\"https:\\\/\\\/schlor.org\\\/#website\"},\"primaryImageOfPage\":{\"@id\":\"https:\\\/\\\/schlor.org\\\/crap\\\/toepferwerkstatt-scherben\\\/#primaryimage\"},\"image\":{\"@id\":\"https:\\\/\\\/schlor.org\\\/crap\\\/toepferwerkstatt-scherben\\\/#primaryimage\"},\"thumbnailUrl\":\"https:\\\/\\\/schlor.org\\\/wp-content\\\/uploads\\\/2023\\\/03\\\/scherben-341x400.png\",\"datePublished\":\"2023-02-19T15:21:42+00:00\",\"dateModified\":\"2023-03-20T14:58:32+00:00\",\"breadcrumb\":{\"@id\":\"https:\\\/\\\/schlor.org\\\/crap\\\/toepferwerkstatt-scherben\\\/#breadcrumb\"},\"inLanguage\":\"en-US\",\"potentialAction\":[{\"@type\":\"ReadAction\",\"target\":[\"https:\\\/\\\/schlor.org\\\/crap\\\/toepferwerkstatt-scherben\\\/\"]}]},{\"@type\":\"ImageObject\",\"inLanguage\":\"en-US\",\"@id\":\"https:\\\/\\\/schlor.org\\\/crap\\\/toepferwerkstatt-scherben\\\/#primaryimage\",\"url\":\"https:\\\/\\\/schlor.org\\\/wp-content\\\/uploads\\\/2023\\\/03\\\/scherben-341x400.png\",\"contentUrl\":\"https:\\\/\\\/schlor.org\\\/wp-content\\\/uploads\\\/2023\\\/03\\\/scherben-341x400.png\"},{\"@type\":\"BreadcrumbList\",\"@id\":\"https:\\\/\\\/schlor.org\\\/crap\\\/toepferwerkstatt-scherben\\\/#breadcrumb\",\"itemListElement\":[{\"@type\":\"ListItem\",\"position\":1,\"name\":\"Home\",\"item\":\"https:\\\/\\\/schlor.org\\\/\"},{\"@type\":\"ListItem\",\"position\":2,\"name\":\"CRAP\",\"item\":\"https:\\\/\\\/schlor.org\\\/crap\\\/\"},{\"@type\":\"ListItem\",\"position\":3,\"name\":\"T\u00f6pferwerkstatt Scherben\"}]},{\"@type\":\"WebSite\",\"@id\":\"https:\\\/\\\/schlor.org\\\/#website\",\"url\":\"https:\\\/\\\/schlor.org\\\/\",\"name\":\"SchloR\",\"description\":\"Sch\u00f6ner leben in Wien-Simmering\",\"publisher\":{\"@id\":\"https:\\\/\\\/schlor.org\\\/#organization\"},\"potentialAction\":[{\"@type\":\"SearchAction\",\"target\":{\"@type\":\"EntryPoint\",\"urlTemplate\":\"https:\\\/\\\/schlor.org\\\/?s={search_term_string}\"},\"query-input\":{\"@type\":\"PropertyValueSpecification\",\"valueRequired\":true,\"valueName\":\"search_term_string\"}}],\"inLanguage\":\"en-US\"},{\"@type\":\"Organization\",\"@id\":\"https:\\\/\\\/schlor.org\\\/#organization\",\"name\":\"SchloR\",\"url\":\"https:\\\/\\\/schlor.org\\\/\",\"logo\":{\"@type\":\"ImageObject\",\"inLanguage\":\"en-US\",\"@id\":\"https:\\\/\\\/schlor.org\\\/#\\\/schema\\\/logo\\\/image\\\/\",\"url\":\"https:\\\/\\\/schlor.org\\\/wp-content\\\/uploads\\\/2018\\\/12\\\/SchloRLogo2.png\",\"contentUrl\":\"https:\\\/\\\/schlor.org\\\/wp-content\\\/uploads\\\/2018\\\/12\\\/SchloRLogo2.png\",\"width\":1000,\"height\":996,\"caption\":\"SchloR\"},\"image\":{\"@id\":\"https:\\\/\\\/schlor.org\\\/#\\\/schema\\\/logo\\\/image\\\/\"},\"sameAs\":[\"https:\\\/\\\/www.facebook.com\\\/schlor.org\\\/\",\"https:\\\/\\\/x.com\\\/schlorrr\",\"https:\\\/\\\/www.instagram.com\\\/schlor_\\\/\",\"https:\\\/\\\/www.youtube.com\\\/channel\\\/UCxAyLZ3SwQu7NpYVwt5fMeg\"]}]}<\/script>\n<!-- \/ Yoast SEO plugin. -->","yoast_head_json":{"title":"T\u00f6pferwerkstatt Scherben &#8226; SchloR","robots":{"index":"index","follow":"follow","max-snippet":"max-snippet:-1","max-image-preview":"max-image-preview:large","max-video-preview":"max-video-preview:-1"},"canonical":"https:\/\/schlor.org\/en\/crap\/toepferwerkstatt-scherben\/","og_locale":"en_US","og_type":"article","og_title":"T\u00f6pferwerkstatt Scherben &#8226; SchloR","og_description":"T\u00f6pferwerkstatt &#8222;Scherben&#8220; bei CRAP Die T\u00f6pferwerkstatt ist 20m\u00b2 gro\u00df und bietet ein offenes, helles Ambiente inklusive Brennofen. Sch\u00f6ne Scherben auf Instagram\u00a0 \u00a0 [&hellip;]","og_url":"https:\/\/schlor.org\/en\/crap\/toepferwerkstatt-scherben\/","og_site_name":"SchloR","article_publisher":"https:\/\/www.facebook.com\/schlor.org\/","article_modified_time":"2023-03-20T14:58:32+00:00","og_image":[{"url":"https:\/\/schlor.org\/wp-content\/uploads\/2023\/03\/scherben-341x400.png","type":"","width":"","height":""}],"twitter_card":"summary_large_image","twitter_site":"@schlorrr","twitter_misc":{"Est. reading time":"1 minute"},"schema":{"@context":"https:\/\/schema.org","@graph":[{"@type":"WebPage","@id":"https:\/\/schlor.org\/crap\/toepferwerkstatt-scherben\/","url":"https:\/\/schlor.org\/crap\/toepferwerkstatt-scherben\/","name":"T\u00f6pferwerkstatt Scherben &#8226; SchloR","isPartOf":{"@id":"https:\/\/schlor.org\/#website"},"primaryImageOfPage":{"@id":"https:\/\/schlor.org\/crap\/toepferwerkstatt-scherben\/#primaryimage"},"image":{"@id":"https:\/\/schlor.org\/crap\/toepferwerkstatt-scherben\/#primaryimage"},"thumbnailUrl":"https:\/\/schlor.org\/wp-content\/uploads\/2023\/03\/scherben-341x400.png","datePublished":"2023-02-19T15:21:42+00:00","dateModified":"2023-03-20T14:58:32+00:00","breadcrumb":{"@id":"https:\/\/schlor.org\/crap\/toepferwerkstatt-scherben\/#breadcrumb"},"inLanguage":"en-US","potentialAction":[{"@type":"ReadAction","target":["https:\/\/schlor.org\/crap\/toepferwerkstatt-scherben\/"]}]},{"@type":"ImageObject","inLanguage":"en-US","@id":"https:\/\/schlor.org\/crap\/toepferwerkstatt-scherben\/#primaryimage","url":"https:\/\/schlor.org\/wp-content\/uploads\/2023\/03\/scherben-341x400.png","contentUrl":"https:\/\/schlor.org\/wp-content\/uploads\/2023\/03\/scherben-341x400.png"},{"@type":"BreadcrumbList","@id":"https:\/\/schlor.org\/crap\/toepferwerkstatt-scherben\/#breadcrumb","itemListElement":[{"@type":"ListItem","position":1,"name":"Home","item":"https:\/\/schlor.org\/"},{"@type":"ListItem","position":2,"name":"CRAP","item":"https:\/\/schlor.org\/crap\/"},{"@type":"ListItem","position":3,"name":"T\u00f6pferwerkstatt Scherben"}]},{"@type":"WebSite","@id":"https:\/\/schlor.org\/#website","url":"https:\/\/schlor.org\/","name":"SchloR","description":"Sch\u00f6ner leben in Wien-Simmering","publisher":{"@id":"https:\/\/schlor.org\/#organization"},"potentialAction":[{"@type":"SearchAction","target":{"@type":"EntryPoint","urlTemplate":"https:\/\/schlor.org\/?s={search_term_string}"},"query-input":{"@type":"PropertyValueSpecification","valueRequired":true,"valueName":"search_term_string"}}],"inLanguage":"en-US"},{"@type":"Organization","@id":"https:\/\/schlor.org\/#organization","name":"SchloR","url":"https:\/\/schlor.org\/","logo":{"@type":"ImageObject","inLanguage":"en-US","@id":"https:\/\/schlor.org\/#\/schema\/logo\/image\/","url":"https:\/\/schlor.org\/wp-content\/uploads\/2018\/12\/SchloRLogo2.png","contentUrl":"https:\/\/schlor.org\/wp-content\/uploads\/2018\/12\/SchloRLogo2.png","width":1000,"height":996,"caption":"SchloR"},"image":{"@id":"https:\/\/schlor.org\/#\/schema\/logo\/image\/"},"sameAs":["https:\/\/www.facebook.com\/schlor.org\/","https:\/\/x.com\/schlorrr","https:\/\/www.instagram.com\/schlor_\/","https:\/\/www.youtube.com\/channel\/UCxAyLZ3SwQu7NpYVwt5fMeg"]}]}},"_links":{"self":[{"href":"https:\/\/schlor.org\/en\/wp-json\/wp\/v2\/pages\/7267","targetHints":{"allow":["GET"]}}],"collection":[{"href":"https:\/\/schlor.org\/en\/wp-json\/wp\/v2\/pages"}],"about":[{"href":"https:\/\/schlor.org\/en\/wp-json\/wp\/v2\/types\/page"}],"author":[{"embeddable":true,"href":"https:\/\/schlor.org\/en\/wp-json\/wp\/v2\/users\/4"}],"replies":[{"embeddable":true,"href":"https:\/\/schlor.org\/en\/wp-json\/wp\/v2\/comments?post=7267"}],"version-history":[{"count":7,"href":"https:\/\/schlor.org\/en\/wp-json\/wp\/v2\/pages\/7267\/revisions"}],"predecessor-version":[{"id":7892,"href":"https:\/\/schlor.org\/en\/wp-json\/wp\/v2\/pages\/7267\/revisions\/7892"}],"up":[{"embeddable":true,"href":"https:\/\/schlor.org\/en\/wp-json\/wp\/v2\/pages\/6458"}],"wp:attachment":[{"href":"https:\/\/schlor.org\/en\/wp-json\/wp\/v2\/media?parent=7267"}],"curies":[{"name":"wp","href":"https:\/\/api.w.org\/{rel}","templated":true}]}}