{"id":6458,"date":"2022-04-18T23:30:41","date_gmt":"2022-04-18T21:30:41","guid":{"rendered":"https:\/\/schlor.org\/?page_id=6458"},"modified":"2025-01-06T18:45:20","modified_gmt":"2025-01-06T17:45:20","slug":"crap","status":"publish","type":"page","link":"https:\/\/schlor.org\/en\/crap\/","title":{"rendered":"CRAP"},"content":{"rendered":"<div data-elementor-type=\"wp-post\" data-elementor-id=\"6458\" class=\"elementor elementor-6458\">\n\t\t\t\t\t\t<section class=\"elementor-section elementor-top-section elementor-element elementor-element-286cd79 elementor-section-boxed elementor-section-height-default elementor-section-height-default\" data-id=\"286cd79\" data-element_type=\"section\" data-e-type=\"section\">\n\t\t\t\t\t\t<div class=\"elementor-container elementor-column-gap-default\">\n\t\t\t\t\t<div class=\"elementor-column elementor-col-100 elementor-top-column elementor-element elementor-element-2351108\" data-id=\"2351108\" data-element_type=\"column\" data-e-type=\"column\">\n\t\t\t<div class=\"elementor-widget-wrap elementor-element-populated\">\n\t\t\t\t\t\t<div class=\"elementor-element elementor-element-659b858 elementor-widget elementor-widget-spacer\" data-id=\"659b858\" data-element_type=\"widget\" data-e-type=\"widget\" data-widget_type=\"spacer.default\">\n\t\t\t\t<div class=\"elementor-widget-container\">\n\t\t\t\t\t\t\t<div class=\"elementor-spacer\">\n\t\t\t<div class=\"elementor-spacer-inner\"><\/div>\n\t\t<\/div>\n\t\t\t\t\t\t<\/div>\n\t\t\t\t<\/div>\n\t\t\t\t<div class=\"elementor-element elementor-element-ab8b0a8 elementor-widget elementor-widget-heading\" data-id=\"ab8b0a8\" data-element_type=\"widget\" data-e-type=\"widget\" data-widget_type=\"heading.default\">\n\t\t\t\t<div class=\"elementor-widget-container\">\n\t\t\t\t\t<h2 class=\"elementor-heading-title elementor-size-default\">CRAP \u2013 Creatives @ rappach alley<\/h2>\t\t\t\t<\/div>\n\t\t\t\t<\/div>\n\t\t\t\t\t<\/div>\n\t\t<\/div>\n\t\t\t\t\t<\/div>\n\t\t<\/section>\n\t\t\t\t<section class=\"elementor-section elementor-top-section elementor-element elementor-element-941f446 elementor-section-boxed elementor-section-height-default elementor-section-height-default\" data-id=\"941f446\" data-element_type=\"section\" data-e-type=\"section\">\n\t\t\t\t\t\t<div class=\"elementor-container elementor-column-gap-default\">\n\t\t\t\t\t<div class=\"elementor-column elementor-col-50 elementor-top-column elementor-element elementor-element-e386b3f\" data-id=\"e386b3f\" data-element_type=\"column\" data-e-type=\"column\">\n\t\t\t<div class=\"elementor-widget-wrap elementor-element-populated\">\n\t\t\t\t\t\t<div class=\"elementor-element elementor-element-4b2d50c elementor-widget elementor-widget-text-editor\" data-id=\"4b2d50c\" data-element_type=\"widget\" data-e-type=\"widget\" data-widget_type=\"text-editor.default\">\n\t\t\t\t<div class=\"elementor-widget-container\">\n\t\t\t\t\t\t\t\t\t<p>CRAP ist ein unser Kreativzentrum und betreibt:<\/p>\n<ul>\n<li>eine <a href=\"https:\/\/schlor.org\/en\/crap\/werkstatt\/\">Workshop<\/a><\/li>\n<li>einen <a href=\"https:\/\/schlor.org\/en\/crap\/seminarraum\/\">Seminar room<\/a><\/li>\n<li>einen <a href=\"https:\/\/schlor.org\/en\/crap\/veranstaltungsraum\/\">Event space<\/a><\/li>\n<li><a href=\"https:\/\/schlor.org\/en\/crap\/noise\/\">Prober\u00e4ume und ein Tonstudio<\/a><\/li>\n<li><a href=\"https:\/\/schlor.org\/en\/crap\/ateliers\/\">Studios<\/a><\/li>\n\n\n<\/ul>\n<p>\u2013 sprich alle Fl\u00e4chen, die gewerblich und f\u00fcr kreative Zwecke genutzt werden k\u00f6nnen. Das alles m\u00f6glichst niederschwellig nutzbar!<\/p>\n<p>Aktuelle Termine und Informationen zur Raumnutzung finden sich auf den jeweiligen Seiten und im <a href=\"https:\/\/schlor.org\/en\/kalender\/\">Calendar<\/a>.<\/p>\t\t\t\t\t\t\t\t<\/div>\n\t\t\t\t<\/div>\n\t\t\t\t\t<\/div>\n\t\t<\/div>\n\t\t\t\t<div class=\"elementor-column elementor-col-50 elementor-top-column elementor-element elementor-element-71f2d23\" data-id=\"71f2d23\" data-element_type=\"column\" data-e-type=\"column\">\n\t\t\t<div class=\"elementor-widget-wrap elementor-element-populated\">\n\t\t\t\t\t\t<div class=\"elementor-element elementor-element-cc5752f elementor-widget elementor-widget-image\" data-id=\"cc5752f\" data-element_type=\"widget\" data-e-type=\"widget\" data-widget_type=\"image.default\">\n\t\t\t\t<div class=\"elementor-widget-container\">\n\t\t\t\t\t\t\t\t\t\t\t\t\t\t\t\t<a href=\"\/en\/crap\/\">\n\t\t\t\t\t\t\t<img fetchpriority=\"high\" decoding=\"async\" width=\"400\" height=\"400\" src=\"https:\/\/schlor.org\/wp-content\/uploads\/2022\/02\/CRAP_Oktober_2021-400x400.jpg\" class=\"attachment-medium size-medium wp-image-6354\" alt=\"\" srcset=\"https:\/\/schlor.org\/wp-content\/uploads\/2022\/02\/CRAP_Oktober_2021-400x400.jpg 400w, https:\/\/schlor.org\/wp-content\/uploads\/2022\/02\/CRAP_Oktober_2021-150x150.jpg 150w, https:\/\/schlor.org\/wp-content\/uploads\/2022\/02\/CRAP_Oktober_2021-768x768.jpg 768w, https:\/\/schlor.org\/wp-content\/uploads\/2022\/02\/CRAP_Oktober_2021-920x920.jpg 920w, https:\/\/schlor.org\/wp-content\/uploads\/2022\/02\/CRAP_Oktober_2021-230x230.jpg 230w, https:\/\/schlor.org\/wp-content\/uploads\/2022\/02\/CRAP_Oktober_2021-350x350.jpg 350w, https:\/\/schlor.org\/wp-content\/uploads\/2022\/02\/CRAP_Oktober_2021-480x480.jpg 480w, https:\/\/schlor.org\/wp-content\/uploads\/2022\/02\/CRAP_Oktober_2021.jpg 1080w\" sizes=\"(max-width: 400px) 100vw, 400px\" \/>\t\t\t\t\t\t\t\t<\/a>\n\t\t\t\t\t\t\t\t\t\t\t\t\t\t\t<\/div>\n\t\t\t\t<\/div>\n\t\t\t\t\t<\/div>\n\t\t<\/div>\n\t\t\t\t\t<\/div>\n\t\t<\/section>\n\t\t\t\t<section class=\"elementor-section elementor-top-section elementor-element elementor-element-365d452 elementor-section-boxed elementor-section-height-default elementor-section-height-default\" data-id=\"365d452\" data-element_type=\"section\" data-e-type=\"section\">\n\t\t\t\t\t\t<div class=\"elementor-container elementor-column-gap-default\">\n\t\t\t\t\t<div class=\"elementor-column elementor-col-100 elementor-top-column elementor-element elementor-element-1d28cf4\" data-id=\"1d28cf4\" data-element_type=\"column\" data-e-type=\"column\">\n\t\t\t<div class=\"elementor-widget-wrap elementor-element-populated\">\n\t\t\t\t\t\t<div class=\"elementor-element elementor-element-857ac84 elementor-widget elementor-widget-heading\" data-id=\"857ac84\" data-element_type=\"widget\" data-e-type=\"widget\" data-widget_type=\"heading.default\">\n\t\t\t\t<div class=\"elementor-widget-container\">\n\t\t\t\t\t<h3 class=\"elementor-heading-title elementor-size-default\">Contact<\/h3>\t\t\t\t<\/div>\n\t\t\t\t<\/div>\n\t\t\t\t<div class=\"elementor-element elementor-element-6da7a2e elementor-widget elementor-widget-text-editor\" data-id=\"6da7a2e\" data-element_type=\"widget\" data-e-type=\"widget\" data-widget_type=\"text-editor.default\">\n\t\t\t\t<div class=\"elementor-widget-container\">\n\t\t\t\t\t\t\t\t\t<p><b>E-Mail:<\/b> <a href=\"mailto:anfrage@crap.wien\"><strong><span style=\"color: #317c84;\">anfrage@crap.wien<\/span><\/strong><\/a><\/p>\t\t\t\t\t\t\t\t<\/div>\n\t\t\t\t<\/div>\n\t\t\t\t\t<\/div>\n\t\t<\/div>\n\t\t\t\t\t<\/div>\n\t\t<\/section>\n\t\t\t\t<\/div>","protected":false},"excerpt":{"rendered":"<p>CRAP \u2013 Creatives @ Rappachgasse CRAP ist ein unser Kreativzentrum und betreibt: eine Werkstatt einen Seminarraum einen Veranstaltungsraum Prober\u00e4ume und ein Tonstudio [&hellip;]<\/p>","protected":false},"author":6,"featured_media":0,"parent":0,"menu_order":0,"comment_status":"closed","ping_status":"closed","template":"elementor_header_footer","meta":{"footnotes":""},"class_list":["post-6458","page","type-page","status-publish","hentry"],"yoast_head":"<!-- This site is optimized with the Yoast SEO plugin v27.3 - https:\/\/yoast.com\/product\/yoast-seo-wordpress\/ -->\n<title>CRAP &#8226; SchloR<\/title>\n<meta name=\"robots\" content=\"index, follow, max-snippet:-1, max-image-preview:large, max-video-preview:-1\" \/>\n<link rel=\"canonical\" href=\"https:\/\/schlor.org\/en\/crap\/\" \/>\n<meta property=\"og:locale\" content=\"en_US\" \/>\n<meta property=\"og:type\" content=\"article\" \/>\n<meta property=\"og:title\" content=\"CRAP &#8226; SchloR\" \/>\n<meta property=\"og:description\" content=\"CRAP \u2013 Creatives @ Rappachgasse CRAP ist ein unser Kreativzentrum und betreibt: eine Werkstatt einen Seminarraum einen Veranstaltungsraum Prober\u00e4ume und ein Tonstudio [&hellip;]\" \/>\n<meta property=\"og:url\" content=\"https:\/\/schlor.org\/en\/crap\/\" \/>\n<meta property=\"og:site_name\" content=\"SchloR\" \/>\n<meta property=\"article:publisher\" content=\"https:\/\/www.facebook.com\/schlor.org\/\" \/>\n<meta property=\"article:modified_time\" content=\"2025-01-06T17:45:20+00:00\" \/>\n<meta property=\"og:image\" content=\"https:\/\/schlor.org\/wp-content\/uploads\/2022\/02\/CRAP_Oktober_2021.jpg\" \/>\n\t<meta property=\"og:image:width\" content=\"1080\" \/>\n\t<meta property=\"og:image:height\" content=\"1080\" \/>\n\t<meta property=\"og:image:type\" content=\"image\/jpeg\" \/>\n<meta name=\"twitter:card\" content=\"summary_large_image\" \/>\n<meta name=\"twitter:site\" content=\"@schlorrr\" \/>\n<meta name=\"twitter:label1\" content=\"Est. reading time\" \/>\n\t<meta name=\"twitter:data1\" content=\"1 minute\" \/>\n<script type=\"application\/ld+json\" class=\"yoast-schema-graph\">{\"@context\":\"https:\\\/\\\/schema.org\",\"@graph\":[{\"@type\":\"WebPage\",\"@id\":\"https:\\\/\\\/schlor.org\\\/crap\\\/\",\"url\":\"https:\\\/\\\/schlor.org\\\/crap\\\/\",\"name\":\"CRAP &#8226; SchloR\",\"isPartOf\":{\"@id\":\"https:\\\/\\\/schlor.org\\\/#website\"},\"primaryImageOfPage\":{\"@id\":\"https:\\\/\\\/schlor.org\\\/crap\\\/#primaryimage\"},\"image\":{\"@id\":\"https:\\\/\\\/schlor.org\\\/crap\\\/#primaryimage\"},\"thumbnailUrl\":\"https:\\\/\\\/schlor.org\\\/wp-content\\\/uploads\\\/2022\\\/02\\\/CRAP_Oktober_2021-400x400.jpg\",\"datePublished\":\"2022-04-18T21:30:41+00:00\",\"dateModified\":\"2025-01-06T17:45:20+00:00\",\"breadcrumb\":{\"@id\":\"https:\\\/\\\/schlor.org\\\/crap\\\/#breadcrumb\"},\"inLanguage\":\"en-US\",\"potentialAction\":[{\"@type\":\"ReadAction\",\"target\":[\"https:\\\/\\\/schlor.org\\\/crap\\\/\"]}]},{\"@type\":\"ImageObject\",\"inLanguage\":\"en-US\",\"@id\":\"https:\\\/\\\/schlor.org\\\/crap\\\/#primaryimage\",\"url\":\"https:\\\/\\\/schlor.org\\\/wp-content\\\/uploads\\\/2022\\\/02\\\/CRAP_Oktober_2021-400x400.jpg\",\"contentUrl\":\"https:\\\/\\\/schlor.org\\\/wp-content\\\/uploads\\\/2022\\\/02\\\/CRAP_Oktober_2021-400x400.jpg\"},{\"@type\":\"BreadcrumbList\",\"@id\":\"https:\\\/\\\/schlor.org\\\/crap\\\/#breadcrumb\",\"itemListElement\":[{\"@type\":\"ListItem\",\"position\":1,\"name\":\"Home\",\"item\":\"https:\\\/\\\/schlor.org\\\/\"},{\"@type\":\"ListItem\",\"position\":2,\"name\":\"CRAP\"}]},{\"@type\":\"WebSite\",\"@id\":\"https:\\\/\\\/schlor.org\\\/#website\",\"url\":\"https:\\\/\\\/schlor.org\\\/\",\"name\":\"SchloR\",\"description\":\"Sch\u00f6ner leben in Wien-Simmering\",\"publisher\":{\"@id\":\"https:\\\/\\\/schlor.org\\\/#organization\"},\"potentialAction\":[{\"@type\":\"SearchAction\",\"target\":{\"@type\":\"EntryPoint\",\"urlTemplate\":\"https:\\\/\\\/schlor.org\\\/?s={search_term_string}\"},\"query-input\":{\"@type\":\"PropertyValueSpecification\",\"valueRequired\":true,\"valueName\":\"search_term_string\"}}],\"inLanguage\":\"en-US\"},{\"@type\":\"Organization\",\"@id\":\"https:\\\/\\\/schlor.org\\\/#organization\",\"name\":\"SchloR\",\"url\":\"https:\\\/\\\/schlor.org\\\/\",\"logo\":{\"@type\":\"ImageObject\",\"inLanguage\":\"en-US\",\"@id\":\"https:\\\/\\\/schlor.org\\\/#\\\/schema\\\/logo\\\/image\\\/\",\"url\":\"https:\\\/\\\/schlor.org\\\/wp-content\\\/uploads\\\/2018\\\/12\\\/SchloRLogo2.png\",\"contentUrl\":\"https:\\\/\\\/schlor.org\\\/wp-content\\\/uploads\\\/2018\\\/12\\\/SchloRLogo2.png\",\"width\":1000,\"height\":996,\"caption\":\"SchloR\"},\"image\":{\"@id\":\"https:\\\/\\\/schlor.org\\\/#\\\/schema\\\/logo\\\/image\\\/\"},\"sameAs\":[\"https:\\\/\\\/www.facebook.com\\\/schlor.org\\\/\",\"https:\\\/\\\/x.com\\\/schlorrr\",\"https:\\\/\\\/www.instagram.com\\\/schlor_\\\/\",\"https:\\\/\\\/www.youtube.com\\\/channel\\\/UCxAyLZ3SwQu7NpYVwt5fMeg\"]}]}<\/script>\n<!-- \/ Yoast SEO plugin. -->","yoast_head_json":{"title":"CRAP &#8226; SchloR","robots":{"index":"index","follow":"follow","max-snippet":"max-snippet:-1","max-image-preview":"max-image-preview:large","max-video-preview":"max-video-preview:-1"},"canonical":"https:\/\/schlor.org\/en\/crap\/","og_locale":"en_US","og_type":"article","og_title":"CRAP &#8226; SchloR","og_description":"CRAP \u2013 Creatives @ Rappachgasse CRAP ist ein unser Kreativzentrum und betreibt: eine Werkstatt einen Seminarraum einen Veranstaltungsraum Prober\u00e4ume und ein Tonstudio [&hellip;]","og_url":"https:\/\/schlor.org\/en\/crap\/","og_site_name":"SchloR","article_publisher":"https:\/\/www.facebook.com\/schlor.org\/","article_modified_time":"2025-01-06T17:45:20+00:00","og_image":[{"width":1080,"height":1080,"url":"https:\/\/schlor.org\/wp-content\/uploads\/2022\/02\/CRAP_Oktober_2021.jpg","type":"image\/jpeg"}],"twitter_card":"summary_large_image","twitter_site":"@schlorrr","twitter_misc":{"Est. reading time":"1 minute"},"schema":{"@context":"https:\/\/schema.org","@graph":[{"@type":"WebPage","@id":"https:\/\/schlor.org\/crap\/","url":"https:\/\/schlor.org\/crap\/","name":"CRAP &#8226; SchloR","isPartOf":{"@id":"https:\/\/schlor.org\/#website"},"primaryImageOfPage":{"@id":"https:\/\/schlor.org\/crap\/#primaryimage"},"image":{"@id":"https:\/\/schlor.org\/crap\/#primaryimage"},"thumbnailUrl":"https:\/\/schlor.org\/wp-content\/uploads\/2022\/02\/CRAP_Oktober_2021-400x400.jpg","datePublished":"2022-04-18T21:30:41+00:00","dateModified":"2025-01-06T17:45:20+00:00","breadcrumb":{"@id":"https:\/\/schlor.org\/crap\/#breadcrumb"},"inLanguage":"en-US","potentialAction":[{"@type":"ReadAction","target":["https:\/\/schlor.org\/crap\/"]}]},{"@type":"ImageObject","inLanguage":"en-US","@id":"https:\/\/schlor.org\/crap\/#primaryimage","url":"https:\/\/schlor.org\/wp-content\/uploads\/2022\/02\/CRAP_Oktober_2021-400x400.jpg","contentUrl":"https:\/\/schlor.org\/wp-content\/uploads\/2022\/02\/CRAP_Oktober_2021-400x400.jpg"},{"@type":"BreadcrumbList","@id":"https:\/\/schlor.org\/crap\/#breadcrumb","itemListElement":[{"@type":"ListItem","position":1,"name":"Home","item":"https:\/\/schlor.org\/"},{"@type":"ListItem","position":2,"name":"CRAP"}]},{"@type":"WebSite","@id":"https:\/\/schlor.org\/#website","url":"https:\/\/schlor.org\/","name":"SchloR","description":"Sch\u00f6ner leben in Wien-Simmering","publisher":{"@id":"https:\/\/schlor.org\/#organization"},"potentialAction":[{"@type":"SearchAction","target":{"@type":"EntryPoint","urlTemplate":"https:\/\/schlor.org\/?s={search_term_string}"},"query-input":{"@type":"PropertyValueSpecification","valueRequired":true,"valueName":"search_term_string"}}],"inLanguage":"en-US"},{"@type":"Organization","@id":"https:\/\/schlor.org\/#organization","name":"SchloR","url":"https:\/\/schlor.org\/","logo":{"@type":"ImageObject","inLanguage":"en-US","@id":"https:\/\/schlor.org\/#\/schema\/logo\/image\/","url":"https:\/\/schlor.org\/wp-content\/uploads\/2018\/12\/SchloRLogo2.png","contentUrl":"https:\/\/schlor.org\/wp-content\/uploads\/2018\/12\/SchloRLogo2.png","width":1000,"height":996,"caption":"SchloR"},"image":{"@id":"https:\/\/schlor.org\/#\/schema\/logo\/image\/"},"sameAs":["https:\/\/www.facebook.com\/schlor.org\/","https:\/\/x.com\/schlorrr","https:\/\/www.instagram.com\/schlor_\/","https:\/\/www.youtube.com\/channel\/UCxAyLZ3SwQu7NpYVwt5fMeg"]}]}},"_links":{"self":[{"href":"https:\/\/schlor.org\/en\/wp-json\/wp\/v2\/pages\/6458","targetHints":{"allow":["GET"]}}],"collection":[{"href":"https:\/\/schlor.org\/en\/wp-json\/wp\/v2\/pages"}],"about":[{"href":"https:\/\/schlor.org\/en\/wp-json\/wp\/v2\/types\/page"}],"author":[{"embeddable":true,"href":"https:\/\/schlor.org\/en\/wp-json\/wp\/v2\/users\/6"}],"replies":[{"embeddable":true,"href":"https:\/\/schlor.org\/en\/wp-json\/wp\/v2\/comments?post=6458"}],"version-history":[{"count":52,"href":"https:\/\/schlor.org\/en\/wp-json\/wp\/v2\/pages\/6458\/revisions"}],"predecessor-version":[{"id":32974,"href":"https:\/\/schlor.org\/en\/wp-json\/wp\/v2\/pages\/6458\/revisions\/32974"}],"wp:attachment":[{"href":"https:\/\/schlor.org\/en\/wp-json\/wp\/v2\/media?parent=6458"}],"curies":[{"name":"wp","href":"https:\/\/api.w.org\/{rel}","templated":true}]}}