{"id":5137,"date":"2019-06-26T18:10:53","date_gmt":"2019-06-26T16:10:53","guid":{"rendered":"https:\/\/schlor.org\/?page_id=5137"},"modified":"2023-12-18T21:13:48","modified_gmt":"2023-12-18T20:13:48","slug":"anfahrt","status":"publish","type":"page","link":"https:\/\/schlor.org\/en\/anfahrt\/","title":{"rendered":"How to arrive"},"content":{"rendered":"<div data-elementor-type=\"wp-post\" data-elementor-id=\"5137\" class=\"elementor elementor-5137\">\n\t\t\t\t\t\t<section class=\"elementor-section elementor-top-section elementor-element elementor-element-235a553 elementor-section-boxed elementor-section-height-default elementor-section-height-default\" data-id=\"235a553\" data-element_type=\"section\" data-e-type=\"section\">\n\t\t\t\t\t\t<div class=\"elementor-container elementor-column-gap-default\">\n\t\t\t\t\t<div class=\"elementor-column elementor-col-100 elementor-top-column elementor-element elementor-element-b9a2e87\" data-id=\"b9a2e87\" data-element_type=\"column\" data-e-type=\"column\">\n\t\t\t<div class=\"elementor-widget-wrap elementor-element-populated\">\n\t\t\t\t\t\t<div class=\"elementor-element elementor-element-c54db6e elementor-widget elementor-widget-heading\" data-id=\"c54db6e\" data-element_type=\"widget\" data-e-type=\"widget\" data-widget_type=\"heading.default\">\n\t\t\t\t<div class=\"elementor-widget-container\">\n\t\t\t\t\t<h1 class=\"elementor-heading-title elementor-size-default\">How to arrive<\/h1>\t\t\t\t<\/div>\n\t\t\t\t<\/div>\n\t\t\t\t\t<\/div>\n\t\t<\/div>\n\t\t\t\t\t<\/div>\n\t\t<\/section>\n\t\t\t\t<section class=\"elementor-section elementor-top-section elementor-element elementor-element-9590599 elementor-section-boxed elementor-section-height-default elementor-section-height-default\" data-id=\"9590599\" data-element_type=\"section\" data-e-type=\"section\">\n\t\t\t\t\t\t<div class=\"elementor-container elementor-column-gap-default\">\n\t\t\t\t\t<div class=\"elementor-column elementor-col-50 elementor-top-column elementor-element elementor-element-d80841b\" data-id=\"d80841b\" data-element_type=\"column\" data-e-type=\"column\">\n\t\t\t<div class=\"elementor-widget-wrap elementor-element-populated\">\n\t\t\t\t\t\t<div class=\"elementor-element elementor-element-f930e68 elementor-widget elementor-widget-heading\" data-id=\"f930e68\" data-element_type=\"widget\" data-e-type=\"widget\" data-widget_type=\"heading.default\">\n\t\t\t\t<div class=\"elementor-widget-container\">\n\t\t\t\t\t<h4 class=\"elementor-heading-title elementor-size-default\">\u00d6ffis<\/h4>\t\t\t\t<\/div>\n\t\t\t\t<\/div>\n\t\t\t\t<div class=\"elementor-element elementor-element-fc35543 elementor-widget elementor-widget-text-editor\" data-id=\"fc35543\" data-element_type=\"widget\" data-e-type=\"widget\" data-widget_type=\"text-editor.default\">\n\t\t\t\t<div class=\"elementor-widget-container\">\n\t\t\t\t\t\t\t\t\t<p><strong>U-Bahn Linie U3<\/strong><\/p><p>Ausstieg bei Station Enkplatz (Grillgasse) &gt; entlang Krausegasse &gt;\u00a0 bei Rappachgasse links einbiegen &#8211; ca. 3min Fu\u00dfweg bis zur Rappachgasse 26<br \/>(Fu\u00dfweg 10min)<\/p><p>Ausstieg bei Station Simmering &gt; entlang Simmeringer Hauptstra\u00dfe &gt; rechts einbiegen bei <span class=\"mjzU4e mTOalf\"><span class=\"JxBYrc pk9Qwb PpN7xc\" dir=\"ltr\">Mautner-Markhof-Gasse<\/span><\/span> &gt; rechts abbiegen auf Krausegasse &gt; \u00a0 bei Rappachgasse links einbiegen &#8211; ca. 3min Fu\u00dfweg bis zur Rappachgasse 26<br \/>(Fu\u00dfweg 12min)<\/p><p><strong>Stra\u00dfenbahnline 11, 71<\/strong><\/p><p>Ausstieg bei Station Enkplatz (Grillgasse) &gt; entlang Krausegasse &gt;\u00a0 bei Rappachgasse links einbiegen &#8211; ca. 3min Fu\u00dfweg bis zur Rappachgasse 26<br \/>(Fu\u00dfweg 10min)<\/p>\t\t\t\t\t\t\t\t<\/div>\n\t\t\t\t<\/div>\n\t\t\t\t<div class=\"elementor-element elementor-element-3ad197c elementor-widget elementor-widget-heading\" data-id=\"3ad197c\" data-element_type=\"widget\" data-e-type=\"widget\" data-widget_type=\"heading.default\">\n\t\t\t\t<div class=\"elementor-widget-container\">\n\t\t\t\t\t<h4 class=\"elementor-heading-title elementor-size-default\">Fahrrad<\/h4>\t\t\t\t<\/div>\n\t\t\t\t<\/div>\n\t\t\t\t<div class=\"elementor-element elementor-element-e603b82 elementor-widget elementor-widget-text-editor\" data-id=\"e603b82\" data-element_type=\"widget\" data-e-type=\"widget\" data-widget_type=\"text-editor.default\">\n\t\t\t\t<div class=\"elementor-widget-container\">\n\t\t\t\t\t\t\t\t\t<p>Wir befinden uns 7 Minuten von Donaukanal und Prater entfernt.<\/p><p>Innenstadt: am sch\u00f6nsten Donaukanal folgen oder Prater stadtausw\u00e4rts entlang bis zum Ostbahnsteg &gt; \u00fcber Steg radeln &gt; entlang 1. Haidequerstra\u00dfe\u00a0 &gt; weiter gerade Lautenschl\u00e4gergasse\u00a0 &gt; rechts abbiegen Unterf\u00fchrung Wachthausgasse &gt; links abbiegen Rappachgasse <br \/>(Radweg 25min)<\/p>\t\t\t\t\t\t\t\t<\/div>\n\t\t\t\t<\/div>\n\t\t\t\t\t<\/div>\n\t\t<\/div>\n\t\t\t\t<div class=\"elementor-column elementor-col-50 elementor-top-column elementor-element elementor-element-3a753e9\" data-id=\"3a753e9\" data-element_type=\"column\" data-e-type=\"column\">\n\t\t\t<div class=\"elementor-widget-wrap elementor-element-populated\">\n\t\t\t\t\t\t<div class=\"elementor-element elementor-element-43bbd9d elementor-widget elementor-widget-image\" data-id=\"43bbd9d\" data-element_type=\"widget\" data-e-type=\"widget\" data-widget_type=\"image.default\">\n\t\t\t\t<div class=\"elementor-widget-container\">\n\t\t\t\t\t\t\t\t\t\t\t\t\t\t\t\t<a href=\"https:\/\/maps.app.goo.gl\/UNqMX5HR2URmaeVU9\" target=\"_blank\" rel=\"nofollow\">\n\t\t\t\t\t\t\t<img fetchpriority=\"high\" decoding=\"async\" width=\"1170\" height=\"1170\" src=\"https:\/\/schlor.org\/wp-content\/uploads\/2023\/12\/SchloR-Karte-1200x1200.png\" class=\"attachment-large size-large wp-image-20791\" alt=\"\" srcset=\"https:\/\/schlor.org\/wp-content\/uploads\/2023\/12\/SchloR-Karte-1200x1200.png 1200w, https:\/\/schlor.org\/wp-content\/uploads\/2023\/12\/SchloR-Karte-400x400.png 400w, https:\/\/schlor.org\/wp-content\/uploads\/2023\/12\/SchloR-Karte-150x150.png 150w, https:\/\/schlor.org\/wp-content\/uploads\/2023\/12\/SchloR-Karte-768x768.png 768w, https:\/\/schlor.org\/wp-content\/uploads\/2023\/12\/SchloR-Karte-1000x1000.png 1000w, https:\/\/schlor.org\/wp-content\/uploads\/2023\/12\/SchloR-Karte-230x230.png 230w, https:\/\/schlor.org\/wp-content\/uploads\/2023\/12\/SchloR-Karte-350x350.png 350w, https:\/\/schlor.org\/wp-content\/uploads\/2023\/12\/SchloR-Karte-480x480.png 480w, https:\/\/schlor.org\/wp-content\/uploads\/2023\/12\/SchloR-Karte.png 1300w\" sizes=\"(max-width: 1170px) 100vw, 1170px\" \/>\t\t\t\t\t\t\t\t<\/a>\n\t\t\t\t\t\t\t\t\t\t\t\t\t\t\t<\/div>\n\t\t\t\t<\/div>\n\t\t\t\t<div class=\"elementor-element elementor-element-c6c6cb3 elementor-widget elementor-widget-text-editor\" data-id=\"c6c6cb3\" data-element_type=\"widget\" data-e-type=\"widget\" data-widget_type=\"text-editor.default\">\n\t\t\t\t<div class=\"elementor-widget-container\">\n\t\t\t\t\t\t\t\t\t<p><a href=\"https:\/\/maps.app.goo.gl\/UNqMX5HR2URmaeVU9\" target=\"_blank\" rel=\"noopener\">Karte auf Google-Maps \u00f6ffnen<\/a><\/p>\t\t\t\t\t\t\t\t<\/div>\n\t\t\t\t<\/div>\n\t\t\t\t\t<\/div>\n\t\t<\/div>\n\t\t\t\t\t<\/div>\n\t\t<\/section>\n\t\t\t\t<\/div>","protected":false},"excerpt":{"rendered":"<p>Anfahrt \u00d6ffis U-Bahn Linie U3 Ausstieg bei Station Enkplatz (Grillgasse) &gt; entlang Krausegasse &gt;\u00a0 bei Rappachgasse links einbiegen &#8211; ca. 3min Fu\u00dfweg [&hellip;]<\/p>","protected":false},"author":6,"featured_media":0,"parent":0,"menu_order":0,"comment_status":"closed","ping_status":"closed","template":"elementor_header_footer","meta":{"footnotes":""},"class_list":["post-5137","page","type-page","status-publish","hentry"],"yoast_head":"<!-- This site is optimized with the Yoast SEO plugin v27.3 - https:\/\/yoast.com\/product\/yoast-seo-wordpress\/ -->\n<title>Anfahrt &#8226; SchloR<\/title>\n<meta name=\"robots\" content=\"index, follow, max-snippet:-1, max-image-preview:large, max-video-preview:-1\" \/>\n<link rel=\"canonical\" href=\"https:\/\/schlor.org\/en\/home\/anfahrt\/\" \/>\n<meta property=\"og:locale\" content=\"en_US\" \/>\n<meta property=\"og:type\" content=\"article\" \/>\n<meta property=\"og:title\" content=\"Anfahrt &#8226; SchloR\" \/>\n<meta property=\"og:description\" content=\"Anfahrt \u00d6ffis U-Bahn Linie U3 Ausstieg bei Station Enkplatz (Grillgasse) &gt; entlang Krausegasse &gt;\u00a0 bei Rappachgasse links einbiegen &#8211; ca. 3min Fu\u00dfweg [&hellip;]\" \/>\n<meta property=\"og:url\" content=\"https:\/\/schlor.org\/en\/home\/anfahrt\/\" \/>\n<meta property=\"og:site_name\" content=\"SchloR\" \/>\n<meta property=\"article:publisher\" content=\"https:\/\/www.facebook.com\/schlor.org\/\" \/>\n<meta property=\"article:modified_time\" content=\"2023-12-18T20:13:48+00:00\" \/>\n<meta property=\"og:image\" content=\"https:\/\/schlor.org\/wp-content\/uploads\/2023\/12\/SchloR-Karte-1200x1200.png\" \/>\n<meta name=\"twitter:card\" content=\"summary_large_image\" \/>\n<meta name=\"twitter:site\" content=\"@schlorrr\" \/>\n<meta name=\"twitter:label1\" content=\"Est. reading time\" \/>\n\t<meta name=\"twitter:data1\" content=\"1 minute\" \/>\n<script type=\"application\/ld+json\" class=\"yoast-schema-graph\">{\"@context\":\"https:\\\/\\\/schema.org\",\"@graph\":[{\"@type\":\"WebPage\",\"@id\":\"https:\\\/\\\/schlor.org\\\/home\\\/anfahrt\\\/\",\"url\":\"https:\\\/\\\/schlor.org\\\/home\\\/anfahrt\\\/\",\"name\":\"Anfahrt &#8226; SchloR\",\"isPartOf\":{\"@id\":\"https:\\\/\\\/schlor.org\\\/#website\"},\"primaryImageOfPage\":{\"@id\":\"https:\\\/\\\/schlor.org\\\/home\\\/anfahrt\\\/#primaryimage\"},\"image\":{\"@id\":\"https:\\\/\\\/schlor.org\\\/home\\\/anfahrt\\\/#primaryimage\"},\"thumbnailUrl\":\"https:\\\/\\\/schlor.org\\\/wp-content\\\/uploads\\\/2023\\\/12\\\/SchloR-Karte-1200x1200.png\",\"datePublished\":\"2019-06-26T16:10:53+00:00\",\"dateModified\":\"2023-12-18T20:13:48+00:00\",\"breadcrumb\":{\"@id\":\"https:\\\/\\\/schlor.org\\\/home\\\/anfahrt\\\/#breadcrumb\"},\"inLanguage\":\"en-US\",\"potentialAction\":[{\"@type\":\"ReadAction\",\"target\":[\"https:\\\/\\\/schlor.org\\\/home\\\/anfahrt\\\/\"]}]},{\"@type\":\"ImageObject\",\"inLanguage\":\"en-US\",\"@id\":\"https:\\\/\\\/schlor.org\\\/home\\\/anfahrt\\\/#primaryimage\",\"url\":\"https:\\\/\\\/schlor.org\\\/wp-content\\\/uploads\\\/2023\\\/12\\\/SchloR-Karte-1200x1200.png\",\"contentUrl\":\"https:\\\/\\\/schlor.org\\\/wp-content\\\/uploads\\\/2023\\\/12\\\/SchloR-Karte-1200x1200.png\"},{\"@type\":\"BreadcrumbList\",\"@id\":\"https:\\\/\\\/schlor.org\\\/home\\\/anfahrt\\\/#breadcrumb\",\"itemListElement\":[{\"@type\":\"ListItem\",\"position\":1,\"name\":\"Home\",\"item\":\"https:\\\/\\\/schlor.org\\\/\"},{\"@type\":\"ListItem\",\"position\":2,\"name\":\"Anfahrt\"}]},{\"@type\":\"WebSite\",\"@id\":\"https:\\\/\\\/schlor.org\\\/#website\",\"url\":\"https:\\\/\\\/schlor.org\\\/\",\"name\":\"SchloR\",\"description\":\"Sch\u00f6ner leben in Wien-Simmering\",\"publisher\":{\"@id\":\"https:\\\/\\\/schlor.org\\\/#organization\"},\"potentialAction\":[{\"@type\":\"SearchAction\",\"target\":{\"@type\":\"EntryPoint\",\"urlTemplate\":\"https:\\\/\\\/schlor.org\\\/?s={search_term_string}\"},\"query-input\":{\"@type\":\"PropertyValueSpecification\",\"valueRequired\":true,\"valueName\":\"search_term_string\"}}],\"inLanguage\":\"en-US\"},{\"@type\":\"Organization\",\"@id\":\"https:\\\/\\\/schlor.org\\\/#organization\",\"name\":\"SchloR\",\"url\":\"https:\\\/\\\/schlor.org\\\/\",\"logo\":{\"@type\":\"ImageObject\",\"inLanguage\":\"en-US\",\"@id\":\"https:\\\/\\\/schlor.org\\\/#\\\/schema\\\/logo\\\/image\\\/\",\"url\":\"https:\\\/\\\/schlor.org\\\/wp-content\\\/uploads\\\/2018\\\/12\\\/SchloRLogo2.png\",\"contentUrl\":\"https:\\\/\\\/schlor.org\\\/wp-content\\\/uploads\\\/2018\\\/12\\\/SchloRLogo2.png\",\"width\":1000,\"height\":996,\"caption\":\"SchloR\"},\"image\":{\"@id\":\"https:\\\/\\\/schlor.org\\\/#\\\/schema\\\/logo\\\/image\\\/\"},\"sameAs\":[\"https:\\\/\\\/www.facebook.com\\\/schlor.org\\\/\",\"https:\\\/\\\/x.com\\\/schlorrr\",\"https:\\\/\\\/www.instagram.com\\\/schlor_\\\/\",\"https:\\\/\\\/www.youtube.com\\\/channel\\\/UCxAyLZ3SwQu7NpYVwt5fMeg\"]}]}<\/script>\n<!-- \/ Yoast SEO plugin. -->","yoast_head_json":{"title":"Anfahrt &#8226; SchloR","robots":{"index":"index","follow":"follow","max-snippet":"max-snippet:-1","max-image-preview":"max-image-preview:large","max-video-preview":"max-video-preview:-1"},"canonical":"https:\/\/schlor.org\/en\/home\/anfahrt\/","og_locale":"en_US","og_type":"article","og_title":"Anfahrt &#8226; SchloR","og_description":"Anfahrt \u00d6ffis U-Bahn Linie U3 Ausstieg bei Station Enkplatz (Grillgasse) &gt; entlang Krausegasse &gt;\u00a0 bei Rappachgasse links einbiegen &#8211; ca. 3min Fu\u00dfweg [&hellip;]","og_url":"https:\/\/schlor.org\/en\/home\/anfahrt\/","og_site_name":"SchloR","article_publisher":"https:\/\/www.facebook.com\/schlor.org\/","article_modified_time":"2023-12-18T20:13:48+00:00","og_image":[{"url":"https:\/\/schlor.org\/wp-content\/uploads\/2023\/12\/SchloR-Karte-1200x1200.png","type":"","width":"","height":""}],"twitter_card":"summary_large_image","twitter_site":"@schlorrr","twitter_misc":{"Est. reading time":"1 minute"},"schema":{"@context":"https:\/\/schema.org","@graph":[{"@type":"WebPage","@id":"https:\/\/schlor.org\/home\/anfahrt\/","url":"https:\/\/schlor.org\/home\/anfahrt\/","name":"Anfahrt &#8226; SchloR","isPartOf":{"@id":"https:\/\/schlor.org\/#website"},"primaryImageOfPage":{"@id":"https:\/\/schlor.org\/home\/anfahrt\/#primaryimage"},"image":{"@id":"https:\/\/schlor.org\/home\/anfahrt\/#primaryimage"},"thumbnailUrl":"https:\/\/schlor.org\/wp-content\/uploads\/2023\/12\/SchloR-Karte-1200x1200.png","datePublished":"2019-06-26T16:10:53+00:00","dateModified":"2023-12-18T20:13:48+00:00","breadcrumb":{"@id":"https:\/\/schlor.org\/home\/anfahrt\/#breadcrumb"},"inLanguage":"en-US","potentialAction":[{"@type":"ReadAction","target":["https:\/\/schlor.org\/home\/anfahrt\/"]}]},{"@type":"ImageObject","inLanguage":"en-US","@id":"https:\/\/schlor.org\/home\/anfahrt\/#primaryimage","url":"https:\/\/schlor.org\/wp-content\/uploads\/2023\/12\/SchloR-Karte-1200x1200.png","contentUrl":"https:\/\/schlor.org\/wp-content\/uploads\/2023\/12\/SchloR-Karte-1200x1200.png"},{"@type":"BreadcrumbList","@id":"https:\/\/schlor.org\/home\/anfahrt\/#breadcrumb","itemListElement":[{"@type":"ListItem","position":1,"name":"Home","item":"https:\/\/schlor.org\/"},{"@type":"ListItem","position":2,"name":"Anfahrt"}]},{"@type":"WebSite","@id":"https:\/\/schlor.org\/#website","url":"https:\/\/schlor.org\/","name":"SchloR","description":"Sch\u00f6ner leben in Wien-Simmering","publisher":{"@id":"https:\/\/schlor.org\/#organization"},"potentialAction":[{"@type":"SearchAction","target":{"@type":"EntryPoint","urlTemplate":"https:\/\/schlor.org\/?s={search_term_string}"},"query-input":{"@type":"PropertyValueSpecification","valueRequired":true,"valueName":"search_term_string"}}],"inLanguage":"en-US"},{"@type":"Organization","@id":"https:\/\/schlor.org\/#organization","name":"SchloR","url":"https:\/\/schlor.org\/","logo":{"@type":"ImageObject","inLanguage":"en-US","@id":"https:\/\/schlor.org\/#\/schema\/logo\/image\/","url":"https:\/\/schlor.org\/wp-content\/uploads\/2018\/12\/SchloRLogo2.png","contentUrl":"https:\/\/schlor.org\/wp-content\/uploads\/2018\/12\/SchloRLogo2.png","width":1000,"height":996,"caption":"SchloR"},"image":{"@id":"https:\/\/schlor.org\/#\/schema\/logo\/image\/"},"sameAs":["https:\/\/www.facebook.com\/schlor.org\/","https:\/\/x.com\/schlorrr","https:\/\/www.instagram.com\/schlor_\/","https:\/\/www.youtube.com\/channel\/UCxAyLZ3SwQu7NpYVwt5fMeg"]}]}},"_links":{"self":[{"href":"https:\/\/schlor.org\/en\/wp-json\/wp\/v2\/pages\/5137","targetHints":{"allow":["GET"]}}],"collection":[{"href":"https:\/\/schlor.org\/en\/wp-json\/wp\/v2\/pages"}],"about":[{"href":"https:\/\/schlor.org\/en\/wp-json\/wp\/v2\/types\/page"}],"author":[{"embeddable":true,"href":"https:\/\/schlor.org\/en\/wp-json\/wp\/v2\/users\/6"}],"replies":[{"embeddable":true,"href":"https:\/\/schlor.org\/en\/wp-json\/wp\/v2\/comments?post=5137"}],"version-history":[{"count":30,"href":"https:\/\/schlor.org\/en\/wp-json\/wp\/v2\/pages\/5137\/revisions"}],"predecessor-version":[{"id":20803,"href":"https:\/\/schlor.org\/en\/wp-json\/wp\/v2\/pages\/5137\/revisions\/20803"}],"wp:attachment":[{"href":"https:\/\/schlor.org\/en\/wp-json\/wp\/v2\/media?parent=5137"}],"curies":[{"name":"wp","href":"https:\/\/api.w.org\/{rel}","templated":true}]}}