{"id":4152,"date":"2018-08-08T12:41:23","date_gmt":"2018-08-08T10:41:23","guid":{"rendered":"https:\/\/schlor.org\/?page_id=4152"},"modified":"2025-10-26T18:53:32","modified_gmt":"2025-10-26T17:53:32","slug":"ueber-uns","status":"publish","type":"page","link":"https:\/\/schlor.org\/en\/ueber-uns\/","title":{"rendered":"About us"},"content":{"rendered":"<div data-elementor-type=\"wp-page\" data-elementor-id=\"4152\" class=\"elementor elementor-4152\">\n\t\t\t\t\t\t<section class=\"elementor-section elementor-top-section elementor-element elementor-element-556ef333 elementor-section-full_width elementor-section-stretched elementor-section-height-default elementor-section-height-default\" data-id=\"556ef333\" data-element_type=\"section\" data-e-type=\"section\" id=\"^\u00b0\u00b0\u00b0!\" data-settings=\"{&quot;stretch_section&quot;:&quot;section-stretched&quot;}\">\n\t\t\t\t\t\t<div class=\"elementor-container elementor-column-gap-default\">\n\t\t\t\t\t<div class=\"elementor-column elementor-col-100 elementor-top-column elementor-element elementor-element-71cdf70d\" data-id=\"71cdf70d\" data-element_type=\"column\" data-e-type=\"column\">\n\t\t\t<div class=\"elementor-widget-wrap elementor-element-populated\">\n\t\t\t\t\t\t<div class=\"elementor-element elementor-element-2386025 elementor-widget elementor-widget-heading\" data-id=\"2386025\" data-element_type=\"widget\" data-e-type=\"widget\" data-widget_type=\"heading.default\">\n\t\t\t\t<div class=\"elementor-widget-container\">\n\t\t\t\t\t<h4 class=\"elementor-heading-title elementor-size-default\">Unsere Geschichte<\/h4>\t\t\t\t<\/div>\n\t\t\t\t<\/div>\n\t\t\t\t<div class=\"elementor-element elementor-element-1ef868ab elementor-widget__width-initial elementor-widget elementor-widget-text-editor\" data-id=\"1ef868ab\" data-element_type=\"widget\" data-e-type=\"widget\" data-widget_type=\"text-editor.default\">\n\t\t\t\t<div class=\"elementor-widget-container\">\n\t\t\t\t\t\t\t\t\t<p>\u00bbSch\u00f6ner leben\u00ab (SchloR) ist ein Zusammenschluss von Aktivist*innen mit einer klaren Vision: Langfristig abgesicherte und leistbare R\u00e4ume f\u00fcr ein solidarisches, selbstverwaltetes und gemeinschaftliches Arbeiten und Wohnen in Wien zu schaffen. 2015 haben wir begonnen diesem Traum zu folgen. Es wurde konkret: Gemeinsam wurden erste Schritte gegen hohe Mieten und Immobilienspekulation gesetzt.<\/p>\n<p><\/p>\n<p><\/p>\t\t\t\t\t\t\t\t<\/div>\n\t\t\t\t<\/div>\n\t\t\t\t<div class=\"elementor-element elementor-element-2d8ad4a elementor-widget elementor-widget-heading\" data-id=\"2d8ad4a\" data-element_type=\"widget\" data-e-type=\"widget\" data-widget_type=\"heading.default\">\n\t\t\t\t<div class=\"elementor-widget-container\">\n\t\t\t\t\t<h4 class=\"elementor-heading-title elementor-size-default\">Unser Erfolg<\/h4>\t\t\t\t<\/div>\n\t\t\t\t<\/div>\n\t\t\t\t<div class=\"elementor-element elementor-element-4cfb763 elementor-widget elementor-widget-text-editor\" data-id=\"4cfb763\" data-element_type=\"widget\" data-e-type=\"widget\" data-widget_type=\"text-editor.default\">\n\t\t\t\t<div class=\"elementor-widget-container\">\n\t\t\t\t\t\t\t\t\t<p>Dank der Unterst\u00fctzung vieler Menschen, einer klugen Organisationsstruktur und innovativer Finanzierung konnten wir im Sommer 2019 ein 3.100m\u00b2 gro\u00dfes Grundst\u00fcck in Wien-Simmering f\u00fcr solidarisches Wohnen und Arbeiten kaufen. Ab 2020 begannen die Um- und Neubauarbeiten auf dem Gel\u00e4nde einer ehemaligen Gro\u00dftischlerei. So konnte 2021 unser Betrieb <a href=\"\/en\/crap\/\">CRAP<\/a> seine kreativen R\u00e4ume er\u00f6ffnen. 2023 war es schlie\u00dflich so weit und auch unsere Trainingshalle\u00a0<a href=\"https:\/\/www.circus-trap.org\/\" target=\"_blank\" rel=\"noopener\">TRAP<\/a> f\u00fcr zeitgen\u00f6ssischen Zirkus und andere K\u00f6rperk\u00fcnste konnte saniert wiederer\u00f6ffnet werden. Im Herbst 2023 konnte \u00fcberdies die Kerngruppe nach rund 10 Jahren Projektphase das <a href=\"\/en\/wohnen\/\">neue Wohnhaus<\/a> beziehen.<\/p>\t\t\t\t\t\t\t\t<\/div>\n\t\t\t\t<\/div>\n\t\t\t\t<div class=\"elementor-element elementor-element-e6bb544 elementor-widget elementor-widget-heading\" data-id=\"e6bb544\" data-element_type=\"widget\" data-e-type=\"widget\" data-widget_type=\"heading.default\">\n\t\t\t\t<div class=\"elementor-widget-container\">\n\t\t\t\t\t<h4 class=\"elementor-heading-title elementor-size-default\">Unsere Ziele<\/h4>\t\t\t\t<\/div>\n\t\t\t\t<\/div>\n\t\t\t\t<div class=\"elementor-element elementor-element-3cb9f19 elementor-widget elementor-widget-text-editor\" data-id=\"3cb9f19\" data-element_type=\"widget\" data-e-type=\"widget\" data-widget_type=\"text-editor.default\">\n\t\t\t\t<div class=\"elementor-widget-container\">\n\t\t\t\t\t\t\t\t\t<p>Wir setzen uns f\u00fcr die gemeinwohlorientierte Nutzung unseres Grundst\u00fccks ein. Unser Ziel ist solidarisches Wohnen und Wirtschaften unter einem Dach. Wir streben nicht nach pers\u00f6nlichem Eigentum oder hohen Gewinnen, so sind wir Mitglied von<a href=\"https:\/\/habitat.servus.at\/\"> habiTaT<\/a>, dem<a href=\"https:\/\/www.syndikat.org\/de\/\"> Mietsh\u00e4user Syndikat in \u00d6sterreich<\/a>. Als Teil dieser beiden Dachverb\u00e4nde geht es uns nicht nur um ein sch\u00f6neres Leben f\u00fcr uns, sondern wir wollen einen Beitrag f\u00fcr ein gutes Leben f\u00fcr alle leisten!<\/p>\t\t\t\t\t\t\t\t<\/div>\n\t\t\t\t<\/div>\n\t\t\t\t\t<\/div>\n\t\t<\/div>\n\t\t\t\t\t<\/div>\n\t\t<\/section>\n\t\t\t\t<section class=\"elementor-section elementor-top-section elementor-element elementor-element-73eff69 elementor-section-full_width elementor-section-stretched elementor-section-height-default elementor-section-height-default\" data-id=\"73eff69\" data-element_type=\"section\" data-e-type=\"section\" data-settings=\"{&quot;stretch_section&quot;:&quot;section-stretched&quot;}\">\n\t\t\t\t\t\t<div class=\"elementor-container elementor-column-gap-default\">\n\t\t\t\t\t<div class=\"elementor-column elementor-col-100 elementor-top-column elementor-element elementor-element-e89fac5\" data-id=\"e89fac5\" data-element_type=\"column\" data-e-type=\"column\">\n\t\t\t<div class=\"elementor-widget-wrap elementor-element-populated\">\n\t\t\t\t\t\t<div class=\"elementor-element elementor-element-6310cf3 elementor-widget elementor-widget-heading\" data-id=\"6310cf3\" data-element_type=\"widget\" data-e-type=\"widget\" data-widget_type=\"heading.default\">\n\t\t\t\t<div class=\"elementor-widget-container\">\n\t\t\t\t\t<h2 class=\"elementor-heading-title elementor-size-default\">Mehr erfahren<\/h2>\t\t\t\t<\/div>\n\t\t\t\t<\/div>\n\t\t\t\t<div class=\"elementor-element elementor-element-5d20d4d elementor-widget elementor-widget-text-editor\" data-id=\"5d20d4d\" data-element_type=\"widget\" data-e-type=\"widget\" data-widget_type=\"text-editor.default\">\n\t\t\t\t<div class=\"elementor-widget-container\">\n\t\t\t\t\t\t\t\t\t<ul class=\"sub-menu\" style=\"display: none;\">\n<li id=\"menu-item-18241\" class=\"menu-item menu-item-type-post_type menu-item-object-page menu-item-18241\"><a href=\"https:\/\/schlor.org\/en\/home\/ueber-uns\/wer-wir-sind\/\">Who we are<\/a><\/li>\n<li id=\"menu-item-18299\" class=\"menu-item menu-item-type-post_type menu-item-object-page menu-item-18299\"><a href=\"https:\/\/schlor.org\/en\/home\/ueber-uns\/organisation\/\">Organization<\/a><\/li>\n<li id=\"menu-item-18331\" class=\"menu-item menu-item-type-post_type menu-item-object-page menu-item-18331\"><a href=\"https:\/\/schlor.org\/en\/rechtsstruktur\/\">Legal structure<\/a><\/li>\n<\/ul>\n<ul class=\"sub-menu\">\n<li id=\"menu-item-18241\" class=\"menu-item menu-item-type-post_type menu-item-object-page menu-item-18241\"><a href=\"https:\/\/schlor.org\/en\/ueber-uns\/wer-wir-sind\/\" target=\"_blank\" rel=\"noopener\">Who we are<\/a><\/li>\n<li id=\"menu-item-18299\" class=\"menu-item menu-item-type-post_type menu-item-object-page menu-item-18299\"><a href=\"https:\/\/schlor.org\/en\/ueber-uns\/organisation\/\" target=\"_blank\" rel=\"noopener\">Organization<\/a><\/li>\n<li id=\"menu-item-18331\" class=\"menu-item menu-item-type-post_type menu-item-object-page menu-item-18331\"><a href=\"https:\/\/schlor.org\/en\/rechtsstruktur\/\">Legal structure<\/a><\/li>\n<li><a href=\"https:\/\/schlor.org\/en\/home\/finanzierung\/\" target=\"_blank\" rel=\"noopener\">Financing<\/a><\/li>\n<\/ul>\t\t\t\t\t\t\t\t<\/div>\n\t\t\t\t<\/div>\n\t\t\t\t\t<\/div>\n\t\t<\/div>\n\t\t\t\t\t<\/div>\n\t\t<\/section>\n\t\t\t\t<\/div>","protected":false},"excerpt":{"rendered":"<p>Unsere Geschichte \u00bbSch\u00f6ner leben\u00ab (SchloR) ist ein Zusammenschluss von Aktivist*innen mit einer klaren Vision: Langfristig abgesicherte und leistbare R\u00e4ume f\u00fcr ein solidarisches, [&hellip;]<\/p>","protected":false},"author":4,"featured_media":0,"parent":0,"menu_order":0,"comment_status":"closed","ping_status":"closed","template":"","meta":{"footnotes":""},"class_list":["post-4152","page","type-page","status-publish","hentry"],"yoast_head":"<!-- This site is optimized with the Yoast SEO plugin v27.3 - https:\/\/yoast.com\/product\/yoast-seo-wordpress\/ -->\n<title>\u00dcber uns &#8226; SchloR<\/title>\n<meta name=\"robots\" content=\"index, follow, max-snippet:-1, max-image-preview:large, max-video-preview:-1\" \/>\n<link rel=\"canonical\" href=\"https:\/\/schlor.org\/en\/ueber-uns\/\" \/>\n<meta property=\"og:locale\" content=\"en_US\" \/>\n<meta property=\"og:type\" content=\"article\" \/>\n<meta property=\"og:title\" content=\"Guten Tag! \u00bbSch\u00f6ner leben ohne...?\u00ab kurz SchloR ist unser Name!\" \/>\n<meta property=\"og:description\" content=\"Unsere Zug\u00e4nge sind unterschiedlich, dieser Traum eint uns. Ein Grundst\u00fcck in Wien Simmering l\u00e4sst unsere Herzen h\u00f6her schlagen. Schon Anfang 2019 wird es voraussichtlich soweit sein: Wir werden kaufen und damit die Immobilie dem freien Markt f\u00fcr immer entziehen! Und das als erstes Pionierprojekt im Rahmen von habiTaT bzw. Mietsh\u00e4usersyndikat in Wien. Daf\u00fcr brauchen wir deine Unterst\u00fctzung. #SchloR #habiTaT #Mietsh\u00e4usersyndikat #MHS\" \/>\n<meta property=\"og:url\" content=\"https:\/\/schlor.org\/en\/ueber-uns\/\" \/>\n<meta property=\"og:site_name\" content=\"SchloR\" \/>\n<meta property=\"article:publisher\" content=\"https:\/\/www.facebook.com\/schlor.org\/\" \/>\n<meta property=\"article:modified_time\" content=\"2025-10-26T17:53:32+00:00\" \/>\n<meta property=\"og:image\" content=\"https:\/\/schlor.org\/wp-content\/uploads\/2018\/12\/SchloR_FB_Preview.jpg\" \/>\n\t<meta property=\"og:image:width\" content=\"1200\" \/>\n\t<meta property=\"og:image:height\" content=\"630\" \/>\n\t<meta property=\"og:image:type\" content=\"image\/jpeg\" \/>\n<meta name=\"twitter:card\" content=\"summary_large_image\" \/>\n<meta name=\"twitter:title\" content=\"Jetzt mit einem Direktkredit unterst\u00fctzen!\" \/>\n<meta name=\"twitter:description\" content=\"Du m\u00f6chtest dein Geld in einem sinnvollen Projekt anlegen und dabei auch Zinsen bekommen? Kein Problem! Bei #SchloR werden laufend #Direktkreditgeber*innen gesucht. Denn unser Motto lautet: &quot;Lieber 1000 FreundInnen im R\u00fccken als eine Bank im Nacken\u2026&quot;\" \/>\n<meta name=\"twitter:image\" content=\"https:\/\/schlor.org\/wp-content\/uploads\/2018\/12\/SchloR_Twitter_Preview.jpg\" \/>\n<meta name=\"twitter:site\" content=\"@schlorrr\" \/>\n<meta name=\"twitter:label1\" content=\"Est. reading time\" \/>\n\t<meta name=\"twitter:data1\" content=\"2 minutes\" \/>\n<script type=\"application\/ld+json\" class=\"yoast-schema-graph\">{\"@context\":\"https:\\\/\\\/schema.org\",\"@graph\":[{\"@type\":\"WebPage\",\"@id\":\"https:\\\/\\\/schlor.org\\\/ueber-uns\\\/\",\"url\":\"https:\\\/\\\/schlor.org\\\/ueber-uns\\\/\",\"name\":\"\u00dcber uns &#8226; SchloR\",\"isPartOf\":{\"@id\":\"https:\\\/\\\/schlor.org\\\/#website\"},\"datePublished\":\"2018-08-08T10:41:23+00:00\",\"dateModified\":\"2025-10-26T17:53:32+00:00\",\"breadcrumb\":{\"@id\":\"https:\\\/\\\/schlor.org\\\/ueber-uns\\\/#breadcrumb\"},\"inLanguage\":\"en-US\",\"potentialAction\":[{\"@type\":\"ReadAction\",\"target\":[\"https:\\\/\\\/schlor.org\\\/ueber-uns\\\/\"]}]},{\"@type\":\"BreadcrumbList\",\"@id\":\"https:\\\/\\\/schlor.org\\\/ueber-uns\\\/#breadcrumb\",\"itemListElement\":[{\"@type\":\"ListItem\",\"position\":1,\"name\":\"Home\",\"item\":\"https:\\\/\\\/schlor.org\\\/\"},{\"@type\":\"ListItem\",\"position\":2,\"name\":\"\u00dcber uns\"}]},{\"@type\":\"WebSite\",\"@id\":\"https:\\\/\\\/schlor.org\\\/#website\",\"url\":\"https:\\\/\\\/schlor.org\\\/\",\"name\":\"SchloR\",\"description\":\"Sch\u00f6ner leben in Wien-Simmering\",\"publisher\":{\"@id\":\"https:\\\/\\\/schlor.org\\\/#organization\"},\"potentialAction\":[{\"@type\":\"SearchAction\",\"target\":{\"@type\":\"EntryPoint\",\"urlTemplate\":\"https:\\\/\\\/schlor.org\\\/?s={search_term_string}\"},\"query-input\":{\"@type\":\"PropertyValueSpecification\",\"valueRequired\":true,\"valueName\":\"search_term_string\"}}],\"inLanguage\":\"en-US\"},{\"@type\":\"Organization\",\"@id\":\"https:\\\/\\\/schlor.org\\\/#organization\",\"name\":\"SchloR\",\"url\":\"https:\\\/\\\/schlor.org\\\/\",\"logo\":{\"@type\":\"ImageObject\",\"inLanguage\":\"en-US\",\"@id\":\"https:\\\/\\\/schlor.org\\\/#\\\/schema\\\/logo\\\/image\\\/\",\"url\":\"https:\\\/\\\/schlor.org\\\/wp-content\\\/uploads\\\/2018\\\/12\\\/SchloRLogo2.png\",\"contentUrl\":\"https:\\\/\\\/schlor.org\\\/wp-content\\\/uploads\\\/2018\\\/12\\\/SchloRLogo2.png\",\"width\":1000,\"height\":996,\"caption\":\"SchloR\"},\"image\":{\"@id\":\"https:\\\/\\\/schlor.org\\\/#\\\/schema\\\/logo\\\/image\\\/\"},\"sameAs\":[\"https:\\\/\\\/www.facebook.com\\\/schlor.org\\\/\",\"https:\\\/\\\/x.com\\\/schlorrr\",\"https:\\\/\\\/www.instagram.com\\\/schlor_\\\/\",\"https:\\\/\\\/www.youtube.com\\\/channel\\\/UCxAyLZ3SwQu7NpYVwt5fMeg\"]}]}<\/script>\n<!-- \/ Yoast SEO plugin. -->","yoast_head_json":{"title":"\u00dcber uns &#8226; SchloR","robots":{"index":"index","follow":"follow","max-snippet":"max-snippet:-1","max-image-preview":"max-image-preview:large","max-video-preview":"max-video-preview:-1"},"canonical":"https:\/\/schlor.org\/en\/ueber-uns\/","og_locale":"en_US","og_type":"article","og_title":"Guten Tag! \u00bbSch\u00f6ner leben ohne...?\u00ab kurz SchloR ist unser Name!","og_description":"Unsere Zug\u00e4nge sind unterschiedlich, dieser Traum eint uns. Ein Grundst\u00fcck in Wien Simmering l\u00e4sst unsere Herzen h\u00f6her schlagen. Schon Anfang 2019 wird es voraussichtlich soweit sein: Wir werden kaufen und damit die Immobilie dem freien Markt f\u00fcr immer entziehen! Und das als erstes Pionierprojekt im Rahmen von habiTaT bzw. Mietsh\u00e4usersyndikat in Wien. Daf\u00fcr brauchen wir deine Unterst\u00fctzung. #SchloR #habiTaT #Mietsh\u00e4usersyndikat #MHS","og_url":"https:\/\/schlor.org\/en\/ueber-uns\/","og_site_name":"SchloR","article_publisher":"https:\/\/www.facebook.com\/schlor.org\/","article_modified_time":"2025-10-26T17:53:32+00:00","og_image":[{"width":1200,"height":630,"url":"https:\/\/schlor.org\/wp-content\/uploads\/2018\/12\/SchloR_FB_Preview.jpg","type":"image\/jpeg"}],"twitter_card":"summary_large_image","twitter_title":"Jetzt mit einem Direktkredit unterst\u00fctzen!","twitter_description":"Du m\u00f6chtest dein Geld in einem sinnvollen Projekt anlegen und dabei auch Zinsen bekommen? Kein Problem! Bei #SchloR werden laufend #Direktkreditgeber*innen gesucht. Denn unser Motto lautet: \"Lieber 1000 FreundInnen im R\u00fccken als eine Bank im Nacken\u2026\"","twitter_image":"https:\/\/schlor.org\/wp-content\/uploads\/2018\/12\/SchloR_Twitter_Preview.jpg","twitter_site":"@schlorrr","twitter_misc":{"Est. reading time":"2 minutes"},"schema":{"@context":"https:\/\/schema.org","@graph":[{"@type":"WebPage","@id":"https:\/\/schlor.org\/ueber-uns\/","url":"https:\/\/schlor.org\/ueber-uns\/","name":"\u00dcber uns &#8226; SchloR","isPartOf":{"@id":"https:\/\/schlor.org\/#website"},"datePublished":"2018-08-08T10:41:23+00:00","dateModified":"2025-10-26T17:53:32+00:00","breadcrumb":{"@id":"https:\/\/schlor.org\/ueber-uns\/#breadcrumb"},"inLanguage":"en-US","potentialAction":[{"@type":"ReadAction","target":["https:\/\/schlor.org\/ueber-uns\/"]}]},{"@type":"BreadcrumbList","@id":"https:\/\/schlor.org\/ueber-uns\/#breadcrumb","itemListElement":[{"@type":"ListItem","position":1,"name":"Home","item":"https:\/\/schlor.org\/"},{"@type":"ListItem","position":2,"name":"\u00dcber uns"}]},{"@type":"WebSite","@id":"https:\/\/schlor.org\/#website","url":"https:\/\/schlor.org\/","name":"SchloR","description":"Sch\u00f6ner leben in Wien-Simmering","publisher":{"@id":"https:\/\/schlor.org\/#organization"},"potentialAction":[{"@type":"SearchAction","target":{"@type":"EntryPoint","urlTemplate":"https:\/\/schlor.org\/?s={search_term_string}"},"query-input":{"@type":"PropertyValueSpecification","valueRequired":true,"valueName":"search_term_string"}}],"inLanguage":"en-US"},{"@type":"Organization","@id":"https:\/\/schlor.org\/#organization","name":"SchloR","url":"https:\/\/schlor.org\/","logo":{"@type":"ImageObject","inLanguage":"en-US","@id":"https:\/\/schlor.org\/#\/schema\/logo\/image\/","url":"https:\/\/schlor.org\/wp-content\/uploads\/2018\/12\/SchloRLogo2.png","contentUrl":"https:\/\/schlor.org\/wp-content\/uploads\/2018\/12\/SchloRLogo2.png","width":1000,"height":996,"caption":"SchloR"},"image":{"@id":"https:\/\/schlor.org\/#\/schema\/logo\/image\/"},"sameAs":["https:\/\/www.facebook.com\/schlor.org\/","https:\/\/x.com\/schlorrr","https:\/\/www.instagram.com\/schlor_\/","https:\/\/www.youtube.com\/channel\/UCxAyLZ3SwQu7NpYVwt5fMeg"]}]}},"_links":{"self":[{"href":"https:\/\/schlor.org\/en\/wp-json\/wp\/v2\/pages\/4152","targetHints":{"allow":["GET"]}}],"collection":[{"href":"https:\/\/schlor.org\/en\/wp-json\/wp\/v2\/pages"}],"about":[{"href":"https:\/\/schlor.org\/en\/wp-json\/wp\/v2\/types\/page"}],"author":[{"embeddable":true,"href":"https:\/\/schlor.org\/en\/wp-json\/wp\/v2\/users\/4"}],"replies":[{"embeddable":true,"href":"https:\/\/schlor.org\/en\/wp-json\/wp\/v2\/comments?post=4152"}],"version-history":[{"count":103,"href":"https:\/\/schlor.org\/en\/wp-json\/wp\/v2\/pages\/4152\/revisions"}],"predecessor-version":[{"id":35978,"href":"https:\/\/schlor.org\/en\/wp-json\/wp\/v2\/pages\/4152\/revisions\/35978"}],"wp:attachment":[{"href":"https:\/\/schlor.org\/en\/wp-json\/wp\/v2\/media?parent=4152"}],"curies":[{"name":"wp","href":"https:\/\/api.w.org\/{rel}","templated":true}]}}