{"id":3900,"date":"2017-12-13T18:34:44","date_gmt":"2017-12-13T17:34:44","guid":{"rendered":"https:\/\/schlor.org\/?page_id=3900"},"modified":"2020-11-23T09:31:35","modified_gmt":"2020-11-23T08:31:35","slug":"material","status":"publish","type":"page","link":"https:\/\/schlor.org\/en\/material\/","title":{"rendered":"Material"},"content":{"rendered":"<div data-elementor-type=\"wp-post\" data-elementor-id=\"3900\" class=\"elementor elementor-3900\">\n\t\t\t\t\t\t<section class=\"elementor-section elementor-top-section elementor-element elementor-element-4b86326 elementor-section-boxed elementor-section-height-default elementor-section-height-default\" data-id=\"4b86326\" data-element_type=\"section\" data-e-type=\"section\">\n\t\t\t\t\t\t<div class=\"elementor-container elementor-column-gap-default\">\n\t\t\t\t\t<div class=\"elementor-column elementor-col-100 elementor-top-column elementor-element elementor-element-2d40e79\" data-id=\"2d40e79\" data-element_type=\"column\" data-e-type=\"column\">\n\t\t\t<div class=\"elementor-widget-wrap elementor-element-populated\">\n\t\t\t\t\t\t<div class=\"elementor-element elementor-element-43a8d26 elementor-widget elementor-widget-heading\" data-id=\"43a8d26\" data-element_type=\"widget\" data-e-type=\"widget\" data-widget_type=\"heading.default\">\n\t\t\t\t<div class=\"elementor-widget-container\">\n\t\t\t\t\t<h4 class=\"elementor-heading-title elementor-size-default\">Aktuell<\/h4>\t\t\t\t<\/div>\n\t\t\t\t<\/div>\n\t\t\t\t<div class=\"elementor-element elementor-element-2426f4f elementor-widget elementor-widget-text-editor\" data-id=\"2426f4f\" data-element_type=\"widget\" data-e-type=\"widget\" data-widget_type=\"text-editor.default\">\n\t\t\t\t<div class=\"elementor-widget-container\">\n\t\t\t\t\t\t\t\t\t<p><\/p><p>Passend zu unserer Direktkreditkampagne 2020 ist nun auch unsere neue Werbebrosch\u00fcre f\u00fcr Anleger_innen erschienen. Hier im Bild Theresa, die f\u00fcr die grafische Gestaltung von unseren neuen Drucksorten verantwortlich ist, plus Milo (rechts im Bild). Die Brosch\u00fcre k\u00f6nnt ihr \u00fcbrigens <a href=\"https:\/\/schlor.org\/wp-content\/uploads\/2020\/11\/SCHLOR_Broschuere_20201101.pdf\">hier herunterladen<\/a>. Potenzielle Anleger_innen bekommen diese auf Wunsch auch <a href=\"https:\/\/schlor.org\/en\/home\/direktkredite\/\">gedruckt per Post zugeschickt<\/a> (einfach im Formular angeben).<\/p><p><\/p><p><\/p><p><\/p>\t\t\t\t\t\t\t\t<\/div>\n\t\t\t\t<\/div>\n\t\t\t\t\t<\/div>\n\t\t<\/div>\n\t\t\t\t\t<\/div>\n\t\t<\/section>\n\t\t\t\t<section class=\"elementor-section elementor-top-section elementor-element elementor-element-c379276 elementor-section-boxed elementor-section-height-default elementor-section-height-default\" data-id=\"c379276\" data-element_type=\"section\" data-e-type=\"section\">\n\t\t\t\t\t\t<div class=\"elementor-container elementor-column-gap-default\">\n\t\t\t\t\t<div class=\"elementor-column elementor-col-100 elementor-top-column elementor-element elementor-element-136ed47\" data-id=\"136ed47\" data-element_type=\"column\" data-e-type=\"column\">\n\t\t\t<div class=\"elementor-widget-wrap elementor-element-populated\">\n\t\t\t\t\t\t<div class=\"elementor-element elementor-element-f872051 elementor-widget elementor-widget-image-gallery\" data-id=\"f872051\" data-element_type=\"widget\" data-e-type=\"widget\" data-widget_type=\"image-gallery.default\">\n\t\t\t\t<div class=\"elementor-widget-container\">\n\t\t\t\t\t\t\t<div class=\"elementor-image-gallery\">\n\t\t\t<div id='gallery-1' class='gallery galleryid-3900 gallery-columns-4 gallery-size-thumbnail'><figure class='gallery-item'>\n\t\t\t<div class='gallery-icon landscape'>\n\t\t\t\t<img decoding=\"async\" width=\"150\" height=\"150\" src=\"https:\/\/schlor.org\/wp-content\/uploads\/2020\/11\/SCHLOR_Broschuere_20201101_01-150x150.jpg\" class=\"attachment-thumbnail size-thumbnail\" alt=\"\" srcset=\"https:\/\/schlor.org\/wp-content\/uploads\/2020\/11\/SCHLOR_Broschuere_20201101_01-150x150.jpg 150w, https:\/\/schlor.org\/wp-content\/uploads\/2020\/11\/SCHLOR_Broschuere_20201101_01-400x400.jpg 400w, https:\/\/schlor.org\/wp-content\/uploads\/2020\/11\/SCHLOR_Broschuere_20201101_01-230x230.jpg 230w, https:\/\/schlor.org\/wp-content\/uploads\/2020\/11\/SCHLOR_Broschuere_20201101_01-350x350.jpg 350w, https:\/\/schlor.org\/wp-content\/uploads\/2020\/11\/SCHLOR_Broschuere_20201101_01-480x480.jpg 480w, https:\/\/schlor.org\/wp-content\/uploads\/2020\/11\/SCHLOR_Broschuere_20201101_01.jpg 595w\" sizes=\"(max-width: 150px) 100vw, 150px\" \/>\n\t\t\t<\/div><\/figure><figure class='gallery-item'>\n\t\t\t<div class='gallery-icon landscape'>\n\t\t\t\t<img decoding=\"async\" width=\"150\" height=\"150\" src=\"https:\/\/schlor.org\/wp-content\/uploads\/2020\/11\/SCHLOR_Broschuere_20201101_06-150x150.jpg\" class=\"attachment-thumbnail size-thumbnail\" alt=\"\" srcset=\"https:\/\/schlor.org\/wp-content\/uploads\/2020\/11\/SCHLOR_Broschuere_20201101_06-150x150.jpg 150w, https:\/\/schlor.org\/wp-content\/uploads\/2020\/11\/SCHLOR_Broschuere_20201101_06-400x400.jpg 400w, https:\/\/schlor.org\/wp-content\/uploads\/2020\/11\/SCHLOR_Broschuere_20201101_06-230x230.jpg 230w, https:\/\/schlor.org\/wp-content\/uploads\/2020\/11\/SCHLOR_Broschuere_20201101_06-350x350.jpg 350w, https:\/\/schlor.org\/wp-content\/uploads\/2020\/11\/SCHLOR_Broschuere_20201101_06-480x480.jpg 480w, https:\/\/schlor.org\/wp-content\/uploads\/2020\/11\/SCHLOR_Broschuere_20201101_06.jpg 595w\" sizes=\"(max-width: 150px) 100vw, 150px\" \/>\n\t\t\t<\/div><\/figure><figure class='gallery-item'>\n\t\t\t<div class='gallery-icon landscape'>\n\t\t\t\t<img decoding=\"async\" width=\"150\" height=\"150\" src=\"https:\/\/schlor.org\/wp-content\/uploads\/2020\/11\/SCHLOR_Broschuere_20201101_12-150x150.jpg\" class=\"attachment-thumbnail size-thumbnail\" alt=\"\" srcset=\"https:\/\/schlor.org\/wp-content\/uploads\/2020\/11\/SCHLOR_Broschuere_20201101_12-150x150.jpg 150w, https:\/\/schlor.org\/wp-content\/uploads\/2020\/11\/SCHLOR_Broschuere_20201101_12-400x400.jpg 400w, https:\/\/schlor.org\/wp-content\/uploads\/2020\/11\/SCHLOR_Broschuere_20201101_12-230x230.jpg 230w, https:\/\/schlor.org\/wp-content\/uploads\/2020\/11\/SCHLOR_Broschuere_20201101_12-350x350.jpg 350w, https:\/\/schlor.org\/wp-content\/uploads\/2020\/11\/SCHLOR_Broschuere_20201101_12-480x480.jpg 480w, https:\/\/schlor.org\/wp-content\/uploads\/2020\/11\/SCHLOR_Broschuere_20201101_12.jpg 595w\" sizes=\"(max-width: 150px) 100vw, 150px\" \/>\n\t\t\t<\/div><\/figure><figure class='gallery-item'>\n\t\t\t<div class='gallery-icon landscape'>\n\t\t\t\t<img loading=\"lazy\" decoding=\"async\" width=\"150\" height=\"150\" src=\"https:\/\/schlor.org\/wp-content\/uploads\/2020\/11\/SCHLOR_Broschuere_20201101_16-150x150.jpg\" class=\"attachment-thumbnail size-thumbnail\" alt=\"\" srcset=\"https:\/\/schlor.org\/wp-content\/uploads\/2020\/11\/SCHLOR_Broschuere_20201101_16-150x150.jpg 150w, https:\/\/schlor.org\/wp-content\/uploads\/2020\/11\/SCHLOR_Broschuere_20201101_16-400x400.jpg 400w, https:\/\/schlor.org\/wp-content\/uploads\/2020\/11\/SCHLOR_Broschuere_20201101_16-230x230.jpg 230w, https:\/\/schlor.org\/wp-content\/uploads\/2020\/11\/SCHLOR_Broschuere_20201101_16-350x350.jpg 350w, https:\/\/schlor.org\/wp-content\/uploads\/2020\/11\/SCHLOR_Broschuere_20201101_16-480x480.jpg 480w, https:\/\/schlor.org\/wp-content\/uploads\/2020\/11\/SCHLOR_Broschuere_20201101_16.jpg 595w\" sizes=\"(max-width: 150px) 100vw, 150px\" \/>\n\t\t\t<\/div><\/figure>\n\t\t<\/div>\n\t\t<\/div>\n\t\t\t\t\t\t<\/div>\n\t\t\t\t<\/div>\n\t\t\t\t\t<\/div>\n\t\t<\/div>\n\t\t\t\t\t<\/div>\n\t\t<\/section>\n\t\t\t\t<section class=\"elementor-section elementor-top-section elementor-element elementor-element-f586fe4 elementor-section-boxed elementor-section-height-default elementor-section-height-default\" data-id=\"f586fe4\" data-element_type=\"section\" data-e-type=\"section\">\n\t\t\t\t\t\t<div class=\"elementor-container elementor-column-gap-default\">\n\t\t\t\t\t<div class=\"elementor-column elementor-col-100 elementor-top-column elementor-element elementor-element-1a92d3c\" data-id=\"1a92d3c\" data-element_type=\"column\" data-e-type=\"column\">\n\t\t\t<div class=\"elementor-widget-wrap elementor-element-populated\">\n\t\t\t\t\t\t<div class=\"elementor-element elementor-element-b9fa906 elementor-widget elementor-widget-heading\" data-id=\"b9fa906\" data-element_type=\"widget\" data-e-type=\"widget\" data-widget_type=\"heading.default\">\n\t\t\t\t<div class=\"elementor-widget-container\">\n\t\t\t\t\t<h4 class=\"elementor-heading-title elementor-size-default\">Archiv<\/h4>\t\t\t\t<\/div>\n\t\t\t\t<\/div>\n\t\t\t\t<div class=\"elementor-element elementor-element-c2208a0 elementor-widget elementor-widget-text-editor\" data-id=\"c2208a0\" data-element_type=\"widget\" data-e-type=\"widget\" data-widget_type=\"text-editor.default\">\n\t\t\t\t<div class=\"elementor-widget-container\">\n\t\t\t\t\t\t\t\t\t<p><a href=\"http:\/\/Artikel Neues Deutschland vom 24.04.2019\" data-wplink-url-error=\"true\">2019_04_24-Neues Deutschland Artikel habitat<\/a><\/p><hr \/><h4><a href=\"https:\/\/schlor.org\/wp-content\/uploads\/2019\/02\/SchloR-Folder-2019.pdf\">SchloR Folder 2019 &#8211; PDF<\/a><\/h4><hr \/><p>\u00a0<\/p><hr \/><h4>Radiobeitr\u00e4ge<\/h4><p><div class=\"wp-playlist wp-audio-playlist wp-playlist-light\">\n\t\t\t<div class=\"wp-playlist-current-item\"><\/div>\n\t\t<audio controls=\"controls\" preload=\"none\" width=\"1148\"\n\t\t\t><\/audio>\n\t<div class=\"wp-playlist-next\"><\/div>\n\t<div class=\"wp-playlist-prev\"><\/div>\n\t<noscript>\n\t<ol>\n\t\t<li><a href='https:\/\/schlor.org\/wp-content\/uploads\/2018\/02\/FM4-Auf-Laut-Wohnexperimente.mp3'>FM4 Auf Laut Wohnexperimente &#8211; mit freundlicher Genehmigung von Radio FM4<\/a><\/li><li><a href='https:\/\/schlor.org\/wp-content\/uploads\/2018\/02\/Radio-Orange-Radio-Stimme-aus-gutem-Hause-26.1.2018-mit-freundlicher-Genehmigung-von-Radio-Orange.mp3'>Radio Orange &#8211; Radio Stimme &#8211; aus gutem Hause &#8211; 26.1.2018 &#8211; mit freundlicher Genehmigung von Radio Orange<\/a><\/li><li><a href='https:\/\/schlor.org\/wp-content\/uploads\/2018\/01\/Moment-Habitat.mp3'>\u00d61 Moment &#8211; Leben heute &#8211; Jetzt kaufen wir das Haus! &#8211; 28.10.2018 &#8211; mit freundlicher Genehmigung des ORF<\/a><\/li><li><a href='https:\/\/schlor.org\/wp-content\/uploads\/2017\/12\/radio-orange-dispositiv-150921lebenimhabitat.mp3'>Radio Orange &#8211; Dispositiv &#8211; Leben im habiTAT &#8211; 21.9.15 &#8211; mit freundlicher Genehmigung von Radio Orange<\/a><\/li>\t<\/ol>\n\t<\/noscript>\n\t<script type=\"application\/json\" class=\"wp-playlist-script\">{\"type\":\"audio\",\"tracklist\":true,\"tracknumbers\":true,\"images\":true,\"artists\":true,\"tracks\":[{\"src\":\"https:\/\/schlor.org\/wp-content\/uploads\/2018\/02\/FM4-Auf-Laut-Wohnexperimente.mp3\",\"type\":\"audio\/mpeg\",\"title\":\"FM4 Auf Laut Wohnexperimente - mit freundlicher Genehmigung von Radio FM4\",\"caption\":\"\",\"description\":\"\\\"FM4 Auf Laut - Wohnexperimente - 20.2.2018 - mit freundlicher Genehmigung von Radio FM4\\\".\",\"meta\":{\"length_formatted\":\"36:12\"},\"image\":{\"src\":\"https:\/\/schlor.org\/wp-includes\/images\/media\/audio.svg\",\"width\":48,\"height\":64},\"thumb\":{\"src\":\"https:\/\/schlor.org\/wp-includes\/images\/media\/audio.svg\",\"width\":48,\"height\":64}},{\"src\":\"https:\/\/schlor.org\/wp-content\/uploads\/2018\/02\/Radio-Orange-Radio-Stimme-aus-gutem-Hause-26.1.2018-mit-freundlicher-Genehmigung-von-Radio-Orange.mp3\",\"type\":\"audio\/mpeg\",\"title\":\"Radio Orange - Radio Stimme - aus gutem Hause - 26.1.2018 - mit freundlicher Genehmigung von Radio Orange\",\"caption\":\"\",\"description\":\"\\\"Radio Orange - Radio Stimme - aus gutem Hause - 26.1.2018 - mit freundlicher Genehmigung von Radio Orange\\\".\",\"meta\":{\"length_formatted\":\"1:00:00\"},\"image\":{\"src\":\"https:\/\/schlor.org\/wp-includes\/images\/media\/audio.svg\",\"width\":48,\"height\":64},\"thumb\":{\"src\":\"https:\/\/schlor.org\/wp-includes\/images\/media\/audio.svg\",\"width\":48,\"height\":64}},{\"src\":\"https:\/\/schlor.org\/wp-content\/uploads\/2018\/01\/Moment-Habitat.mp3\",\"type\":\"audio\/mpeg\",\"title\":\"\\u00d61 Moment - Leben heute - Jetzt kaufen wir das Haus! - 28.10.2018 - mit freundlicher Genehmigung des ORF\",\"caption\":\"\",\"description\":\"\\u00d61 Moment - Leben heute - Jetzt kaufen wir das Haus! 28.10.2018\\nmit freundlicher Genehmigung des ORF.\",\"meta\":{\"length_formatted\":\"13:43\"},\"image\":{\"src\":\"https:\/\/schlor.org\/wp-includes\/images\/media\/audio.svg\",\"width\":48,\"height\":64},\"thumb\":{\"src\":\"https:\/\/schlor.org\/wp-includes\/images\/media\/audio.svg\",\"width\":48,\"height\":64}},{\"src\":\"https:\/\/schlor.org\/wp-content\/uploads\/2017\/12\/radio-orange-dispositiv-150921lebenimhabitat.mp3\",\"type\":\"audio\/mpeg\",\"title\":\"Radio Orange - Dispositiv - Leben im habiTAT - 21.9.15 - mit freundlicher Genehmigung von Radio Orange\",\"caption\":\"\",\"description\":\"\\\"radio orange - dispositiv - 150921lebenimhabitat\\\".\",\"meta\":{\"length_formatted\":\"51:49\"},\"image\":{\"src\":\"https:\/\/schlor.org\/wp-includes\/images\/media\/audio.svg\",\"width\":48,\"height\":64},\"thumb\":{\"src\":\"https:\/\/schlor.org\/wp-includes\/images\/media\/audio.svg\",\"width\":48,\"height\":64}}]}<\/script>\n<\/div>\n\t<\/p><hr \/><h4>Modell des Objekts<\/h4><p>Bilder mit freundlicher Genehmigung von <a href=\"http:\/\/www.gabu-wang.at\/\">GABU Heindl Architektur<\/a><\/p><p><code id=\"envira_shortcode_3935\">[envira-gallery id=\"3985\"]<\/code><\/p><hr \/><h4>SchloR<\/h4><p><code id=\"envira_shortcode_3935\">[envira-gallery id=\"3935\"]<\/code><\/p><hr \/><h4>HabiTAT YouTube Channel:<\/h4><p><script src=\"https:\/\/apis.google.com\/js\/platform.js\" gapi_processed=\"true\"><\/script><\/p><div class=\"g-ytsubscribe\" data-count=\"default\" data-theme=\"dark\" data-layout=\"full\" data-channelid=\"UCxAyLZ3SwQu7NpYVwt5fMeg\">\u00a0<\/div><hr \/><h4>Logos<\/h4><p><code id=\"envira_shortcode_3944\">[envira-gallery id=\"3944\"]<\/code><\/p><hr \/><h4>Flyer<\/h4><p><code id=\"envira_shortcode_3945\">[envira-gallery id=\"3945\"]<\/code><\/p><hr \/><p><\/p><hr \/><p><\/p>\t\t\t\t\t\t\t\t<\/div>\n\t\t\t\t<\/div>\n\t\t\t\t\t<\/div>\n\t\t<\/div>\n\t\t\t\t\t<\/div>\n\t\t<\/section>\n\t\t\t\t<\/div>","protected":false},"excerpt":{"rendered":"<p>Aktuell Passend zu unserer Direktkreditkampagne 2020 ist nun auch unsere neue Werbebrosch\u00fcre f\u00fcr Anleger_innen erschienen. Hier im Bild Theresa, die f\u00fcr die [&hellip;]<\/p>","protected":false},"author":4,"featured_media":0,"parent":0,"menu_order":0,"comment_status":"closed","ping_status":"closed","template":"","meta":{"footnotes":""},"class_list":["post-3900","page","type-page","status-publish","hentry"],"yoast_head":"<!-- This site is optimized with the Yoast SEO plugin v27.3 - https:\/\/yoast.com\/product\/yoast-seo-wordpress\/ -->\n<title>Material &#8226; SchloR<\/title>\n<meta name=\"robots\" content=\"index, follow, max-snippet:-1, max-image-preview:large, max-video-preview:-1\" \/>\n<link rel=\"canonical\" href=\"https:\/\/schlor.org\/en\/home\/material\/\" \/>\n<meta property=\"og:locale\" content=\"en_US\" \/>\n<meta property=\"og:type\" content=\"article\" \/>\n<meta property=\"og:title\" content=\"Jetzt mit einem Direktkredit unterst\u00fctzen!\" \/>\n<meta property=\"og:description\" content=\"Du m\u00f6chtest dein Geld in einem sinnvollen Projekt anlegen und dabei auch Zinsen bekommen? Kein Problem! Bei #SchloR werden laufend #Direktkreditgeber*innen gesucht. Denn unser Motto lautet: &quot;Lieber 1000 FreundInnen im R\u00fccken als eine Bank im Nacken\u2026&quot;\" \/>\n<meta property=\"og:url\" content=\"https:\/\/schlor.org\/en\/home\/material\/\" \/>\n<meta property=\"og:site_name\" content=\"SchloR\" \/>\n<meta property=\"article:publisher\" content=\"https:\/\/www.facebook.com\/schlor.org\/\" \/>\n<meta property=\"article:modified_time\" content=\"2020-11-23T08:31:35+00:00\" \/>\n<meta property=\"og:image\" content=\"https:\/\/schlor.org\/wp-content\/uploads\/2020\/11\/SCHLOR_Broschuere_20201101_01-150x150.jpg\" \/>\n<meta name=\"twitter:card\" content=\"summary_large_image\" \/>\n<meta name=\"twitter:title\" content=\"Jetzt mit einem Direktkredit unterst\u00fctzen!\" \/>\n<meta name=\"twitter:description\" content=\"Du m\u00f6chtest dein Geld in einem sinnvollen Projekt anlegen und dabei auch Zinsen bekommen? Kein Problem! Bei #SchloR werden laufend #Direktkreditgeber*innen gesucht. Denn unser Motto lautet: &quot;Lieber 1000 FreundInnen im R\u00fccken als eine Bank im Nacken\u2026&quot;\" \/>\n<meta name=\"twitter:site\" content=\"@schlorrr\" \/>\n<meta name=\"twitter:label1\" content=\"Est. reading time\" \/>\n\t<meta name=\"twitter:data1\" content=\"1 minute\" \/>\n<script type=\"application\/ld+json\" class=\"yoast-schema-graph\">{\"@context\":\"https:\\\/\\\/schema.org\",\"@graph\":[{\"@type\":\"WebPage\",\"@id\":\"https:\\\/\\\/schlor.org\\\/home\\\/material\\\/\",\"url\":\"https:\\\/\\\/schlor.org\\\/home\\\/material\\\/\",\"name\":\"Material &#8226; SchloR\",\"isPartOf\":{\"@id\":\"https:\\\/\\\/schlor.org\\\/#website\"},\"primaryImageOfPage\":{\"@id\":\"https:\\\/\\\/schlor.org\\\/home\\\/material\\\/#primaryimage\"},\"image\":{\"@id\":\"https:\\\/\\\/schlor.org\\\/home\\\/material\\\/#primaryimage\"},\"thumbnailUrl\":\"https:\\\/\\\/schlor.org\\\/wp-content\\\/uploads\\\/2020\\\/11\\\/SCHLOR_Broschuere_20201101_01-150x150.jpg\",\"datePublished\":\"2017-12-13T17:34:44+00:00\",\"dateModified\":\"2020-11-23T08:31:35+00:00\",\"breadcrumb\":{\"@id\":\"https:\\\/\\\/schlor.org\\\/home\\\/material\\\/#breadcrumb\"},\"inLanguage\":\"en-US\",\"potentialAction\":[{\"@type\":\"ReadAction\",\"target\":[\"https:\\\/\\\/schlor.org\\\/home\\\/material\\\/\"]}]},{\"@type\":\"ImageObject\",\"inLanguage\":\"en-US\",\"@id\":\"https:\\\/\\\/schlor.org\\\/home\\\/material\\\/#primaryimage\",\"url\":\"https:\\\/\\\/schlor.org\\\/wp-content\\\/uploads\\\/2020\\\/11\\\/SCHLOR_Broschuere_20201101_01-150x150.jpg\",\"contentUrl\":\"https:\\\/\\\/schlor.org\\\/wp-content\\\/uploads\\\/2020\\\/11\\\/SCHLOR_Broschuere_20201101_01-150x150.jpg\"},{\"@type\":\"BreadcrumbList\",\"@id\":\"https:\\\/\\\/schlor.org\\\/home\\\/material\\\/#breadcrumb\",\"itemListElement\":[{\"@type\":\"ListItem\",\"position\":1,\"name\":\"Home\",\"item\":\"https:\\\/\\\/schlor.org\\\/\"},{\"@type\":\"ListItem\",\"position\":2,\"name\":\"Material\"}]},{\"@type\":\"WebSite\",\"@id\":\"https:\\\/\\\/schlor.org\\\/#website\",\"url\":\"https:\\\/\\\/schlor.org\\\/\",\"name\":\"SchloR\",\"description\":\"Sch\u00f6ner leben in Wien-Simmering\",\"publisher\":{\"@id\":\"https:\\\/\\\/schlor.org\\\/#organization\"},\"potentialAction\":[{\"@type\":\"SearchAction\",\"target\":{\"@type\":\"EntryPoint\",\"urlTemplate\":\"https:\\\/\\\/schlor.org\\\/?s={search_term_string}\"},\"query-input\":{\"@type\":\"PropertyValueSpecification\",\"valueRequired\":true,\"valueName\":\"search_term_string\"}}],\"inLanguage\":\"en-US\"},{\"@type\":\"Organization\",\"@id\":\"https:\\\/\\\/schlor.org\\\/#organization\",\"name\":\"SchloR\",\"url\":\"https:\\\/\\\/schlor.org\\\/\",\"logo\":{\"@type\":\"ImageObject\",\"inLanguage\":\"en-US\",\"@id\":\"https:\\\/\\\/schlor.org\\\/#\\\/schema\\\/logo\\\/image\\\/\",\"url\":\"https:\\\/\\\/schlor.org\\\/wp-content\\\/uploads\\\/2018\\\/12\\\/SchloRLogo2.png\",\"contentUrl\":\"https:\\\/\\\/schlor.org\\\/wp-content\\\/uploads\\\/2018\\\/12\\\/SchloRLogo2.png\",\"width\":1000,\"height\":996,\"caption\":\"SchloR\"},\"image\":{\"@id\":\"https:\\\/\\\/schlor.org\\\/#\\\/schema\\\/logo\\\/image\\\/\"},\"sameAs\":[\"https:\\\/\\\/www.facebook.com\\\/schlor.org\\\/\",\"https:\\\/\\\/x.com\\\/schlorrr\",\"https:\\\/\\\/www.instagram.com\\\/schlor_\\\/\",\"https:\\\/\\\/www.youtube.com\\\/channel\\\/UCxAyLZ3SwQu7NpYVwt5fMeg\"]}]}<\/script>\n<!-- \/ Yoast SEO plugin. -->","yoast_head_json":{"title":"Material &#8226; SchloR","robots":{"index":"index","follow":"follow","max-snippet":"max-snippet:-1","max-image-preview":"max-image-preview:large","max-video-preview":"max-video-preview:-1"},"canonical":"https:\/\/schlor.org\/en\/home\/material\/","og_locale":"en_US","og_type":"article","og_title":"Jetzt mit einem Direktkredit unterst\u00fctzen!","og_description":"Du m\u00f6chtest dein Geld in einem sinnvollen Projekt anlegen und dabei auch Zinsen bekommen? Kein Problem! Bei #SchloR werden laufend #Direktkreditgeber*innen gesucht. Denn unser Motto lautet: \"Lieber 1000 FreundInnen im R\u00fccken als eine Bank im Nacken\u2026\"","og_url":"https:\/\/schlor.org\/en\/home\/material\/","og_site_name":"SchloR","article_publisher":"https:\/\/www.facebook.com\/schlor.org\/","article_modified_time":"2020-11-23T08:31:35+00:00","og_image":[{"url":"https:\/\/schlor.org\/wp-content\/uploads\/2020\/11\/SCHLOR_Broschuere_20201101_01-150x150.jpg","type":"","width":"","height":""}],"twitter_card":"summary_large_image","twitter_title":"Jetzt mit einem Direktkredit unterst\u00fctzen!","twitter_description":"Du m\u00f6chtest dein Geld in einem sinnvollen Projekt anlegen und dabei auch Zinsen bekommen? Kein Problem! Bei #SchloR werden laufend #Direktkreditgeber*innen gesucht. Denn unser Motto lautet: \"Lieber 1000 FreundInnen im R\u00fccken als eine Bank im Nacken\u2026\"","twitter_site":"@schlorrr","twitter_misc":{"Est. reading time":"1 minute"},"schema":{"@context":"https:\/\/schema.org","@graph":[{"@type":"WebPage","@id":"https:\/\/schlor.org\/home\/material\/","url":"https:\/\/schlor.org\/home\/material\/","name":"Material &#8226; SchloR","isPartOf":{"@id":"https:\/\/schlor.org\/#website"},"primaryImageOfPage":{"@id":"https:\/\/schlor.org\/home\/material\/#primaryimage"},"image":{"@id":"https:\/\/schlor.org\/home\/material\/#primaryimage"},"thumbnailUrl":"https:\/\/schlor.org\/wp-content\/uploads\/2020\/11\/SCHLOR_Broschuere_20201101_01-150x150.jpg","datePublished":"2017-12-13T17:34:44+00:00","dateModified":"2020-11-23T08:31:35+00:00","breadcrumb":{"@id":"https:\/\/schlor.org\/home\/material\/#breadcrumb"},"inLanguage":"en-US","potentialAction":[{"@type":"ReadAction","target":["https:\/\/schlor.org\/home\/material\/"]}]},{"@type":"ImageObject","inLanguage":"en-US","@id":"https:\/\/schlor.org\/home\/material\/#primaryimage","url":"https:\/\/schlor.org\/wp-content\/uploads\/2020\/11\/SCHLOR_Broschuere_20201101_01-150x150.jpg","contentUrl":"https:\/\/schlor.org\/wp-content\/uploads\/2020\/11\/SCHLOR_Broschuere_20201101_01-150x150.jpg"},{"@type":"BreadcrumbList","@id":"https:\/\/schlor.org\/home\/material\/#breadcrumb","itemListElement":[{"@type":"ListItem","position":1,"name":"Home","item":"https:\/\/schlor.org\/"},{"@type":"ListItem","position":2,"name":"Material"}]},{"@type":"WebSite","@id":"https:\/\/schlor.org\/#website","url":"https:\/\/schlor.org\/","name":"SchloR","description":"Sch\u00f6ner leben in Wien-Simmering","publisher":{"@id":"https:\/\/schlor.org\/#organization"},"potentialAction":[{"@type":"SearchAction","target":{"@type":"EntryPoint","urlTemplate":"https:\/\/schlor.org\/?s={search_term_string}"},"query-input":{"@type":"PropertyValueSpecification","valueRequired":true,"valueName":"search_term_string"}}],"inLanguage":"en-US"},{"@type":"Organization","@id":"https:\/\/schlor.org\/#organization","name":"SchloR","url":"https:\/\/schlor.org\/","logo":{"@type":"ImageObject","inLanguage":"en-US","@id":"https:\/\/schlor.org\/#\/schema\/logo\/image\/","url":"https:\/\/schlor.org\/wp-content\/uploads\/2018\/12\/SchloRLogo2.png","contentUrl":"https:\/\/schlor.org\/wp-content\/uploads\/2018\/12\/SchloRLogo2.png","width":1000,"height":996,"caption":"SchloR"},"image":{"@id":"https:\/\/schlor.org\/#\/schema\/logo\/image\/"},"sameAs":["https:\/\/www.facebook.com\/schlor.org\/","https:\/\/x.com\/schlorrr","https:\/\/www.instagram.com\/schlor_\/","https:\/\/www.youtube.com\/channel\/UCxAyLZ3SwQu7NpYVwt5fMeg"]}]}},"_links":{"self":[{"href":"https:\/\/schlor.org\/en\/wp-json\/wp\/v2\/pages\/3900","targetHints":{"allow":["GET"]}}],"collection":[{"href":"https:\/\/schlor.org\/en\/wp-json\/wp\/v2\/pages"}],"about":[{"href":"https:\/\/schlor.org\/en\/wp-json\/wp\/v2\/types\/page"}],"author":[{"embeddable":true,"href":"https:\/\/schlor.org\/en\/wp-json\/wp\/v2\/users\/4"}],"replies":[{"embeddable":true,"href":"https:\/\/schlor.org\/en\/wp-json\/wp\/v2\/comments?post=3900"}],"version-history":[{"count":59,"href":"https:\/\/schlor.org\/en\/wp-json\/wp\/v2\/pages\/3900\/revisions"}],"predecessor-version":[{"id":5833,"href":"https:\/\/schlor.org\/en\/wp-json\/wp\/v2\/pages\/3900\/revisions\/5833"}],"wp:attachment":[{"href":"https:\/\/schlor.org\/en\/wp-json\/wp\/v2\/media?parent=3900"}],"curies":[{"name":"wp","href":"https:\/\/api.w.org\/{rel}","templated":true}]}}