{"id":3793,"date":"2017-11-29T17:37:12","date_gmt":"2017-11-29T16:37:12","guid":{"rendered":"https:\/\/schlor.org\/?page_id=3793"},"modified":"2019-06-25T17:31:56","modified_gmt":"2019-06-25T15:31:56","slug":"schlor","status":"publish","type":"page","link":"https:\/\/schlor.org\/en\/schlor\/","title":{"rendered":"Sch\u00f6ner leben ohne\u2026?"},"content":{"rendered":"<figure class=\"wp-block-image is-resized\"><a href=\"https:\/\/schlor.org\/index.php\/was-ist-schlor-2\/\"><img fetchpriority=\"high\" decoding=\"async\" src=\"https:\/\/schlor.org\/wp-content\/uploads\/2018\/12\/SchloR_Mail_Gruppe.jpg\" alt=\"\" class=\"wp-image-4524\" width=\"640\" height=\"200\"\/><\/a><figcaption>Foto von Karl Ernst. SchloR Kerngruppe, November 2018.<\/figcaption><\/figure>\n\n\n\n<h3 class=\"wp-block-heading\">Guten Tag!<br><\/h3>\n\n\n\n<p>\u00bbSch\u00f6ner leben ohne&#8230;?\u00ab kurz SchloR ist unser Name! Wir wollen ein selbstverwaltetes Wohn- und Kulturzentrum in Wien auf die Beine stellen. Unsere Zug\u00e4nge sind unterschiedlich, dieser Traum eint uns aber. Und er wird nun in raschen Schritten immer konkreter. Ein Grundst\u00fcck in Wien Simmering\ud83c\udf08 l\u00e4sst unsere \u2764\u2764\u2764 h\u00f6her schlagen. Schon im Fr\u00fchjahr 2019 wird es voraussichtlich soweit sein: Wir werden kaufen und damit die Immobilie dem freien Markt f\u00fcr immer entziehen! Daf\u00fcr brauchen wir deine Unterst\u00fctzung.<\/p>\n\n\n\n<p><a href=\"https:\/\/schlor.org\/index.php\/bewohner_innen\/\">Mehr \u00fcber uns&#8230;<br><\/a><\/p>\n\n\n\n<hr class=\"wp-block-separator\"\/>\n\n\n\n<figure class=\"wp-block-image\"><a href=\"https:\/\/schlor.org\/index.php\/das-haus\/\"><img decoding=\"async\" width=\"640\" height=\"240\" src=\"https:\/\/schlor.org\/wp-content\/uploads\/2018\/12\/Axo_klein.jpg\" alt=\"\" class=\"wp-image-4560\" srcset=\"https:\/\/schlor.org\/wp-content\/uploads\/2018\/12\/Axo_klein.jpg 640w, https:\/\/schlor.org\/wp-content\/uploads\/2018\/12\/Axo_klein-400x150.jpg 400w, https:\/\/schlor.org\/wp-content\/uploads\/2018\/12\/Axo_klein-230x86.jpg 230w, https:\/\/schlor.org\/wp-content\/uploads\/2018\/12\/Axo_klein-350x131.jpg 350w, https:\/\/schlor.org\/wp-content\/uploads\/2018\/12\/Axo_klein-480x180.jpg 480w\" sizes=\"(max-width: 640px) 100vw, 640px\" \/><\/a><figcaption>Grafik von <a rel=\"noreferrer noopener\" aria-label=\"Bild:\u00a0GABU Heindl Architektur (opens in a new tab)\" href=\"http:\/\/www.gabu-wang.at\/\" target=\"_blank\">GABU Heindl Architektur<\/a><\/figcaption><\/figure>\n\n\n\n<h3 class=\"wp-block-heading\" style=\"text-align:left\">Das Grundst\u00fcck in Simmering\ud83c\udf08<\/h3>\n\n\n\n<p>Auf dem \u00fcber 3.000m2 gro\u00dfen Grundst\u00fcck in der Rappachgasse besteht jetzt bereits eine 500m2 gro\u00dfe Trainingshalle f\u00fcr Zirkus-, Aerial- und Tanzakrobat*innen. Nach dem Umbau wird es zus\u00e4tzlich Geb\u00e4ude mit rund 1.400m2 Nutzfl\u00e4che geben. Diese bieten den Raum f\u00fcr das geplante Wohn- und Kulturzentrum. So werden dort in klimafreundlicher wie auch \u00f6kologischer Bauweise u.a. Ateliers, Prober\u00e4ume und Werkst\u00e4tten zur niederschwelligen Nutzung entstehen.<\/p>\n\n\n\n<p><a href=\"https:\/\/schlor.org\/index.php\/das-haus\/\">Mehr \u00fcber das Grundst\u00fcck&#8230;<\/a><\/p>\n\n\n\n<hr class=\"wp-block-separator\"\/>\n\n\n\n<figure class=\"wp-block-image is-resized\"><img decoding=\"async\" src=\"https:\/\/schlor.org\/wp-content\/uploads\/2018\/12\/SchloR_Mail_Header2.jpg\" alt=\"\" class=\"wp-image-4526\" width=\"640\" srcset=\"https:\/\/schlor.org\/wp-content\/uploads\/2018\/12\/SchloR_Mail_Header2.jpg 570w, https:\/\/schlor.org\/wp-content\/uploads\/2018\/12\/SchloR_Mail_Header2-400x140.jpg 400w, https:\/\/schlor.org\/wp-content\/uploads\/2018\/12\/SchloR_Mail_Header2-230x81.jpg 230w, https:\/\/schlor.org\/wp-content\/uploads\/2018\/12\/SchloR_Mail_Header2-350x123.jpg 350w, https:\/\/schlor.org\/wp-content\/uploads\/2018\/12\/SchloR_Mail_Header2-480x168.jpg 480w\" sizes=\"(max-width: 570px) 100vw, 570px\" \/><figcaption>Grafik von <a rel=\"noreferrer noopener\" href=\"http:\/\/www.gabu-wang.at\/\" target=\"_blank\">GABU Heindl Architektur<\/a><\/figcaption><\/figure>\n\n\n\n<h3 class=\"wp-block-heading\" style=\"text-align:left\">Unterst\u00fctzung durch Direktkredite <\/h3>\n\n\n\n<p>Lieber 1000 Freund*innen im R\u00fccken als eine Bank im Nacken, lautet einer unserer Leitspr\u00fcche. Denn ein wesentlicher Pfeiler f\u00fcr uns sind Direktkredite. Das sind Darlehen von privaten Personen, die<\/span><\/span><\/span> <span style=\"font-family: Times New Roman, serif;\"><span style=\"font-size: medium;\"><span lang=\"de-AT\">uns zwischen 500 Euro und maximal 50.000 Euro leihen. Geldgeber*innen und wir als Hausprojekt gehen dabei eine solidarische Kooperation auf Augenh\u00f6he ein. Durch Direktkredite bekommen wir so verh\u00e4ltnism\u00e4\u00dfig g\u00fcnstige Darlehen. Wir sind so also unabh\u00e4ngiger von Banken und deren hohen Kreditzinsen. F\u00fcr private Kreditgeber*innen stellen sie zugleich ein attraktives Anlageangebot dar. Bekommen diese doch von uns wiederum h\u00f6here Zinsen, als bei einer Bank \u00fcblich ist. Schlussendlich wissen Kreditgeber*innen bei uns ganz genau, was mit ihrem Geld passiert. So unterst\u00fctzen diese ein gemeinwohlorientiertes Projekt, statt eine Bank. Eine Win-Win-Win-Situation also.<\/p>\n\n\n\n<p><a href=\"https:\/\/schlor.org\/index.php\/finanzierungskonzept-und-direktkredite\/\">Jetzt unterst\u00fctzen und Direktkredit geben&#8230;<\/a><\/p>\n\n\n\n<hr class=\"wp-block-separator\"\/>\n\n\n\n<figure><iframe src=\"https:\/\/www.w24.at\/embed\/13137\" allowfullscreen=\"\" width=\"640\" height=\"320\" frameborder=\"0\"><\/iframe><\/figure>\n\n\n\n<h3 class=\"wp-block-heading\" style=\"text-align:left\"><strong>Unsere Mission<\/strong><\/h3>\n\n\n\n<p>Mit dem Kauf des Grundst\u00fccks wollen wir dieses gemeinwohlorientiert nutzen, statt Profite damit zu machen. Wir wollen solidarisch miteinander wohnen und wirtschaften. Unser konkretes Ziel ist es, einen g\u00fcnstigen, nutzbaren und mitgestaltbaren Arbeits-, Kultur- und Wohnraum zu schaffen. Uns motiviert dabei nicht die Anh\u00e4ufung von Besitz oder steigende Renditen. Denn wir sind Teil von <a rel=\"noreferrer noopener\" aria-label=\"Mit dem Kauf des Grundst\u00fccks wollen wir dieses gemeinwohlorientiert nutzen, statt Profite damit zu machen. Wir wollen solidarisch miteinander wohnen und wirtschaften. Unser konkretes Ziel ist es, einen g\u00fcnstigen, nutzbaren und mitgestaltbaren Arbeits-, Kultur- und Wohnraum zu schaffen. Uns motiviert dabei nicht die Anh\u00e4ufung von Besitz oder steigende Renditen. Denn wir sind Teil von habiTAT, dem Mietsh\u00e4usersyndikat in \u00d6sterreich. Unsere gemeinsame Mission? Wir wollen als konkrete Utopie einen ersten Schritt machen, um den aktuellen Mietenwahnsinn zu stoppen! Weiter zum Beitrag auf W24... (opens in a new tab)\" href=\"https:\/\/habitat.servus.at\/\" target=\"_blank\">habiTAT<\/a>, dem <a rel=\"noreferrer noopener\" aria-label=\"Mit dem Kauf des Grundst\u00fccks wollen wir dieses gemeinwohlorientiert nutzen, statt Profite damit zu machen. Wir wollen solidarisch miteinander wohnen und wirtschaften. Unser konkretes Ziel ist es, einen g\u00fcnstigen, nutzbaren und mitgestaltbaren Arbeits-, Kultur- und Wohnraum zu schaffen. Uns motiviert dabei nicht die Anh\u00e4ufung von Besitz oder steigende Renditen. Denn wir sind Teil von habiTAT, dem Mietsh\u00e4usersyndikat in \u00d6sterreich. Unsere gemeinsame Mission? Wir wollen als konkrete Utopie einen ersten Schritt machen, um den aktuellen Mietenwahnsinn zu stoppen! Weiter zum Beitrag auf W24... (opens in a new tab)\" href=\"https:\/\/www.syndikat.org\/de\/\" target=\"_blank\">Mietsh\u00e4usersyndikat<\/a> in \u00d6sterreich. Unsere gemeinsame Mission? Wir wollen als konkrete Utopie einen ersten Schritt machen, um den aktuellen Mietenwahnsinn zu stoppen!\u270a\ud83c\udffc<\/p>\n\n\n\n<p><a rel=\"noreferrer noopener\" aria-label=\"Mit dem Kauf des Grundst\u00fccks wollen wir dieses gemeinwohlorientiert nutzen, statt Profite damit zu machen. Wir wollen solidarisch miteinander wohnen und wirtschaften. Unser konkretes Ziel ist es, einen g\u00fcnstigen, nutzbaren und mitgestaltbaren Arbeits-, Kultur- und Wohnraum zu schaffen. Uns motiviert dabei nicht die Anh\u00e4ufung von Besitz oder steigende Renditen. Denn wir sind Teil von habiTAT, dem Mietsh\u00e4usersyndikat in \u00d6sterreich. Unsere gemeinsame Mission? Wir wollen als konkrete Utopie einen ersten Schritt machen, um den aktuellen Mietenwahnsinn zu stoppen! Weiter zum Beitrag auf W24... (opens in a new tab)\" href=\"https:\/\/www.w24.at\/Meldungen\/2018\/11\/Neues-Hausprojekt-Schoener-Wohnen-ohne-Rendite\" target=\"_blank\">Weiter zum Beitrag auf W24&#8230;<\/a><\/p>\n\n\n\n<hr class=\"wp-block-separator\"\/>\n\n\n\n<h2 class=\"wp-block-heading\" style=\"text-align:center\"><span style=\"font-family: Times New Roman, serif;\"><span style=\"font-size: medium;\">Du findest uns auch auf: <a rel=\"noreferrer noopener\" aria-label=\"Du findest uns auch auf: Instagram | Facebook | Twitter (opens in a new tab)\" href=\"https:\/\/www.instagram.com\/schlor_\/\" target=\"_blank\">Instagram<\/a> | <a rel=\"noreferrer noopener\" aria-label=\"Du findest uns auch auf: Instagram | Facebook | Twitter (opens in a new tab)\" href=\"https:\/\/www.facebook.com\/schlor.org\/\" target=\"_blank\">Facebook<\/a> | <a href=\"https:\/\/twitter.com\/schlorrr\" target=\"_blank\" rel=\"noreferrer noopener\" aria-label=\"Du findest uns auch auf: Instagram | Facebook | Twitter (opens in a new tab)\">Twitter<\/a><br><\/span><\/span><\/h2>","protected":false},"excerpt":{"rendered":"<p>Guten Tag! \u00bbSch\u00f6ner leben ohne&#8230;?\u00ab kurz SchloR ist unser Name! Wir wollen ein selbstverwaltetes Wohn- und Kulturzentrum in Wien auf die Beine [&hellip;]<\/p>","protected":false},"author":4,"featured_media":0,"parent":0,"menu_order":0,"comment_status":"closed","ping_status":"closed","template":"","meta":{"footnotes":""},"class_list":["post-3793","page","type-page","status-publish","hentry"],"yoast_head":"<!-- This site is optimized with the Yoast SEO plugin v27.3 - https:\/\/yoast.com\/product\/yoast-seo-wordpress\/ -->\n<title>Sch\u00f6ner leben ohne\u2026? &#8226; SchloR<\/title>\n<meta name=\"description\" content=\"Guten Tag! \u00bbSch\u00f6ner leben ohne...?\u00ab kurz SchloR ist unser Name! Wir wollen ein selbstverwaltetes Wohn- und Kulturzentrum in Wien auf die Beine stellen. Unsere Zug\u00e4nge sind unterschiedlich, dieser Traum eint uns. Und er wird nun in raschen Schritten immer konkreter. Ein Grundst\u00fcck in Wien Simmering l\u00e4sst unsere Herzen h\u00f6her schlagen. Schon Anfang 2019 wird es voraussichtlich soweit sein: Wir werden kaufen und damit die Immobilie dem freien Markt f\u00fcr immer entziehen! Und das als erstes Pionierprojekt im Rahmen von habiTaT bzw. Mietsh\u00e4usersyndikat in Wien. Daf\u00fcr brauchen wir deine Unterst\u00fctzung. #SchloR #habiTaT #Mietsh\u00e4usersyndikat #MHS\" \/>\n<meta name=\"robots\" content=\"index, follow, max-snippet:-1, max-image-preview:large, max-video-preview:-1\" \/>\n<link rel=\"canonical\" href=\"https:\/\/schlor.org\/en\/schlor\/\" \/>\n<meta property=\"og:locale\" content=\"en_US\" \/>\n<meta property=\"og:type\" content=\"article\" \/>\n<meta property=\"og:title\" content=\"Guten Tag! \u00bbSch\u00f6ner leben ohne...?\u00ab kurz SchloR ist unser Name!\" \/>\n<meta property=\"og:description\" content=\"Unsere Zug\u00e4nge sind unterschiedlich, dieser Traum eint uns. Ein Grundst\u00fcck in Wien Simmering l\u00e4sst unsere Herzen h\u00f6her schlagen. Schon Anfang 2019 wird es voraussichtlich soweit sein: Wir werden kaufen und damit die Immobilie dem freien Markt f\u00fcr immer entziehen! Und das als erstes Pionierprojekt im Rahmen von habiTaT bzw. Mietsh\u00e4usersyndikat in Wien. Daf\u00fcr brauchen wir deine Unterst\u00fctzung. #SchloR #habiTaT #Mietsh\u00e4usersyndikat #MHS\" \/>\n<meta property=\"og:url\" content=\"https:\/\/schlor.org\/en\/schlor\/\" \/>\n<meta property=\"og:site_name\" content=\"SchloR\" \/>\n<meta property=\"article:publisher\" content=\"https:\/\/www.facebook.com\/schlor.org\/\" \/>\n<meta property=\"article:modified_time\" content=\"2019-06-25T15:31:56+00:00\" \/>\n<meta property=\"og:image\" content=\"https:\/\/schlor.org\/wp-content\/uploads\/2018\/12\/SchloR_FB_Preview.jpg\" \/>\n\t<meta property=\"og:image:width\" content=\"1200\" \/>\n\t<meta property=\"og:image:height\" content=\"630\" \/>\n\t<meta property=\"og:image:type\" content=\"image\/jpeg\" \/>\n<meta name=\"twitter:card\" content=\"summary_large_image\" \/>\n<meta name=\"twitter:title\" content=\"Guten Tag! \u00bbSch\u00f6ner leben ohne...?\u00ab kurz SchloR ist unser Name!\" \/>\n<meta name=\"twitter:description\" content=\"Unsere Zug\u00e4nge sind unterschiedlich, dieser Traum eint uns. Ein Grundst\u00fcck in Wien Simmering l\u00e4sst unsere Herzen h\u00f6her schlagen. Schon Anfang 2019 wird es voraussichtlich soweit sein: Wir werden kaufen und damit die Immobilie dem freien Markt f\u00fcr immer entziehen! Und das als erstes Pionierprojekt im Rahmen von habiTaT bzw. Mietsh\u00e4usersyndikat in Wien. Daf\u00fcr brauchen wir deine Unterst\u00fctzung. #SchloR #habiTaT #Mietsh\u00e4usersyndikat #MHS\" \/>\n<meta name=\"twitter:image\" content=\"https:\/\/schlor.org\/wp-content\/uploads\/2018\/12\/SchloR_Twitter_Preview.jpg\" \/>\n<meta name=\"twitter:site\" content=\"@schlorrr\" \/>\n<meta name=\"twitter:label1\" content=\"Est. reading time\" \/>\n\t<meta name=\"twitter:data1\" content=\"2 minutes\" \/>\n<script type=\"application\/ld+json\" class=\"yoast-schema-graph\">{\"@context\":\"https:\\\/\\\/schema.org\",\"@graph\":[{\"@type\":\"WebPage\",\"@id\":\"https:\\\/\\\/schlor.org\\\/schlor\\\/\",\"url\":\"https:\\\/\\\/schlor.org\\\/schlor\\\/\",\"name\":\"Sch\u00f6ner leben ohne\u2026? &#8226; SchloR\",\"isPartOf\":{\"@id\":\"https:\\\/\\\/schlor.org\\\/#website\"},\"primaryImageOfPage\":{\"@id\":\"https:\\\/\\\/schlor.org\\\/schlor\\\/#primaryimage\"},\"image\":{\"@id\":\"https:\\\/\\\/schlor.org\\\/schlor\\\/#primaryimage\"},\"thumbnailUrl\":\"https:\\\/\\\/schlor.org\\\/wp-content\\\/uploads\\\/2018\\\/12\\\/SchloR_Mail_Gruppe.jpg\",\"datePublished\":\"2017-11-29T16:37:12+00:00\",\"dateModified\":\"2019-06-25T15:31:56+00:00\",\"description\":\"Guten Tag! \u00bbSch\u00f6ner leben ohne...?\u00ab kurz SchloR ist unser Name! Wir wollen ein selbstverwaltetes Wohn- und Kulturzentrum in Wien auf die Beine stellen. Unsere Zug\u00e4nge sind unterschiedlich, dieser Traum eint uns. Und er wird nun in raschen Schritten immer konkreter. Ein Grundst\u00fcck in Wien Simmering l\u00e4sst unsere Herzen h\u00f6her schlagen. Schon Anfang 2019 wird es voraussichtlich soweit sein: Wir werden kaufen und damit die Immobilie dem freien Markt f\u00fcr immer entziehen! Und das als erstes Pionierprojekt im Rahmen von habiTaT bzw. Mietsh\u00e4usersyndikat in Wien. Daf\u00fcr brauchen wir deine Unterst\u00fctzung. #SchloR #habiTaT #Mietsh\u00e4usersyndikat #MHS\",\"breadcrumb\":{\"@id\":\"https:\\\/\\\/schlor.org\\\/schlor\\\/#breadcrumb\"},\"inLanguage\":\"en-US\",\"potentialAction\":[{\"@type\":\"ReadAction\",\"target\":[\"https:\\\/\\\/schlor.org\\\/schlor\\\/\"]}]},{\"@type\":\"ImageObject\",\"inLanguage\":\"en-US\",\"@id\":\"https:\\\/\\\/schlor.org\\\/schlor\\\/#primaryimage\",\"url\":\"https:\\\/\\\/schlor.org\\\/wp-content\\\/uploads\\\/2018\\\/12\\\/SchloR_Mail_Gruppe.jpg\",\"contentUrl\":\"https:\\\/\\\/schlor.org\\\/wp-content\\\/uploads\\\/2018\\\/12\\\/SchloR_Mail_Gruppe.jpg\"},{\"@type\":\"BreadcrumbList\",\"@id\":\"https:\\\/\\\/schlor.org\\\/schlor\\\/#breadcrumb\",\"itemListElement\":[{\"@type\":\"ListItem\",\"position\":1,\"name\":\"Home\",\"item\":\"https:\\\/\\\/schlor.org\\\/\"},{\"@type\":\"ListItem\",\"position\":2,\"name\":\"Sch\u00f6ner leben ohne\u2026?\"}]},{\"@type\":\"WebSite\",\"@id\":\"https:\\\/\\\/schlor.org\\\/#website\",\"url\":\"https:\\\/\\\/schlor.org\\\/\",\"name\":\"SchloR\",\"description\":\"Sch\u00f6ner leben in Wien-Simmering\",\"publisher\":{\"@id\":\"https:\\\/\\\/schlor.org\\\/#organization\"},\"potentialAction\":[{\"@type\":\"SearchAction\",\"target\":{\"@type\":\"EntryPoint\",\"urlTemplate\":\"https:\\\/\\\/schlor.org\\\/?s={search_term_string}\"},\"query-input\":{\"@type\":\"PropertyValueSpecification\",\"valueRequired\":true,\"valueName\":\"search_term_string\"}}],\"inLanguage\":\"en-US\"},{\"@type\":\"Organization\",\"@id\":\"https:\\\/\\\/schlor.org\\\/#organization\",\"name\":\"SchloR\",\"url\":\"https:\\\/\\\/schlor.org\\\/\",\"logo\":{\"@type\":\"ImageObject\",\"inLanguage\":\"en-US\",\"@id\":\"https:\\\/\\\/schlor.org\\\/#\\\/schema\\\/logo\\\/image\\\/\",\"url\":\"https:\\\/\\\/schlor.org\\\/wp-content\\\/uploads\\\/2018\\\/12\\\/SchloRLogo2.png\",\"contentUrl\":\"https:\\\/\\\/schlor.org\\\/wp-content\\\/uploads\\\/2018\\\/12\\\/SchloRLogo2.png\",\"width\":1000,\"height\":996,\"caption\":\"SchloR\"},\"image\":{\"@id\":\"https:\\\/\\\/schlor.org\\\/#\\\/schema\\\/logo\\\/image\\\/\"},\"sameAs\":[\"https:\\\/\\\/www.facebook.com\\\/schlor.org\\\/\",\"https:\\\/\\\/x.com\\\/schlorrr\",\"https:\\\/\\\/www.instagram.com\\\/schlor_\\\/\",\"https:\\\/\\\/www.youtube.com\\\/channel\\\/UCxAyLZ3SwQu7NpYVwt5fMeg\"]}]}<\/script>\n<!-- \/ Yoast SEO plugin. -->","yoast_head_json":{"title":"Sch\u00f6ner leben ohne\u2026? &#8226; SchloR","description":"Guten Tag! \u00bbSch\u00f6ner leben ohne...?\u00ab kurz SchloR ist unser Name! Wir wollen ein selbstverwaltetes Wohn- und Kulturzentrum in Wien auf die Beine stellen. Unsere Zug\u00e4nge sind unterschiedlich, dieser Traum eint uns. Und er wird nun in raschen Schritten immer konkreter. Ein Grundst\u00fcck in Wien Simmering l\u00e4sst unsere Herzen h\u00f6her schlagen. Schon Anfang 2019 wird es voraussichtlich soweit sein: Wir werden kaufen und damit die Immobilie dem freien Markt f\u00fcr immer entziehen! Und das als erstes Pionierprojekt im Rahmen von habiTaT bzw. Mietsh\u00e4usersyndikat in Wien. Daf\u00fcr brauchen wir deine Unterst\u00fctzung. #SchloR #habiTaT #Mietsh\u00e4usersyndikat #MHS","robots":{"index":"index","follow":"follow","max-snippet":"max-snippet:-1","max-image-preview":"max-image-preview:large","max-video-preview":"max-video-preview:-1"},"canonical":"https:\/\/schlor.org\/en\/schlor\/","og_locale":"en_US","og_type":"article","og_title":"Guten Tag! \u00bbSch\u00f6ner leben ohne...?\u00ab kurz SchloR ist unser Name!","og_description":"Unsere Zug\u00e4nge sind unterschiedlich, dieser Traum eint uns. Ein Grundst\u00fcck in Wien Simmering l\u00e4sst unsere Herzen h\u00f6her schlagen. Schon Anfang 2019 wird es voraussichtlich soweit sein: Wir werden kaufen und damit die Immobilie dem freien Markt f\u00fcr immer entziehen! Und das als erstes Pionierprojekt im Rahmen von habiTaT bzw. Mietsh\u00e4usersyndikat in Wien. Daf\u00fcr brauchen wir deine Unterst\u00fctzung. #SchloR #habiTaT #Mietsh\u00e4usersyndikat #MHS","og_url":"https:\/\/schlor.org\/en\/schlor\/","og_site_name":"SchloR","article_publisher":"https:\/\/www.facebook.com\/schlor.org\/","article_modified_time":"2019-06-25T15:31:56+00:00","og_image":[{"width":1200,"height":630,"url":"https:\/\/schlor.org\/wp-content\/uploads\/2018\/12\/SchloR_FB_Preview.jpg","type":"image\/jpeg"}],"twitter_card":"summary_large_image","twitter_title":"Guten Tag! \u00bbSch\u00f6ner leben ohne...?\u00ab kurz SchloR ist unser Name!","twitter_description":"Unsere Zug\u00e4nge sind unterschiedlich, dieser Traum eint uns. Ein Grundst\u00fcck in Wien Simmering l\u00e4sst unsere Herzen h\u00f6her schlagen. Schon Anfang 2019 wird es voraussichtlich soweit sein: Wir werden kaufen und damit die Immobilie dem freien Markt f\u00fcr immer entziehen! Und das als erstes Pionierprojekt im Rahmen von habiTaT bzw. Mietsh\u00e4usersyndikat in Wien. Daf\u00fcr brauchen wir deine Unterst\u00fctzung. #SchloR #habiTaT #Mietsh\u00e4usersyndikat #MHS","twitter_image":"https:\/\/schlor.org\/wp-content\/uploads\/2018\/12\/SchloR_Twitter_Preview.jpg","twitter_site":"@schlorrr","twitter_misc":{"Est. reading time":"2 minutes"},"schema":{"@context":"https:\/\/schema.org","@graph":[{"@type":"WebPage","@id":"https:\/\/schlor.org\/schlor\/","url":"https:\/\/schlor.org\/schlor\/","name":"Sch\u00f6ner leben ohne\u2026? &#8226; SchloR","isPartOf":{"@id":"https:\/\/schlor.org\/#website"},"primaryImageOfPage":{"@id":"https:\/\/schlor.org\/schlor\/#primaryimage"},"image":{"@id":"https:\/\/schlor.org\/schlor\/#primaryimage"},"thumbnailUrl":"https:\/\/schlor.org\/wp-content\/uploads\/2018\/12\/SchloR_Mail_Gruppe.jpg","datePublished":"2017-11-29T16:37:12+00:00","dateModified":"2019-06-25T15:31:56+00:00","description":"Guten Tag! \u00bbSch\u00f6ner leben ohne...?\u00ab kurz SchloR ist unser Name! Wir wollen ein selbstverwaltetes Wohn- und Kulturzentrum in Wien auf die Beine stellen. Unsere Zug\u00e4nge sind unterschiedlich, dieser Traum eint uns. Und er wird nun in raschen Schritten immer konkreter. Ein Grundst\u00fcck in Wien Simmering l\u00e4sst unsere Herzen h\u00f6her schlagen. Schon Anfang 2019 wird es voraussichtlich soweit sein: Wir werden kaufen und damit die Immobilie dem freien Markt f\u00fcr immer entziehen! Und das als erstes Pionierprojekt im Rahmen von habiTaT bzw. Mietsh\u00e4usersyndikat in Wien. Daf\u00fcr brauchen wir deine Unterst\u00fctzung. #SchloR #habiTaT #Mietsh\u00e4usersyndikat #MHS","breadcrumb":{"@id":"https:\/\/schlor.org\/schlor\/#breadcrumb"},"inLanguage":"en-US","potentialAction":[{"@type":"ReadAction","target":["https:\/\/schlor.org\/schlor\/"]}]},{"@type":"ImageObject","inLanguage":"en-US","@id":"https:\/\/schlor.org\/schlor\/#primaryimage","url":"https:\/\/schlor.org\/wp-content\/uploads\/2018\/12\/SchloR_Mail_Gruppe.jpg","contentUrl":"https:\/\/schlor.org\/wp-content\/uploads\/2018\/12\/SchloR_Mail_Gruppe.jpg"},{"@type":"BreadcrumbList","@id":"https:\/\/schlor.org\/schlor\/#breadcrumb","itemListElement":[{"@type":"ListItem","position":1,"name":"Home","item":"https:\/\/schlor.org\/"},{"@type":"ListItem","position":2,"name":"Sch\u00f6ner leben ohne\u2026?"}]},{"@type":"WebSite","@id":"https:\/\/schlor.org\/#website","url":"https:\/\/schlor.org\/","name":"SchloR","description":"Sch\u00f6ner leben in Wien-Simmering","publisher":{"@id":"https:\/\/schlor.org\/#organization"},"potentialAction":[{"@type":"SearchAction","target":{"@type":"EntryPoint","urlTemplate":"https:\/\/schlor.org\/?s={search_term_string}"},"query-input":{"@type":"PropertyValueSpecification","valueRequired":true,"valueName":"search_term_string"}}],"inLanguage":"en-US"},{"@type":"Organization","@id":"https:\/\/schlor.org\/#organization","name":"SchloR","url":"https:\/\/schlor.org\/","logo":{"@type":"ImageObject","inLanguage":"en-US","@id":"https:\/\/schlor.org\/#\/schema\/logo\/image\/","url":"https:\/\/schlor.org\/wp-content\/uploads\/2018\/12\/SchloRLogo2.png","contentUrl":"https:\/\/schlor.org\/wp-content\/uploads\/2018\/12\/SchloRLogo2.png","width":1000,"height":996,"caption":"SchloR"},"image":{"@id":"https:\/\/schlor.org\/#\/schema\/logo\/image\/"},"sameAs":["https:\/\/www.facebook.com\/schlor.org\/","https:\/\/x.com\/schlorrr","https:\/\/www.instagram.com\/schlor_\/","https:\/\/www.youtube.com\/channel\/UCxAyLZ3SwQu7NpYVwt5fMeg"]}]}},"_links":{"self":[{"href":"https:\/\/schlor.org\/en\/wp-json\/wp\/v2\/pages\/3793","targetHints":{"allow":["GET"]}}],"collection":[{"href":"https:\/\/schlor.org\/en\/wp-json\/wp\/v2\/pages"}],"about":[{"href":"https:\/\/schlor.org\/en\/wp-json\/wp\/v2\/types\/page"}],"author":[{"embeddable":true,"href":"https:\/\/schlor.org\/en\/wp-json\/wp\/v2\/users\/4"}],"replies":[{"embeddable":true,"href":"https:\/\/schlor.org\/en\/wp-json\/wp\/v2\/comments?post=3793"}],"version-history":[{"count":64,"href":"https:\/\/schlor.org\/en\/wp-json\/wp\/v2\/pages\/3793\/revisions"}],"predecessor-version":[{"id":5102,"href":"https:\/\/schlor.org\/en\/wp-json\/wp\/v2\/pages\/3793\/revisions\/5102"}],"wp:attachment":[{"href":"https:\/\/schlor.org\/en\/wp-json\/wp\/v2\/media?parent=3793"}],"curies":[{"name":"wp","href":"https:\/\/api.w.org\/{rel}","templated":true}]}}