{"id":20772,"date":"2023-12-18T20:50:30","date_gmt":"2023-12-18T19:50:30","guid":{"rendered":"https:\/\/schlor.org\/?page_id=20772"},"modified":"2023-12-21T16:06:20","modified_gmt":"2023-12-21T15:06:20","slug":"bauphasen","status":"publish","type":"page","link":"https:\/\/schlor.org\/en\/bauphasen\/","title":{"rendered":"Phases of construction"},"content":{"rendered":"<div data-elementor-type=\"wp-page\" data-elementor-id=\"20772\" class=\"elementor elementor-20772\">\n\t\t\t\t\t\t<section class=\"elementor-section elementor-top-section elementor-element elementor-element-8604c22 elementor-section-boxed elementor-section-height-default elementor-section-height-default\" data-id=\"8604c22\" data-element_type=\"section\" data-e-type=\"section\">\n\t\t\t\t\t\t<div class=\"elementor-container elementor-column-gap-default\">\n\t\t\t\t\t<div class=\"elementor-column elementor-col-100 elementor-top-column elementor-element elementor-element-77789c0\" data-id=\"77789c0\" data-element_type=\"column\" data-e-type=\"column\">\n\t\t\t<div class=\"elementor-widget-wrap elementor-element-populated\">\n\t\t\t\t\t\t<div class=\"elementor-element elementor-element-0cf2b1c elementor-widget elementor-widget-image\" data-id=\"0cf2b1c\" data-element_type=\"widget\" data-e-type=\"widget\" data-widget_type=\"image.default\">\n\t\t\t\t<div class=\"elementor-widget-container\">\n\t\t\t\t\t\t\t\t\t\t\t\t\t\t\t<img fetchpriority=\"high\" decoding=\"async\" width=\"1170\" height=\"660\" src=\"https:\/\/schlor.org\/wp-content\/uploads\/2022\/10\/SchloR-Baustelle-20221007-1600x902.jpg\" class=\"attachment-large size-large wp-image-7056\" alt=\"\" srcset=\"https:\/\/schlor.org\/wp-content\/uploads\/2022\/10\/SchloR-Baustelle-20221007-1600x902.jpg 1600w, https:\/\/schlor.org\/wp-content\/uploads\/2022\/10\/SchloR-Baustelle-20221007-400x226.jpg 400w, https:\/\/schlor.org\/wp-content\/uploads\/2022\/10\/SchloR-Baustelle-20221007-768x433.jpg 768w, https:\/\/schlor.org\/wp-content\/uploads\/2022\/10\/SchloR-Baustelle-20221007-1536x866.jpg 1536w, https:\/\/schlor.org\/wp-content\/uploads\/2022\/10\/SchloR-Baustelle-20221007-2048x1155.jpg 2048w, https:\/\/schlor.org\/wp-content\/uploads\/2022\/10\/SchloR-Baustelle-20221007-920x519.jpg 920w, https:\/\/schlor.org\/wp-content\/uploads\/2022\/10\/SchloR-Baustelle-20221007-230x130.jpg 230w, https:\/\/schlor.org\/wp-content\/uploads\/2022\/10\/SchloR-Baustelle-20221007-350x197.jpg 350w, https:\/\/schlor.org\/wp-content\/uploads\/2022\/10\/SchloR-Baustelle-20221007-480x271.jpg 480w\" sizes=\"(max-width: 1170px) 100vw, 1170px\" \/>\t\t\t\t\t\t\t\t\t\t\t\t\t\t\t<\/div>\n\t\t\t\t<\/div>\n\t\t\t\t<div class=\"elementor-element elementor-element-fd88994 elementor-widget elementor-widget-text-editor\" data-id=\"fd88994\" data-element_type=\"widget\" data-e-type=\"widget\" data-widget_type=\"text-editor.default\">\n\t\t\t\t<div class=\"elementor-widget-container\">\n\t\t\t\t\t\t\t\t\t<h4>Bauphase I (November 2020 &#8211; September 2021)<\/h4>\n<p>Aufstockung in Holzbauweise mit Zellulosed\u00e4mmung<\/p>\n<ul>\n<li>3 Ateliers zwischen 20 und 28m\u00b2 plus Teek\u00fcche und Au\u00dfenbereich<\/li>\n<li>3 Prober\u00e4ume zwischen 16 und 32m\u00b2<\/li>\n<li>Werkstatt 52m\u00b2<\/li>\n<li>Veranstaltungs- \/ Seminarraum 68m\u00b2<\/li>\n<li>Seminarraum (47m\u00b2) mit ruhiger Terrasse in den Rappacher Forst<\/li>\n<li>Errichtung eines barrierefreien WCs<\/li>\n<li>3-Zimmer-Wohnung (80m\u00b2)<\/li>\n<li>Errichtung eines \u00f6kologisch nachhaltigen Heizsystems mittels W\u00e4rmepumpe (zuk\u00fcnfitg in Kombination mit Photovoltaik)<\/li>\n<\/ul>\n<div>\n<h4>Bauphase II (M\u00e4rz 2022 &#8211; Juni 2023)<\/h4>\n<p>Neubau Wohntrakt in Holz- \/ Lehmbauweise mit Zellulose oder Strohd\u00e4mmung<\/p>\n<ul>\n<li>Abriss von ca. 200m\u00b2Altbestand<\/li>\n<li>Neubau von 3 Wohneinheiten ( mit Wohnraum f\u00fcr ca.<br>weitere 15 Personen<\/li>\n<\/ul>\n<\/div>\n<h4>Bauphase III (Dezember 2022 &#8211; September 2023)<\/h4>\n<ul>\n<li>Thermische Hallensanierung\n<ul>\n<li>Statische Verbesserungen<\/li>\n<li>D\u00e4mmung und Isolierung<\/li>\n<li>L\u00fcftungs-\/Heizsystem<\/li>\n<\/ul>\n<\/li>\n<li>Photovoltaik-Gro\u00dfanlage<\/li>\n<li>Innenausbau der Halle f\u00fcr flexibere Nutzungsm\u00f6glichkeiten<\/li>\n<\/ul>\n<h4>Bauphase IV (ab Herbst 2023)<\/h4>\n<ul>\n<li>Fassadenbegr\u00fcnung<\/li>\n<li>Dachbegr\u00fcnung<\/li>\n<li>Gestaltung der Aussenanlagen mit Baumpflanzungen <\/li>\n<li>Entsiegelung und Begr\u00fcnungasphaltierter Fl\u00e4che und somit ein neutraler Bodenverbrauch in Bezug auf Neubau<\/li>\n<li>Errichtung von Versickerungsmulden zur vollst\u00e4ndigen Versickerung<br>von Regenwasser und somit Wiederherstellung des nat\u00fcrlichen<br>Wasserkreislaufs<\/li>\n\n<\/ul>\t\t\t\t\t\t\t\t<\/div>\n\t\t\t\t<\/div>\n\t\t\t\t\t<\/div>\n\t\t<\/div>\n\t\t\t\t\t<\/div>\n\t\t<\/section>\n\t\t\t\t<\/div>","protected":false},"excerpt":{"rendered":"<p>Bauphase I (November 2020 &#8211; September 2021) Aufstockung in Holzbauweise mit Zellulosed\u00e4mmung 3 Ateliers zwischen 20 und 28m\u00b2 plus Teek\u00fcche und Au\u00dfenbereich [&hellip;]<\/p>","protected":false},"author":6,"featured_media":0,"parent":0,"menu_order":0,"comment_status":"closed","ping_status":"closed","template":"","meta":{"footnotes":""},"class_list":["post-20772","page","type-page","status-publish","hentry"],"yoast_head":"<!-- This site is optimized with the Yoast SEO plugin v27.3 - https:\/\/yoast.com\/product\/yoast-seo-wordpress\/ -->\n<title>Bauphasen &#8226; SchloR<\/title>\n<meta name=\"robots\" content=\"index, follow, max-snippet:-1, max-image-preview:large, max-video-preview:-1\" \/>\n<link rel=\"canonical\" href=\"https:\/\/schlor.org\/en\/home\/bauphasen\/\" \/>\n<meta property=\"og:locale\" content=\"en_US\" \/>\n<meta property=\"og:type\" content=\"article\" \/>\n<meta property=\"og:title\" content=\"Jetzt mit einem Direktkredit unterst\u00fctzen!\" \/>\n<meta property=\"og:description\" content=\"Du m\u00f6chtest dein Geld in einem sinnvollen Projekt anlegen und dabei auch Zinsen bekommen? Kein Problem! Bei #SchloR werden laufend #Direktkreditgeber*innen gesucht. Denn unser Motto lautet: &quot;Lieber 1000 FreundInnen im R\u00fccken als eine Bank im Nacken\u2026&quot;\" \/>\n<meta property=\"og:url\" content=\"https:\/\/schlor.org\/en\/home\/bauphasen\/\" \/>\n<meta property=\"og:site_name\" content=\"SchloR\" \/>\n<meta property=\"article:publisher\" content=\"https:\/\/www.facebook.com\/schlor.org\/\" \/>\n<meta property=\"article:modified_time\" content=\"2023-12-21T15:06:20+00:00\" \/>\n<meta property=\"og:image\" content=\"https:\/\/schlor.org\/wp-content\/uploads\/2018\/12\/SchloR_FB_Preview.jpg\" \/>\n\t<meta property=\"og:image:width\" content=\"1200\" \/>\n\t<meta property=\"og:image:height\" content=\"630\" \/>\n\t<meta property=\"og:image:type\" content=\"image\/jpeg\" \/>\n<meta name=\"twitter:card\" content=\"summary_large_image\" \/>\n<meta name=\"twitter:title\" content=\"Jetzt mit einem Direktkredit unterst\u00fctzen!\" \/>\n<meta name=\"twitter:description\" content=\"Du m\u00f6chtest dein Geld in einem sinnvollen Projekt anlegen und dabei auch Zinsen bekommen? Kein Problem! Bei #SchloR werden laufend #Direktkreditgeber*innen gesucht. Denn unser Motto lautet: &quot;Lieber 1000 FreundInnen im R\u00fccken als eine Bank im Nacken\u2026&quot;\" \/>\n<meta name=\"twitter:image\" content=\"https:\/\/schlor.org\/wp-content\/uploads\/2018\/12\/SchloR_Twitter_Preview.jpg\" \/>\n<meta name=\"twitter:site\" content=\"@schlorrr\" \/>\n<meta name=\"twitter:label1\" content=\"Est. reading time\" \/>\n\t<meta name=\"twitter:data1\" content=\"2 minutes\" \/>\n<script type=\"application\/ld+json\" class=\"yoast-schema-graph\">{\"@context\":\"https:\\\/\\\/schema.org\",\"@graph\":[{\"@type\":\"WebPage\",\"@id\":\"https:\\\/\\\/schlor.org\\\/home\\\/bauphasen\\\/\",\"url\":\"https:\\\/\\\/schlor.org\\\/home\\\/bauphasen\\\/\",\"name\":\"Bauphasen &#8226; SchloR\",\"isPartOf\":{\"@id\":\"https:\\\/\\\/schlor.org\\\/#website\"},\"primaryImageOfPage\":{\"@id\":\"https:\\\/\\\/schlor.org\\\/home\\\/bauphasen\\\/#primaryimage\"},\"image\":{\"@id\":\"https:\\\/\\\/schlor.org\\\/home\\\/bauphasen\\\/#primaryimage\"},\"thumbnailUrl\":\"https:\\\/\\\/schlor.org\\\/wp-content\\\/uploads\\\/2022\\\/10\\\/SchloR-Baustelle-20221007-1600x902.jpg\",\"datePublished\":\"2023-12-18T19:50:30+00:00\",\"dateModified\":\"2023-12-21T15:06:20+00:00\",\"breadcrumb\":{\"@id\":\"https:\\\/\\\/schlor.org\\\/home\\\/bauphasen\\\/#breadcrumb\"},\"inLanguage\":\"en-US\",\"potentialAction\":[{\"@type\":\"ReadAction\",\"target\":[\"https:\\\/\\\/schlor.org\\\/home\\\/bauphasen\\\/\"]}]},{\"@type\":\"ImageObject\",\"inLanguage\":\"en-US\",\"@id\":\"https:\\\/\\\/schlor.org\\\/home\\\/bauphasen\\\/#primaryimage\",\"url\":\"https:\\\/\\\/schlor.org\\\/wp-content\\\/uploads\\\/2022\\\/10\\\/SchloR-Baustelle-20221007-1600x902.jpg\",\"contentUrl\":\"https:\\\/\\\/schlor.org\\\/wp-content\\\/uploads\\\/2022\\\/10\\\/SchloR-Baustelle-20221007-1600x902.jpg\"},{\"@type\":\"BreadcrumbList\",\"@id\":\"https:\\\/\\\/schlor.org\\\/home\\\/bauphasen\\\/#breadcrumb\",\"itemListElement\":[{\"@type\":\"ListItem\",\"position\":1,\"name\":\"Home\",\"item\":\"https:\\\/\\\/schlor.org\\\/\"},{\"@type\":\"ListItem\",\"position\":2,\"name\":\"Bauphasen\"}]},{\"@type\":\"WebSite\",\"@id\":\"https:\\\/\\\/schlor.org\\\/#website\",\"url\":\"https:\\\/\\\/schlor.org\\\/\",\"name\":\"SchloR\",\"description\":\"Sch\u00f6ner leben in Wien-Simmering\",\"publisher\":{\"@id\":\"https:\\\/\\\/schlor.org\\\/#organization\"},\"potentialAction\":[{\"@type\":\"SearchAction\",\"target\":{\"@type\":\"EntryPoint\",\"urlTemplate\":\"https:\\\/\\\/schlor.org\\\/?s={search_term_string}\"},\"query-input\":{\"@type\":\"PropertyValueSpecification\",\"valueRequired\":true,\"valueName\":\"search_term_string\"}}],\"inLanguage\":\"en-US\"},{\"@type\":\"Organization\",\"@id\":\"https:\\\/\\\/schlor.org\\\/#organization\",\"name\":\"SchloR\",\"url\":\"https:\\\/\\\/schlor.org\\\/\",\"logo\":{\"@type\":\"ImageObject\",\"inLanguage\":\"en-US\",\"@id\":\"https:\\\/\\\/schlor.org\\\/#\\\/schema\\\/logo\\\/image\\\/\",\"url\":\"https:\\\/\\\/schlor.org\\\/wp-content\\\/uploads\\\/2018\\\/12\\\/SchloRLogo2.png\",\"contentUrl\":\"https:\\\/\\\/schlor.org\\\/wp-content\\\/uploads\\\/2018\\\/12\\\/SchloRLogo2.png\",\"width\":1000,\"height\":996,\"caption\":\"SchloR\"},\"image\":{\"@id\":\"https:\\\/\\\/schlor.org\\\/#\\\/schema\\\/logo\\\/image\\\/\"},\"sameAs\":[\"https:\\\/\\\/www.facebook.com\\\/schlor.org\\\/\",\"https:\\\/\\\/x.com\\\/schlorrr\",\"https:\\\/\\\/www.instagram.com\\\/schlor_\\\/\",\"https:\\\/\\\/www.youtube.com\\\/channel\\\/UCxAyLZ3SwQu7NpYVwt5fMeg\"]}]}<\/script>\n<!-- \/ Yoast SEO plugin. -->","yoast_head_json":{"title":"Bauphasen &#8226; SchloR","robots":{"index":"index","follow":"follow","max-snippet":"max-snippet:-1","max-image-preview":"max-image-preview:large","max-video-preview":"max-video-preview:-1"},"canonical":"https:\/\/schlor.org\/en\/home\/bauphasen\/","og_locale":"en_US","og_type":"article","og_title":"Jetzt mit einem Direktkredit unterst\u00fctzen!","og_description":"Du m\u00f6chtest dein Geld in einem sinnvollen Projekt anlegen und dabei auch Zinsen bekommen? Kein Problem! Bei #SchloR werden laufend #Direktkreditgeber*innen gesucht. Denn unser Motto lautet: \"Lieber 1000 FreundInnen im R\u00fccken als eine Bank im Nacken\u2026\"","og_url":"https:\/\/schlor.org\/en\/home\/bauphasen\/","og_site_name":"SchloR","article_publisher":"https:\/\/www.facebook.com\/schlor.org\/","article_modified_time":"2023-12-21T15:06:20+00:00","og_image":[{"width":1200,"height":630,"url":"https:\/\/schlor.org\/wp-content\/uploads\/2018\/12\/SchloR_FB_Preview.jpg","type":"image\/jpeg"}],"twitter_card":"summary_large_image","twitter_title":"Jetzt mit einem Direktkredit unterst\u00fctzen!","twitter_description":"Du m\u00f6chtest dein Geld in einem sinnvollen Projekt anlegen und dabei auch Zinsen bekommen? Kein Problem! Bei #SchloR werden laufend #Direktkreditgeber*innen gesucht. Denn unser Motto lautet: \"Lieber 1000 FreundInnen im R\u00fccken als eine Bank im Nacken\u2026\"","twitter_image":"https:\/\/schlor.org\/wp-content\/uploads\/2018\/12\/SchloR_Twitter_Preview.jpg","twitter_site":"@schlorrr","twitter_misc":{"Est. reading time":"2 minutes"},"schema":{"@context":"https:\/\/schema.org","@graph":[{"@type":"WebPage","@id":"https:\/\/schlor.org\/home\/bauphasen\/","url":"https:\/\/schlor.org\/home\/bauphasen\/","name":"Bauphasen &#8226; SchloR","isPartOf":{"@id":"https:\/\/schlor.org\/#website"},"primaryImageOfPage":{"@id":"https:\/\/schlor.org\/home\/bauphasen\/#primaryimage"},"image":{"@id":"https:\/\/schlor.org\/home\/bauphasen\/#primaryimage"},"thumbnailUrl":"https:\/\/schlor.org\/wp-content\/uploads\/2022\/10\/SchloR-Baustelle-20221007-1600x902.jpg","datePublished":"2023-12-18T19:50:30+00:00","dateModified":"2023-12-21T15:06:20+00:00","breadcrumb":{"@id":"https:\/\/schlor.org\/home\/bauphasen\/#breadcrumb"},"inLanguage":"en-US","potentialAction":[{"@type":"ReadAction","target":["https:\/\/schlor.org\/home\/bauphasen\/"]}]},{"@type":"ImageObject","inLanguage":"en-US","@id":"https:\/\/schlor.org\/home\/bauphasen\/#primaryimage","url":"https:\/\/schlor.org\/wp-content\/uploads\/2022\/10\/SchloR-Baustelle-20221007-1600x902.jpg","contentUrl":"https:\/\/schlor.org\/wp-content\/uploads\/2022\/10\/SchloR-Baustelle-20221007-1600x902.jpg"},{"@type":"BreadcrumbList","@id":"https:\/\/schlor.org\/home\/bauphasen\/#breadcrumb","itemListElement":[{"@type":"ListItem","position":1,"name":"Home","item":"https:\/\/schlor.org\/"},{"@type":"ListItem","position":2,"name":"Bauphasen"}]},{"@type":"WebSite","@id":"https:\/\/schlor.org\/#website","url":"https:\/\/schlor.org\/","name":"SchloR","description":"Sch\u00f6ner leben in Wien-Simmering","publisher":{"@id":"https:\/\/schlor.org\/#organization"},"potentialAction":[{"@type":"SearchAction","target":{"@type":"EntryPoint","urlTemplate":"https:\/\/schlor.org\/?s={search_term_string}"},"query-input":{"@type":"PropertyValueSpecification","valueRequired":true,"valueName":"search_term_string"}}],"inLanguage":"en-US"},{"@type":"Organization","@id":"https:\/\/schlor.org\/#organization","name":"SchloR","url":"https:\/\/schlor.org\/","logo":{"@type":"ImageObject","inLanguage":"en-US","@id":"https:\/\/schlor.org\/#\/schema\/logo\/image\/","url":"https:\/\/schlor.org\/wp-content\/uploads\/2018\/12\/SchloRLogo2.png","contentUrl":"https:\/\/schlor.org\/wp-content\/uploads\/2018\/12\/SchloRLogo2.png","width":1000,"height":996,"caption":"SchloR"},"image":{"@id":"https:\/\/schlor.org\/#\/schema\/logo\/image\/"},"sameAs":["https:\/\/www.facebook.com\/schlor.org\/","https:\/\/x.com\/schlorrr","https:\/\/www.instagram.com\/schlor_\/","https:\/\/www.youtube.com\/channel\/UCxAyLZ3SwQu7NpYVwt5fMeg"]}]}},"_links":{"self":[{"href":"https:\/\/schlor.org\/en\/wp-json\/wp\/v2\/pages\/20772","targetHints":{"allow":["GET"]}}],"collection":[{"href":"https:\/\/schlor.org\/en\/wp-json\/wp\/v2\/pages"}],"about":[{"href":"https:\/\/schlor.org\/en\/wp-json\/wp\/v2\/types\/page"}],"author":[{"embeddable":true,"href":"https:\/\/schlor.org\/en\/wp-json\/wp\/v2\/users\/6"}],"replies":[{"embeddable":true,"href":"https:\/\/schlor.org\/en\/wp-json\/wp\/v2\/comments?post=20772"}],"version-history":[{"count":7,"href":"https:\/\/schlor.org\/en\/wp-json\/wp\/v2\/pages\/20772\/revisions"}],"predecessor-version":[{"id":20957,"href":"https:\/\/schlor.org\/en\/wp-json\/wp\/v2\/pages\/20772\/revisions\/20957"}],"wp:attachment":[{"href":"https:\/\/schlor.org\/en\/wp-json\/wp\/v2\/media?parent=20772"}],"curies":[{"name":"wp","href":"https:\/\/api.w.org\/{rel}","templated":true}]}}