{"id":19,"date":"2015-09-26T00:29:44","date_gmt":"2015-09-25T22:29:44","guid":{"rendered":"https:\/\/schlor.org.w012c1a5.kasserver.com\/?page_id=19"},"modified":"2024-01-17T11:58:23","modified_gmt":"2024-01-17T10:58:23","slug":"rappachgasse","status":"publish","type":"page","link":"https:\/\/schlor.org\/en\/rappachgasse\/","title":{"rendered":"Unser Grundst\u00fcck in der Rappachgasse"},"content":{"rendered":"<div data-elementor-type=\"wp-page\" data-elementor-id=\"19\" class=\"elementor elementor-19\">\n\t\t\t\t\t\t<section class=\"elementor-section elementor-top-section elementor-element elementor-element-af0748a elementor-section-full_width elementor-section-height-min-height elementor-section-height-default elementor-section-items-middle\" data-id=\"af0748a\" data-element_type=\"section\" data-e-type=\"section\">\n\t\t\t\t\t\t\t<div class=\"elementor-background-overlay\"><\/div>\n\t\t\t\t\t\t\t<div class=\"elementor-container elementor-column-gap-default\">\n\t\t\t\t\t<div class=\"elementor-column elementor-col-100 elementor-top-column elementor-element elementor-element-3e42374\" data-id=\"3e42374\" data-element_type=\"column\" data-e-type=\"column\">\n\t\t\t<div class=\"elementor-widget-wrap\">\n\t\t\t\t\t\t\t<\/div>\n\t\t<\/div>\n\t\t\t\t\t<\/div>\n\t\t<\/section>\n\t\t\t\t<section class=\"elementor-section elementor-top-section elementor-element elementor-element-3312307f elementor-section-boxed elementor-section-height-default elementor-section-height-default\" data-id=\"3312307f\" data-element_type=\"section\" data-e-type=\"section\">\n\t\t\t\t\t\t<div class=\"elementor-container elementor-column-gap-default\">\n\t\t\t\t\t<div class=\"elementor-column elementor-col-100 elementor-top-column elementor-element elementor-element-45cd3048\" data-id=\"45cd3048\" data-element_type=\"column\" data-e-type=\"column\">\n\t\t\t<div class=\"elementor-widget-wrap elementor-element-populated\">\n\t\t\t\t\t\t<div class=\"elementor-element elementor-element-46e46f3 elementor-widget elementor-widget-menu-anchor\" data-id=\"46e46f3\" data-element_type=\"widget\" data-e-type=\"widget\" data-widget_type=\"menu-anchor.default\">\n\t\t\t\t<div class=\"elementor-widget-container\">\n\t\t\t\t\t\t\t<div class=\"elementor-menu-anchor\" id=\"grundstuck\"><\/div>\n\t\t\t\t\t\t<\/div>\n\t\t\t\t<\/div>\n\t\t\t\t<div class=\"elementor-element elementor-element-5a3f2d4 elementor-widget elementor-widget-text-editor\" data-id=\"5a3f2d4\" data-element_type=\"widget\" data-e-type=\"widget\" data-widget_type=\"text-editor.default\">\n\t\t\t\t<div class=\"elementor-widget-container\">\n\t\t\t\t\t\t\t\t\t<p>Im Juni 2019 haben wir uns mit Unterst\u00fctzung von zahlreichen<a href=\"https:\/\/schlor.org\/en\/home\/direktkredite\/\"> Direktkreditgeber*innen<\/a> unseren Traum verwirklicht und ein ehemaliges Zirkustrainingsgel\u00e4nde gekauft. Das Grundst\u00fcck befindet sich in Wien Simmering in der Rappachgasse 26.\u00a0<\/p><p>Die Widmung des Grundst\u00fccks als <b>Betriebsbaugebiet<\/b> bietet uns die M\u00f6glichkeit, k\u00fcnstlerisch, handwerklich, sportlich und kulturell t\u00e4tig zu sein.\u00a0<\/p><p>Auf dem rund <b>3100m\u00b2 gro\u00dfen Grundst\u00fcck<\/b> gibt es:<\/p>\t\t\t\t\t\t\t\t<\/div>\n\t\t\t\t<\/div>\n\t\t\t\t<div class=\"elementor-element elementor-element-adb9124 elementor-align-start elementor-widget__width-initial elementor-icon-list--layout-traditional elementor-list-item-link-full_width elementor-widget elementor-widget-icon-list\" data-id=\"adb9124\" data-element_type=\"widget\" data-e-type=\"widget\" data-widget_type=\"icon-list.default\">\n\t\t\t\t<div class=\"elementor-widget-container\">\n\t\t\t\t\t\t\t<ul class=\"elementor-icon-list-items\">\n\t\t\t\t\t\t\t<li class=\"elementor-icon-list-item\">\n\t\t\t\t\t\t\t\t\t\t\t<span class=\"elementor-icon-list-icon\">\n\t\t\t\t\t\t\t<i aria-hidden=\"true\" class=\"far fa-star\"><\/i>\t\t\t\t\t\t<\/span>\n\t\t\t\t\t\t\t\t\t\t<span class=\"elementor-icon-list-text\">einen 614m\u00b2 Wohnbereich<\/span>\n\t\t\t\t\t\t\t\t\t<\/li>\n\t\t\t\t\t\t\t\t<li class=\"elementor-icon-list-item\">\n\t\t\t\t\t\t\t\t\t\t\t<span class=\"elementor-icon-list-icon\">\n\t\t\t\t\t\t\t<i aria-hidden=\"true\" class=\"far fa-star\"><\/i>\t\t\t\t\t\t<\/span>\n\t\t\t\t\t\t\t\t\t\t<span class=\"elementor-icon-list-text\">eine 500m\u00b2 gro\u00dfe Turn- und Mehrzweckhalle<\/span>\n\t\t\t\t\t\t\t\t\t<\/li>\n\t\t\t\t\t\t\t\t<li class=\"elementor-icon-list-item\">\n\t\t\t\t\t\t\t\t\t\t\t<span class=\"elementor-icon-list-icon\">\n\t\t\t\t\t\t\t<i aria-hidden=\"true\" class=\"far fa-star\"><\/i>\t\t\t\t\t\t<\/span>\n\t\t\t\t\t\t\t\t\t\t<span class=\"elementor-icon-list-text\">500m\u00b2 f\u00fcr Kunst-, Kultur-, Werkst\u00e4tten<\/span>\n\t\t\t\t\t\t\t\t\t<\/li>\n\t\t\t\t\t\t\t\t<li class=\"elementor-icon-list-item\">\n\t\t\t\t\t\t\t\t\t\t\t<span class=\"elementor-icon-list-icon\">\n\t\t\t\t\t\t\t<i aria-hidden=\"true\" class=\"far fa-star\"><\/i>\t\t\t\t\t\t<\/span>\n\t\t\t\t\t\t\t\t\t\t<span class=\"elementor-icon-list-text\">einen Alttrakt<\/span>\n\t\t\t\t\t\t\t\t\t<\/li>\n\t\t\t\t\t\t<\/ul>\n\t\t\t\t\t\t<\/div>\n\t\t\t\t<\/div>\n\t\t\t\t\t<\/div>\n\t\t<\/div>\n\t\t\t\t\t<\/div>\n\t\t<\/section>\n\t\t\t\t<section class=\"elementor-section elementor-top-section elementor-element elementor-element-c5a37a1 elementor-section-boxed elementor-section-height-default elementor-section-height-default\" data-id=\"c5a37a1\" data-element_type=\"section\" data-e-type=\"section\">\n\t\t\t\t\t\t<div class=\"elementor-container elementor-column-gap-default\">\n\t\t\t\t\t<div class=\"elementor-column elementor-col-100 elementor-top-column elementor-element elementor-element-6c51a92\" data-id=\"6c51a92\" data-element_type=\"column\" data-e-type=\"column\">\n\t\t\t<div class=\"elementor-widget-wrap elementor-element-populated\">\n\t\t\t\t\t\t<div class=\"elementor-element elementor-element-b23ffe9 elementor-widget elementor-widget-heading\" data-id=\"b23ffe9\" data-element_type=\"widget\" data-e-type=\"widget\" data-widget_type=\"heading.default\">\n\t\t\t\t<div class=\"elementor-widget-container\">\n\t\t\t\t\t<h2 class=\"elementor-heading-title elementor-size-default\"><a href=\"https:\/\/schlor.org\/en\/home\/rappachgasse\/\">Mehr erfahren<\/a><\/h2>\t\t\t\t<\/div>\n\t\t\t\t<\/div>\n\t\t\t\t<div class=\"elementor-element elementor-element-d035b77 elementor-widget elementor-widget-text-editor\" data-id=\"d035b77\" data-element_type=\"widget\" data-e-type=\"widget\" data-widget_type=\"text-editor.default\">\n\t\t\t\t<div class=\"elementor-widget-container\">\n\t\t\t\t\t\t\t\t\t<ul class=\"sub-menu\"><li id=\"menu-item-5684\" class=\"menu-item menu-item-type-custom menu-item-object-custom menu-item-5684\"><a href=\"https:\/\/schlor.org\/en\/home\/projektbereiche\/\">Projektbereiche<\/a><\/li><li id=\"menu-item-5683\" class=\"menu-item menu-item-type-custom menu-item-object-custom menu-item-5683\"><a href=\"https:\/\/schlor.org\/en\/home\/bauphasen\/\">Phases of construction<\/a><\/li><li id=\"menu-item-6074\" class=\"menu-item menu-item-type-post_type menu-item-object-page menu-item-6074\"><a href=\"https:\/\/schlor.org\/en\/home\/anfahrt\/\">How to arrive<\/a><\/li><\/ul>\t\t\t\t\t\t\t\t<\/div>\n\t\t\t\t<\/div>\n\t\t\t\t\t<\/div>\n\t\t<\/div>\n\t\t\t\t\t<\/div>\n\t\t<\/section>\n\t\t\t\t<\/div>","protected":false},"excerpt":{"rendered":"<p>Im Juni 2019 haben wir uns mit Unterst\u00fctzung von zahlreichen Direktkreditgeber*innen unseren Traum verwirklicht und ein ehemaliges Zirkustrainingsgel\u00e4nde gekauft. Das Grundst\u00fcck befindet [&hellip;]<\/p>","protected":false},"author":1,"featured_media":0,"parent":0,"menu_order":0,"comment_status":"closed","ping_status":"closed","template":"","meta":{"footnotes":""},"class_list":["post-19","page","type-page","status-publish","hentry"],"yoast_head":"<!-- This site is optimized with the Yoast SEO plugin v27.3 - https:\/\/yoast.com\/product\/yoast-seo-wordpress\/ -->\n<title>Unser Grundst\u00fcck in der Rappachgasse &#8226; SchloR<\/title>\n<meta name=\"robots\" content=\"index, follow, max-snippet:-1, max-image-preview:large, max-video-preview:-1\" \/>\n<link rel=\"canonical\" href=\"https:\/\/schlor.org\/en\/home\/rappachgasse\/\" \/>\n<meta property=\"og:locale\" content=\"en_US\" \/>\n<meta property=\"og:type\" content=\"article\" \/>\n<meta property=\"og:title\" content=\"Jetzt mit einem Direktkredit unterst\u00fctzen!\" \/>\n<meta property=\"og:description\" content=\"Du m\u00f6chtest dein Geld in einem sinnvollen Projekt anlegen und dabei auch Zinsen bekommen? Kein Problem! Bei #SchloR werden laufend #Direktkreditgeber*innen gesucht. Denn unser Motto lautet: &quot;Lieber 1000 FreundInnen im R\u00fccken als eine Bank im Nacken\u2026&quot;\" \/>\n<meta property=\"og:url\" content=\"https:\/\/schlor.org\/en\/home\/rappachgasse\/\" \/>\n<meta property=\"og:site_name\" content=\"SchloR\" \/>\n<meta property=\"article:publisher\" content=\"https:\/\/www.facebook.com\/schlor.org\/\" \/>\n<meta property=\"article:modified_time\" content=\"2024-01-17T10:58:23+00:00\" \/>\n<meta property=\"og:image\" content=\"https:\/\/schlor.org\/wp-content\/uploads\/2018\/12\/SchloR_FB_Preview.jpg\" \/>\n\t<meta property=\"og:image:width\" content=\"1200\" \/>\n\t<meta property=\"og:image:height\" content=\"630\" \/>\n\t<meta property=\"og:image:type\" content=\"image\/jpeg\" \/>\n<meta name=\"twitter:card\" content=\"summary_large_image\" \/>\n<meta name=\"twitter:title\" content=\"Jetzt mit einem Direktkredit unterst\u00fctzen!\" \/>\n<meta name=\"twitter:description\" content=\"Du m\u00f6chtest dein Geld in einem sinnvollen Projekt anlegen und dabei auch Zinsen bekommen? Kein Problem! Bei #SchloR werden laufend #Direktkreditgeber*innen gesucht. Denn unser Motto lautet: &quot;Lieber 1000 FreundInnen im R\u00fccken als eine Bank im Nacken\u2026&quot;\" \/>\n<meta name=\"twitter:image\" content=\"https:\/\/schlor.org\/wp-content\/uploads\/2018\/12\/SchloR_Twitter_Preview.jpg\" \/>\n<meta name=\"twitter:site\" content=\"@schlorrr\" \/>\n<meta name=\"twitter:label1\" content=\"Est. reading time\" \/>\n\t<meta name=\"twitter:data1\" content=\"1 minute\" \/>\n<script type=\"application\/ld+json\" class=\"yoast-schema-graph\">{\"@context\":\"https:\\\/\\\/schema.org\",\"@graph\":[{\"@type\":\"WebPage\",\"@id\":\"https:\\\/\\\/schlor.org\\\/home\\\/rappachgasse\\\/\",\"url\":\"https:\\\/\\\/schlor.org\\\/home\\\/rappachgasse\\\/\",\"name\":\"Unser Grundst\u00fcck in der Rappachgasse &#8226; SchloR\",\"isPartOf\":{\"@id\":\"https:\\\/\\\/schlor.org\\\/#website\"},\"datePublished\":\"2015-09-25T22:29:44+00:00\",\"dateModified\":\"2024-01-17T10:58:23+00:00\",\"breadcrumb\":{\"@id\":\"https:\\\/\\\/schlor.org\\\/home\\\/rappachgasse\\\/#breadcrumb\"},\"inLanguage\":\"en-US\",\"potentialAction\":[{\"@type\":\"ReadAction\",\"target\":[\"https:\\\/\\\/schlor.org\\\/home\\\/rappachgasse\\\/\"]}]},{\"@type\":\"BreadcrumbList\",\"@id\":\"https:\\\/\\\/schlor.org\\\/home\\\/rappachgasse\\\/#breadcrumb\",\"itemListElement\":[{\"@type\":\"ListItem\",\"position\":1,\"name\":\"Home\",\"item\":\"https:\\\/\\\/schlor.org\\\/\"},{\"@type\":\"ListItem\",\"position\":2,\"name\":\"Unser Grundst\u00fcck in der Rappachgasse\"}]},{\"@type\":\"WebSite\",\"@id\":\"https:\\\/\\\/schlor.org\\\/#website\",\"url\":\"https:\\\/\\\/schlor.org\\\/\",\"name\":\"SchloR\",\"description\":\"Sch\u00f6ner leben in Wien-Simmering\",\"publisher\":{\"@id\":\"https:\\\/\\\/schlor.org\\\/#organization\"},\"potentialAction\":[{\"@type\":\"SearchAction\",\"target\":{\"@type\":\"EntryPoint\",\"urlTemplate\":\"https:\\\/\\\/schlor.org\\\/?s={search_term_string}\"},\"query-input\":{\"@type\":\"PropertyValueSpecification\",\"valueRequired\":true,\"valueName\":\"search_term_string\"}}],\"inLanguage\":\"en-US\"},{\"@type\":\"Organization\",\"@id\":\"https:\\\/\\\/schlor.org\\\/#organization\",\"name\":\"SchloR\",\"url\":\"https:\\\/\\\/schlor.org\\\/\",\"logo\":{\"@type\":\"ImageObject\",\"inLanguage\":\"en-US\",\"@id\":\"https:\\\/\\\/schlor.org\\\/#\\\/schema\\\/logo\\\/image\\\/\",\"url\":\"https:\\\/\\\/schlor.org\\\/wp-content\\\/uploads\\\/2018\\\/12\\\/SchloRLogo2.png\",\"contentUrl\":\"https:\\\/\\\/schlor.org\\\/wp-content\\\/uploads\\\/2018\\\/12\\\/SchloRLogo2.png\",\"width\":1000,\"height\":996,\"caption\":\"SchloR\"},\"image\":{\"@id\":\"https:\\\/\\\/schlor.org\\\/#\\\/schema\\\/logo\\\/image\\\/\"},\"sameAs\":[\"https:\\\/\\\/www.facebook.com\\\/schlor.org\\\/\",\"https:\\\/\\\/x.com\\\/schlorrr\",\"https:\\\/\\\/www.instagram.com\\\/schlor_\\\/\",\"https:\\\/\\\/www.youtube.com\\\/channel\\\/UCxAyLZ3SwQu7NpYVwt5fMeg\"]}]}<\/script>\n<!-- \/ Yoast SEO plugin. -->","yoast_head_json":{"title":"Unser Grundst\u00fcck in der Rappachgasse &#8226; SchloR","robots":{"index":"index","follow":"follow","max-snippet":"max-snippet:-1","max-image-preview":"max-image-preview:large","max-video-preview":"max-video-preview:-1"},"canonical":"https:\/\/schlor.org\/en\/home\/rappachgasse\/","og_locale":"en_US","og_type":"article","og_title":"Jetzt mit einem Direktkredit unterst\u00fctzen!","og_description":"Du m\u00f6chtest dein Geld in einem sinnvollen Projekt anlegen und dabei auch Zinsen bekommen? Kein Problem! Bei #SchloR werden laufend #Direktkreditgeber*innen gesucht. Denn unser Motto lautet: \"Lieber 1000 FreundInnen im R\u00fccken als eine Bank im Nacken\u2026\"","og_url":"https:\/\/schlor.org\/en\/home\/rappachgasse\/","og_site_name":"SchloR","article_publisher":"https:\/\/www.facebook.com\/schlor.org\/","article_modified_time":"2024-01-17T10:58:23+00:00","og_image":[{"width":1200,"height":630,"url":"https:\/\/schlor.org\/wp-content\/uploads\/2018\/12\/SchloR_FB_Preview.jpg","type":"image\/jpeg"}],"twitter_card":"summary_large_image","twitter_title":"Jetzt mit einem Direktkredit unterst\u00fctzen!","twitter_description":"Du m\u00f6chtest dein Geld in einem sinnvollen Projekt anlegen und dabei auch Zinsen bekommen? Kein Problem! Bei #SchloR werden laufend #Direktkreditgeber*innen gesucht. Denn unser Motto lautet: \"Lieber 1000 FreundInnen im R\u00fccken als eine Bank im Nacken\u2026\"","twitter_image":"https:\/\/schlor.org\/wp-content\/uploads\/2018\/12\/SchloR_Twitter_Preview.jpg","twitter_site":"@schlorrr","twitter_misc":{"Est. reading time":"1 minute"},"schema":{"@context":"https:\/\/schema.org","@graph":[{"@type":"WebPage","@id":"https:\/\/schlor.org\/home\/rappachgasse\/","url":"https:\/\/schlor.org\/home\/rappachgasse\/","name":"Unser Grundst\u00fcck in der Rappachgasse &#8226; SchloR","isPartOf":{"@id":"https:\/\/schlor.org\/#website"},"datePublished":"2015-09-25T22:29:44+00:00","dateModified":"2024-01-17T10:58:23+00:00","breadcrumb":{"@id":"https:\/\/schlor.org\/home\/rappachgasse\/#breadcrumb"},"inLanguage":"en-US","potentialAction":[{"@type":"ReadAction","target":["https:\/\/schlor.org\/home\/rappachgasse\/"]}]},{"@type":"BreadcrumbList","@id":"https:\/\/schlor.org\/home\/rappachgasse\/#breadcrumb","itemListElement":[{"@type":"ListItem","position":1,"name":"Home","item":"https:\/\/schlor.org\/"},{"@type":"ListItem","position":2,"name":"Unser Grundst\u00fcck in der Rappachgasse"}]},{"@type":"WebSite","@id":"https:\/\/schlor.org\/#website","url":"https:\/\/schlor.org\/","name":"SchloR","description":"Sch\u00f6ner leben in Wien-Simmering","publisher":{"@id":"https:\/\/schlor.org\/#organization"},"potentialAction":[{"@type":"SearchAction","target":{"@type":"EntryPoint","urlTemplate":"https:\/\/schlor.org\/?s={search_term_string}"},"query-input":{"@type":"PropertyValueSpecification","valueRequired":true,"valueName":"search_term_string"}}],"inLanguage":"en-US"},{"@type":"Organization","@id":"https:\/\/schlor.org\/#organization","name":"SchloR","url":"https:\/\/schlor.org\/","logo":{"@type":"ImageObject","inLanguage":"en-US","@id":"https:\/\/schlor.org\/#\/schema\/logo\/image\/","url":"https:\/\/schlor.org\/wp-content\/uploads\/2018\/12\/SchloRLogo2.png","contentUrl":"https:\/\/schlor.org\/wp-content\/uploads\/2018\/12\/SchloRLogo2.png","width":1000,"height":996,"caption":"SchloR"},"image":{"@id":"https:\/\/schlor.org\/#\/schema\/logo\/image\/"},"sameAs":["https:\/\/www.facebook.com\/schlor.org\/","https:\/\/x.com\/schlorrr","https:\/\/www.instagram.com\/schlor_\/","https:\/\/www.youtube.com\/channel\/UCxAyLZ3SwQu7NpYVwt5fMeg"]}]}},"_links":{"self":[{"href":"https:\/\/schlor.org\/en\/wp-json\/wp\/v2\/pages\/19","targetHints":{"allow":["GET"]}}],"collection":[{"href":"https:\/\/schlor.org\/en\/wp-json\/wp\/v2\/pages"}],"about":[{"href":"https:\/\/schlor.org\/en\/wp-json\/wp\/v2\/types\/page"}],"author":[{"embeddable":true,"href":"https:\/\/schlor.org\/en\/wp-json\/wp\/v2\/users\/1"}],"replies":[{"embeddable":true,"href":"https:\/\/schlor.org\/en\/wp-json\/wp\/v2\/comments?post=19"}],"version-history":[{"count":669,"href":"https:\/\/schlor.org\/en\/wp-json\/wp\/v2\/pages\/19\/revisions"}],"predecessor-version":[{"id":22349,"href":"https:\/\/schlor.org\/en\/wp-json\/wp\/v2\/pages\/19\/revisions\/22349"}],"wp:attachment":[{"href":"https:\/\/schlor.org\/en\/wp-json\/wp\/v2\/media?parent=19"}],"curies":[{"name":"wp","href":"https:\/\/api.w.org\/{rel}","templated":true}]}}