{"id":18528,"date":"2023-11-15T18:12:03","date_gmt":"2023-11-15T17:12:03","guid":{"rendered":"https:\/\/schlor.org\/?page_id=18528"},"modified":"2025-01-06T18:18:00","modified_gmt":"2025-01-06T17:18:00","slug":"wohnen","status":"publish","type":"page","link":"https:\/\/schlor.org\/en\/wohnen\/","title":{"rendered":"Operating flats"},"content":{"rendered":"<div data-elementor-type=\"wp-page\" data-elementor-id=\"18528\" class=\"elementor elementor-18528\">\n\t\t\t\t\t\t<section class=\"elementor-section elementor-top-section elementor-element elementor-element-0a0bb27 elementor-section-boxed elementor-section-height-default elementor-section-height-default\" data-id=\"0a0bb27\" data-element_type=\"section\" data-e-type=\"section\">\n\t\t\t\t\t\t<div class=\"elementor-container elementor-column-gap-default\">\n\t\t\t\t\t<div class=\"elementor-column elementor-col-100 elementor-top-column elementor-element elementor-element-eb579b6\" data-id=\"eb579b6\" data-element_type=\"column\" data-e-type=\"column\">\n\t\t\t<div class=\"elementor-widget-wrap elementor-element-populated\">\n\t\t\t\t\t\t<div class=\"elementor-element elementor-element-356de05 elementor-widget elementor-widget-text-editor\" data-id=\"356de05\" data-element_type=\"widget\" data-e-type=\"widget\" data-widget_type=\"text-editor.default\">\n\t\t\t\t<div class=\"elementor-widget-container\">\n\t\t\t\t\t\t\t\t\t<p>Our <b>Wohnbereich (SchloR)<\/b> besteht aus:<\/p>\t\t\t\t\t\t\t\t<\/div>\n\t\t\t\t<\/div>\n\t\t\t\t<div class=\"elementor-element elementor-element-ee2b08c elementor-widget__width-initial animated-slow e-transform elementor-icon-list--layout-traditional elementor-list-item-link-full_width elementor-invisible elementor-widget elementor-widget-icon-list\" data-id=\"ee2b08c\" data-element_type=\"widget\" data-e-type=\"widget\" data-settings=\"{&quot;_animation&quot;:&quot;fadeInLeft&quot;,&quot;_transform_translateX_effect&quot;:{&quot;unit&quot;:&quot;px&quot;,&quot;size&quot;:0,&quot;sizes&quot;:[]},&quot;_transform_translateX_effect_tablet&quot;:{&quot;unit&quot;:&quot;px&quot;,&quot;size&quot;:&quot;&quot;,&quot;sizes&quot;:[]},&quot;_transform_translateX_effect_mobile&quot;:{&quot;unit&quot;:&quot;px&quot;,&quot;size&quot;:&quot;&quot;,&quot;sizes&quot;:[]},&quot;_transform_translateY_effect&quot;:{&quot;unit&quot;:&quot;px&quot;,&quot;size&quot;:&quot;&quot;,&quot;sizes&quot;:[]},&quot;_transform_translateY_effect_tablet&quot;:{&quot;unit&quot;:&quot;px&quot;,&quot;size&quot;:&quot;&quot;,&quot;sizes&quot;:[]},&quot;_transform_translateY_effect_mobile&quot;:{&quot;unit&quot;:&quot;px&quot;,&quot;size&quot;:&quot;&quot;,&quot;sizes&quot;:[]}}\" data-widget_type=\"icon-list.default\">\n\t\t\t\t<div class=\"elementor-widget-container\">\n\t\t\t\t\t\t\t<ul class=\"elementor-icon-list-items\">\n\t\t\t\t\t\t\t<li class=\"elementor-icon-list-item\">\n\t\t\t\t\t\t\t\t\t\t\t<span class=\"elementor-icon-list-icon\">\n\t\t\t\t\t\t\t<i aria-hidden=\"true\" class=\"fas fa-house-damage\"><\/i>\t\t\t\t\t\t<\/span>\n\t\t\t\t\t\t\t\t\t\t<span class=\"elementor-icon-list-text\">3-Zimmer-Betriebswohnung (80m\u00b2) im Crap Trakt <\/span>\n\t\t\t\t\t\t\t\t\t<\/li>\n\t\t\t\t\t\t\t\t<li class=\"elementor-icon-list-item\">\n\t\t\t\t\t\t\t\t\t\t\t<span class=\"elementor-icon-list-icon\">\n\t\t\t\t\t\t\t<i aria-hidden=\"true\" class=\"fas fa-warehouse\"><\/i>\t\t\t\t\t\t<\/span>\n\t\t\t\t\t\t\t\t\t\t<span class=\"elementor-icon-list-text\">Neubau Wohntrakt (614m\u00b2) mit drei Betriebswohnungen (ca. 15 Personen)<\/span>\n\t\t\t\t\t\t\t\t\t<\/li>\n\t\t\t\t\t\t\t\t<li class=\"elementor-icon-list-item\">\n\t\t\t\t\t\t\t\t\t\t\t<span class=\"elementor-icon-list-icon\">\n\t\t\t\t\t\t\t<i aria-hidden=\"true\" class=\"fas fa-truck-moving\"><\/i>\t\t\t\t\t\t<\/span>\n\t\t\t\t\t\t\t\t\t\t<span class=\"elementor-icon-list-text\">Wagenplatz f\u00fcr drei Bauw\u00e4gen bzw. LKWs (der Platz wird im Fr\u00fchjahr 2024 fertiggestellt)<\/span>\n\t\t\t\t\t\t\t\t\t<\/li>\n\t\t\t\t\t\t<\/ul>\n\t\t\t\t\t\t<\/div>\n\t\t\t\t<\/div>\n\t\t\t\t<div class=\"elementor-element elementor-element-c97b5b6 elementor-widget elementor-widget-text-editor\" data-id=\"c97b5b6\" data-element_type=\"widget\" data-e-type=\"widget\" data-widget_type=\"text-editor.default\">\n\t\t\t\t<div class=\"elementor-widget-container\">\n\t\t\t\t\t\t\t\t\t<p>Alle Betriebswohnungen sind als Wohngemeinschaften (WGs) konzipiert, um ein gemeinschaftliches und interaktives Wohnen zu schaffen. Das hei\u00dft es stehen keine einzelnen Wohnungen als Wohnraum zur Verf\u00fcgung.<\/p><p>Zur Zeit sind keine Zimmer oder Standpl\u00e4tze bei uns frei. Wenn du am Laufenden bleiben m\u00f6chtest, trage dich bitte in unseren Newsletter ein. Sobald ein Zimmer frei ist, k\u00fcndigen wir es dort an.<\/p>\t\t\t\t\t\t\t\t<\/div>\n\t\t\t\t<\/div>\n\t\t\t\t\t<\/div>\n\t\t<\/div>\n\t\t\t\t\t<\/div>\n\t\t<\/section>\n\t\t\t\t<\/div>","protected":false},"excerpt":{"rendered":"<p>Unser Wohnbereich (SchloR) besteht aus: 3-Zimmer-Betriebswohnung (80m\u00b2) im Crap Trakt Neubau Wohntrakt (614m\u00b2) mit drei Betriebswohnungen (ca. 15 Personen) Wagenplatz f\u00fcr drei [&hellip;]<\/p>","protected":false},"author":13,"featured_media":0,"parent":0,"menu_order":0,"comment_status":"closed","ping_status":"closed","template":"","meta":{"footnotes":""},"class_list":["post-18528","page","type-page","status-publish","hentry"],"yoast_head":"<!-- This site is optimized with the Yoast SEO plugin v27.3 - https:\/\/yoast.com\/product\/yoast-seo-wordpress\/ -->\n<title>Betriebswohnungen &#8226; SchloR<\/title>\n<meta name=\"robots\" content=\"index, follow, max-snippet:-1, max-image-preview:large, max-video-preview:-1\" \/>\n<link rel=\"canonical\" href=\"https:\/\/schlor.org\/en\/wohnen\/\" \/>\n<meta property=\"og:locale\" content=\"en_US\" \/>\n<meta property=\"og:type\" content=\"article\" \/>\n<meta property=\"og:title\" content=\"Betriebswohnungen &#8226; SchloR\" \/>\n<meta property=\"og:description\" content=\"Unser Wohnbereich (SchloR) besteht aus: 3-Zimmer-Betriebswohnung (80m\u00b2) im Crap Trakt Neubau Wohntrakt (614m\u00b2) mit drei Betriebswohnungen (ca. 15 Personen) Wagenplatz f\u00fcr drei [&hellip;]\" \/>\n<meta property=\"og:url\" content=\"https:\/\/schlor.org\/en\/wohnen\/\" \/>\n<meta property=\"og:site_name\" content=\"SchloR\" \/>\n<meta property=\"article:publisher\" content=\"https:\/\/www.facebook.com\/schlor.org\/\" \/>\n<meta property=\"article:modified_time\" content=\"2025-01-06T17:18:00+00:00\" \/>\n<meta name=\"twitter:card\" content=\"summary_large_image\" \/>\n<meta name=\"twitter:site\" content=\"@schlorrr\" \/>\n<meta name=\"twitter:label1\" content=\"Est. reading time\" \/>\n\t<meta name=\"twitter:data1\" content=\"1 minute\" \/>\n<script type=\"application\/ld+json\" class=\"yoast-schema-graph\">{\"@context\":\"https:\\\/\\\/schema.org\",\"@graph\":[{\"@type\":\"WebPage\",\"@id\":\"https:\\\/\\\/schlor.org\\\/wohnen\\\/\",\"url\":\"https:\\\/\\\/schlor.org\\\/wohnen\\\/\",\"name\":\"Betriebswohnungen &#8226; SchloR\",\"isPartOf\":{\"@id\":\"https:\\\/\\\/schlor.org\\\/#website\"},\"datePublished\":\"2023-11-15T17:12:03+00:00\",\"dateModified\":\"2025-01-06T17:18:00+00:00\",\"breadcrumb\":{\"@id\":\"https:\\\/\\\/schlor.org\\\/wohnen\\\/#breadcrumb\"},\"inLanguage\":\"en-US\",\"potentialAction\":[{\"@type\":\"ReadAction\",\"target\":[\"https:\\\/\\\/schlor.org\\\/wohnen\\\/\"]}]},{\"@type\":\"BreadcrumbList\",\"@id\":\"https:\\\/\\\/schlor.org\\\/wohnen\\\/#breadcrumb\",\"itemListElement\":[{\"@type\":\"ListItem\",\"position\":1,\"name\":\"Home\",\"item\":\"https:\\\/\\\/schlor.org\\\/\"},{\"@type\":\"ListItem\",\"position\":2,\"name\":\"Betriebswohnungen\"}]},{\"@type\":\"WebSite\",\"@id\":\"https:\\\/\\\/schlor.org\\\/#website\",\"url\":\"https:\\\/\\\/schlor.org\\\/\",\"name\":\"SchloR\",\"description\":\"Sch\u00f6ner leben in Wien-Simmering\",\"publisher\":{\"@id\":\"https:\\\/\\\/schlor.org\\\/#organization\"},\"potentialAction\":[{\"@type\":\"SearchAction\",\"target\":{\"@type\":\"EntryPoint\",\"urlTemplate\":\"https:\\\/\\\/schlor.org\\\/?s={search_term_string}\"},\"query-input\":{\"@type\":\"PropertyValueSpecification\",\"valueRequired\":true,\"valueName\":\"search_term_string\"}}],\"inLanguage\":\"en-US\"},{\"@type\":\"Organization\",\"@id\":\"https:\\\/\\\/schlor.org\\\/#organization\",\"name\":\"SchloR\",\"url\":\"https:\\\/\\\/schlor.org\\\/\",\"logo\":{\"@type\":\"ImageObject\",\"inLanguage\":\"en-US\",\"@id\":\"https:\\\/\\\/schlor.org\\\/#\\\/schema\\\/logo\\\/image\\\/\",\"url\":\"https:\\\/\\\/schlor.org\\\/wp-content\\\/uploads\\\/2018\\\/12\\\/SchloRLogo2.png\",\"contentUrl\":\"https:\\\/\\\/schlor.org\\\/wp-content\\\/uploads\\\/2018\\\/12\\\/SchloRLogo2.png\",\"width\":1000,\"height\":996,\"caption\":\"SchloR\"},\"image\":{\"@id\":\"https:\\\/\\\/schlor.org\\\/#\\\/schema\\\/logo\\\/image\\\/\"},\"sameAs\":[\"https:\\\/\\\/www.facebook.com\\\/schlor.org\\\/\",\"https:\\\/\\\/x.com\\\/schlorrr\",\"https:\\\/\\\/www.instagram.com\\\/schlor_\\\/\",\"https:\\\/\\\/www.youtube.com\\\/channel\\\/UCxAyLZ3SwQu7NpYVwt5fMeg\"]}]}<\/script>\n<!-- \/ Yoast SEO plugin. -->","yoast_head_json":{"title":"Betriebswohnungen &#8226; SchloR","robots":{"index":"index","follow":"follow","max-snippet":"max-snippet:-1","max-image-preview":"max-image-preview:large","max-video-preview":"max-video-preview:-1"},"canonical":"https:\/\/schlor.org\/en\/wohnen\/","og_locale":"en_US","og_type":"article","og_title":"Betriebswohnungen &#8226; SchloR","og_description":"Unser Wohnbereich (SchloR) besteht aus: 3-Zimmer-Betriebswohnung (80m\u00b2) im Crap Trakt Neubau Wohntrakt (614m\u00b2) mit drei Betriebswohnungen (ca. 15 Personen) Wagenplatz f\u00fcr drei [&hellip;]","og_url":"https:\/\/schlor.org\/en\/wohnen\/","og_site_name":"SchloR","article_publisher":"https:\/\/www.facebook.com\/schlor.org\/","article_modified_time":"2025-01-06T17:18:00+00:00","twitter_card":"summary_large_image","twitter_site":"@schlorrr","twitter_misc":{"Est. reading time":"1 minute"},"schema":{"@context":"https:\/\/schema.org","@graph":[{"@type":"WebPage","@id":"https:\/\/schlor.org\/wohnen\/","url":"https:\/\/schlor.org\/wohnen\/","name":"Betriebswohnungen &#8226; SchloR","isPartOf":{"@id":"https:\/\/schlor.org\/#website"},"datePublished":"2023-11-15T17:12:03+00:00","dateModified":"2025-01-06T17:18:00+00:00","breadcrumb":{"@id":"https:\/\/schlor.org\/wohnen\/#breadcrumb"},"inLanguage":"en-US","potentialAction":[{"@type":"ReadAction","target":["https:\/\/schlor.org\/wohnen\/"]}]},{"@type":"BreadcrumbList","@id":"https:\/\/schlor.org\/wohnen\/#breadcrumb","itemListElement":[{"@type":"ListItem","position":1,"name":"Home","item":"https:\/\/schlor.org\/"},{"@type":"ListItem","position":2,"name":"Betriebswohnungen"}]},{"@type":"WebSite","@id":"https:\/\/schlor.org\/#website","url":"https:\/\/schlor.org\/","name":"SchloR","description":"Sch\u00f6ner leben in Wien-Simmering","publisher":{"@id":"https:\/\/schlor.org\/#organization"},"potentialAction":[{"@type":"SearchAction","target":{"@type":"EntryPoint","urlTemplate":"https:\/\/schlor.org\/?s={search_term_string}"},"query-input":{"@type":"PropertyValueSpecification","valueRequired":true,"valueName":"search_term_string"}}],"inLanguage":"en-US"},{"@type":"Organization","@id":"https:\/\/schlor.org\/#organization","name":"SchloR","url":"https:\/\/schlor.org\/","logo":{"@type":"ImageObject","inLanguage":"en-US","@id":"https:\/\/schlor.org\/#\/schema\/logo\/image\/","url":"https:\/\/schlor.org\/wp-content\/uploads\/2018\/12\/SchloRLogo2.png","contentUrl":"https:\/\/schlor.org\/wp-content\/uploads\/2018\/12\/SchloRLogo2.png","width":1000,"height":996,"caption":"SchloR"},"image":{"@id":"https:\/\/schlor.org\/#\/schema\/logo\/image\/"},"sameAs":["https:\/\/www.facebook.com\/schlor.org\/","https:\/\/x.com\/schlorrr","https:\/\/www.instagram.com\/schlor_\/","https:\/\/www.youtube.com\/channel\/UCxAyLZ3SwQu7NpYVwt5fMeg"]}]}},"_links":{"self":[{"href":"https:\/\/schlor.org\/en\/wp-json\/wp\/v2\/pages\/18528","targetHints":{"allow":["GET"]}}],"collection":[{"href":"https:\/\/schlor.org\/en\/wp-json\/wp\/v2\/pages"}],"about":[{"href":"https:\/\/schlor.org\/en\/wp-json\/wp\/v2\/types\/page"}],"author":[{"embeddable":true,"href":"https:\/\/schlor.org\/en\/wp-json\/wp\/v2\/users\/13"}],"replies":[{"embeddable":true,"href":"https:\/\/schlor.org\/en\/wp-json\/wp\/v2\/comments?post=18528"}],"version-history":[{"count":29,"href":"https:\/\/schlor.org\/en\/wp-json\/wp\/v2\/pages\/18528\/revisions"}],"predecessor-version":[{"id":32961,"href":"https:\/\/schlor.org\/en\/wp-json\/wp\/v2\/pages\/18528\/revisions\/32961"}],"wp:attachment":[{"href":"https:\/\/schlor.org\/en\/wp-json\/wp\/v2\/media?parent=18528"}],"curies":[{"name":"wp","href":"https:\/\/api.w.org\/{rel}","templated":true}]}}