{"id":18474,"date":"2023-11-14T22:36:33","date_gmt":"2023-11-14T21:36:33","guid":{"rendered":"https:\/\/schlor.org\/?page_id=18474"},"modified":"2024-01-03T18:56:10","modified_gmt":"2024-01-03T17:56:10","slug":"mitmachen","status":"publish","type":"page","link":"https:\/\/schlor.org\/en\/mitmachen\/","title":{"rendered":"Join"},"content":{"rendered":"<div data-elementor-type=\"wp-page\" data-elementor-id=\"18474\" class=\"elementor elementor-18474\">\n\t\t\t\t\t\t<section class=\"elementor-section elementor-top-section elementor-element elementor-element-5b4e749 elementor-section-boxed elementor-section-height-default elementor-section-height-default\" data-id=\"5b4e749\" data-element_type=\"section\" data-e-type=\"section\">\n\t\t\t\t\t\t<div class=\"elementor-container elementor-column-gap-default\">\n\t\t\t\t\t<div class=\"elementor-column elementor-col-100 elementor-top-column elementor-element elementor-element-0fd5f29\" data-id=\"0fd5f29\" data-element_type=\"column\" data-e-type=\"column\">\n\t\t\t<div class=\"elementor-widget-wrap elementor-element-populated\">\n\t\t\t\t\t\t<div class=\"elementor-element elementor-element-02622de elementor-widget elementor-widget-text-editor\" data-id=\"02622de\" data-element_type=\"widget\" data-e-type=\"widget\" data-widget_type=\"text-editor.default\">\n\t\t\t\t<div class=\"elementor-widget-container\">\n\t\t\t\t\t\t\t\t\t<p>Es gibt viele M\u00f6glichkeiten, wie du dich bei SchloR einbringen kannst. <a href=\"https:\/\/schlor.org\/en\/home\/direktkredite\/\" target=\"_blank\" rel=\"noopener\">Direct loans<\/a> sind immer wichtig, da dieses Geld direkt f\u00fcr den Kauf und die Instandhaltung des Wohnprojekts verwendet wird. So brauchen wir auch immer wieder neue Kredite, um die bestehenden abzul\u00f6sen und das Projekt am Laufen zu halten.\u00a0<\/p><p>Wenn dir das n\u00f6tige Kleingeld dazu fehlt, kannst du dich auch anders einbringen. SchloR braucht viele Unterst\u00fctzer*innen, die dabei helfen, unser Projekt bekannt zu machen. Teile uns auf deinen Social-Media-Kan\u00e4len und erz\u00e4hle Freund*innen und Familie von uns.\u00a0<\/p><p>Wenn du dich kreativ bet\u00e4tigen magst, sind unsere beiden Initiativen: <a href=\"https:\/\/schlor.org\/en\/crap\/\" target=\"_blank\" rel=\"noopener\"><b>Creatives@rappach alley (CRAP)<\/b><\/a> and <a href=\"https:\/\/www.circus-trap.org\/\" target=\"_blank\" rel=\"noopener\"><b>Training center rappach alley (TRAP) <\/b><\/a>m\u00f6gliche Anlaufstellen f\u00fcr dich! Und unter der Rubrik Wohnen erf\u00e4hrst du, ob wir gerade auf der Suche nach neuen Mitbewohner*innen sind.\u00a0<\/p><p><b>Wir freuen uns \u00fcber deine Unterst\u00fctzung und Solidarit\u00e4t!<\/b><\/p>\t\t\t\t\t\t\t\t<\/div>\n\t\t\t\t<\/div>\n\t\t\t\t\t<\/div>\n\t\t<\/div>\n\t\t\t\t\t<\/div>\n\t\t<\/section>\n\t\t\t\t<\/div>","protected":false},"excerpt":{"rendered":"<p>Es gibt viele M\u00f6glichkeiten, wie du dich bei SchloR einbringen kannst. Direktkredite sind immer wichtig, da dieses Geld direkt f\u00fcr den Kauf [&hellip;]<\/p>","protected":false},"author":13,"featured_media":0,"parent":0,"menu_order":0,"comment_status":"closed","ping_status":"closed","template":"","meta":{"footnotes":""},"class_list":["post-18474","page","type-page","status-publish","hentry"],"yoast_head":"<!-- This site is optimized with the Yoast SEO plugin v27.3 - https:\/\/yoast.com\/product\/yoast-seo-wordpress\/ -->\n<title>Mitmachen &#8226; SchloR<\/title>\n<meta name=\"robots\" content=\"index, follow, max-snippet:-1, max-image-preview:large, max-video-preview:-1\" \/>\n<link rel=\"canonical\" href=\"https:\/\/schlor.org\/en\/mitmachen\/\" \/>\n<meta property=\"og:locale\" content=\"en_US\" \/>\n<meta property=\"og:type\" content=\"article\" \/>\n<meta property=\"og:title\" content=\"Mitmachen &#8226; SchloR\" \/>\n<meta property=\"og:description\" content=\"Es gibt viele M\u00f6glichkeiten, wie du dich bei SchloR einbringen kannst. Direktkredite sind immer wichtig, da dieses Geld direkt f\u00fcr den Kauf [&hellip;]\" \/>\n<meta property=\"og:url\" content=\"https:\/\/schlor.org\/en\/mitmachen\/\" \/>\n<meta property=\"og:site_name\" content=\"SchloR\" \/>\n<meta property=\"article:publisher\" content=\"https:\/\/www.facebook.com\/schlor.org\/\" \/>\n<meta property=\"article:modified_time\" content=\"2024-01-03T17:56:10+00:00\" \/>\n<meta name=\"twitter:card\" content=\"summary_large_image\" \/>\n<meta name=\"twitter:site\" content=\"@schlorrr\" \/>\n<meta name=\"twitter:label1\" content=\"Est. reading time\" \/>\n\t<meta name=\"twitter:data1\" content=\"1 minute\" \/>\n<script type=\"application\/ld+json\" class=\"yoast-schema-graph\">{\"@context\":\"https:\\\/\\\/schema.org\",\"@graph\":[{\"@type\":\"WebPage\",\"@id\":\"https:\\\/\\\/schlor.org\\\/mitmachen\\\/\",\"url\":\"https:\\\/\\\/schlor.org\\\/mitmachen\\\/\",\"name\":\"Mitmachen &#8226; SchloR\",\"isPartOf\":{\"@id\":\"https:\\\/\\\/schlor.org\\\/#website\"},\"datePublished\":\"2023-11-14T21:36:33+00:00\",\"dateModified\":\"2024-01-03T17:56:10+00:00\",\"breadcrumb\":{\"@id\":\"https:\\\/\\\/schlor.org\\\/mitmachen\\\/#breadcrumb\"},\"inLanguage\":\"en-US\",\"potentialAction\":[{\"@type\":\"ReadAction\",\"target\":[\"https:\\\/\\\/schlor.org\\\/mitmachen\\\/\"]}]},{\"@type\":\"BreadcrumbList\",\"@id\":\"https:\\\/\\\/schlor.org\\\/mitmachen\\\/#breadcrumb\",\"itemListElement\":[{\"@type\":\"ListItem\",\"position\":1,\"name\":\"Home\",\"item\":\"https:\\\/\\\/schlor.org\\\/\"},{\"@type\":\"ListItem\",\"position\":2,\"name\":\"Mitmachen\"}]},{\"@type\":\"WebSite\",\"@id\":\"https:\\\/\\\/schlor.org\\\/#website\",\"url\":\"https:\\\/\\\/schlor.org\\\/\",\"name\":\"SchloR\",\"description\":\"Sch\u00f6ner leben in Wien-Simmering\",\"publisher\":{\"@id\":\"https:\\\/\\\/schlor.org\\\/#organization\"},\"potentialAction\":[{\"@type\":\"SearchAction\",\"target\":{\"@type\":\"EntryPoint\",\"urlTemplate\":\"https:\\\/\\\/schlor.org\\\/?s={search_term_string}\"},\"query-input\":{\"@type\":\"PropertyValueSpecification\",\"valueRequired\":true,\"valueName\":\"search_term_string\"}}],\"inLanguage\":\"en-US\"},{\"@type\":\"Organization\",\"@id\":\"https:\\\/\\\/schlor.org\\\/#organization\",\"name\":\"SchloR\",\"url\":\"https:\\\/\\\/schlor.org\\\/\",\"logo\":{\"@type\":\"ImageObject\",\"inLanguage\":\"en-US\",\"@id\":\"https:\\\/\\\/schlor.org\\\/#\\\/schema\\\/logo\\\/image\\\/\",\"url\":\"https:\\\/\\\/schlor.org\\\/wp-content\\\/uploads\\\/2018\\\/12\\\/SchloRLogo2.png\",\"contentUrl\":\"https:\\\/\\\/schlor.org\\\/wp-content\\\/uploads\\\/2018\\\/12\\\/SchloRLogo2.png\",\"width\":1000,\"height\":996,\"caption\":\"SchloR\"},\"image\":{\"@id\":\"https:\\\/\\\/schlor.org\\\/#\\\/schema\\\/logo\\\/image\\\/\"},\"sameAs\":[\"https:\\\/\\\/www.facebook.com\\\/schlor.org\\\/\",\"https:\\\/\\\/x.com\\\/schlorrr\",\"https:\\\/\\\/www.instagram.com\\\/schlor_\\\/\",\"https:\\\/\\\/www.youtube.com\\\/channel\\\/UCxAyLZ3SwQu7NpYVwt5fMeg\"]}]}<\/script>\n<!-- \/ Yoast SEO plugin. -->","yoast_head_json":{"title":"Mitmachen &#8226; SchloR","robots":{"index":"index","follow":"follow","max-snippet":"max-snippet:-1","max-image-preview":"max-image-preview:large","max-video-preview":"max-video-preview:-1"},"canonical":"https:\/\/schlor.org\/en\/mitmachen\/","og_locale":"en_US","og_type":"article","og_title":"Mitmachen &#8226; SchloR","og_description":"Es gibt viele M\u00f6glichkeiten, wie du dich bei SchloR einbringen kannst. Direktkredite sind immer wichtig, da dieses Geld direkt f\u00fcr den Kauf [&hellip;]","og_url":"https:\/\/schlor.org\/en\/mitmachen\/","og_site_name":"SchloR","article_publisher":"https:\/\/www.facebook.com\/schlor.org\/","article_modified_time":"2024-01-03T17:56:10+00:00","twitter_card":"summary_large_image","twitter_site":"@schlorrr","twitter_misc":{"Est. reading time":"1 minute"},"schema":{"@context":"https:\/\/schema.org","@graph":[{"@type":"WebPage","@id":"https:\/\/schlor.org\/mitmachen\/","url":"https:\/\/schlor.org\/mitmachen\/","name":"Mitmachen &#8226; SchloR","isPartOf":{"@id":"https:\/\/schlor.org\/#website"},"datePublished":"2023-11-14T21:36:33+00:00","dateModified":"2024-01-03T17:56:10+00:00","breadcrumb":{"@id":"https:\/\/schlor.org\/mitmachen\/#breadcrumb"},"inLanguage":"en-US","potentialAction":[{"@type":"ReadAction","target":["https:\/\/schlor.org\/mitmachen\/"]}]},{"@type":"BreadcrumbList","@id":"https:\/\/schlor.org\/mitmachen\/#breadcrumb","itemListElement":[{"@type":"ListItem","position":1,"name":"Home","item":"https:\/\/schlor.org\/"},{"@type":"ListItem","position":2,"name":"Mitmachen"}]},{"@type":"WebSite","@id":"https:\/\/schlor.org\/#website","url":"https:\/\/schlor.org\/","name":"SchloR","description":"Sch\u00f6ner leben in Wien-Simmering","publisher":{"@id":"https:\/\/schlor.org\/#organization"},"potentialAction":[{"@type":"SearchAction","target":{"@type":"EntryPoint","urlTemplate":"https:\/\/schlor.org\/?s={search_term_string}"},"query-input":{"@type":"PropertyValueSpecification","valueRequired":true,"valueName":"search_term_string"}}],"inLanguage":"en-US"},{"@type":"Organization","@id":"https:\/\/schlor.org\/#organization","name":"SchloR","url":"https:\/\/schlor.org\/","logo":{"@type":"ImageObject","inLanguage":"en-US","@id":"https:\/\/schlor.org\/#\/schema\/logo\/image\/","url":"https:\/\/schlor.org\/wp-content\/uploads\/2018\/12\/SchloRLogo2.png","contentUrl":"https:\/\/schlor.org\/wp-content\/uploads\/2018\/12\/SchloRLogo2.png","width":1000,"height":996,"caption":"SchloR"},"image":{"@id":"https:\/\/schlor.org\/#\/schema\/logo\/image\/"},"sameAs":["https:\/\/www.facebook.com\/schlor.org\/","https:\/\/x.com\/schlorrr","https:\/\/www.instagram.com\/schlor_\/","https:\/\/www.youtube.com\/channel\/UCxAyLZ3SwQu7NpYVwt5fMeg"]}]}},"_links":{"self":[{"href":"https:\/\/schlor.org\/en\/wp-json\/wp\/v2\/pages\/18474","targetHints":{"allow":["GET"]}}],"collection":[{"href":"https:\/\/schlor.org\/en\/wp-json\/wp\/v2\/pages"}],"about":[{"href":"https:\/\/schlor.org\/en\/wp-json\/wp\/v2\/types\/page"}],"author":[{"embeddable":true,"href":"https:\/\/schlor.org\/en\/wp-json\/wp\/v2\/users\/13"}],"replies":[{"embeddable":true,"href":"https:\/\/schlor.org\/en\/wp-json\/wp\/v2\/comments?post=18474"}],"version-history":[{"count":10,"href":"https:\/\/schlor.org\/en\/wp-json\/wp\/v2\/pages\/18474\/revisions"}],"predecessor-version":[{"id":21667,"href":"https:\/\/schlor.org\/en\/wp-json\/wp\/v2\/pages\/18474\/revisions\/21667"}],"wp:attachment":[{"href":"https:\/\/schlor.org\/en\/wp-json\/wp\/v2\/media?parent=18474"}],"curies":[{"name":"wp","href":"https:\/\/api.w.org\/{rel}","templated":true}]}}