{"id":18297,"date":"2023-11-14T11:51:20","date_gmt":"2023-11-14T10:51:20","guid":{"rendered":"https:\/\/schlor.org\/?page_id=18297"},"modified":"2023-11-14T11:55:47","modified_gmt":"2023-11-14T10:55:47","slug":"organisation","status":"publish","type":"page","link":"https:\/\/schlor.org\/en\/ueber-uns\/organisation\/","title":{"rendered":"Organization"},"content":{"rendered":"<div data-elementor-type=\"wp-page\" data-elementor-id=\"18297\" class=\"elementor elementor-18297\">\n\t\t\t\t\t\t<section class=\"elementor-section elementor-top-section elementor-element elementor-element-1b893eb elementor-section-boxed elementor-section-height-default elementor-section-height-default\" data-id=\"1b893eb\" data-element_type=\"section\" data-e-type=\"section\">\n\t\t\t\t\t\t<div class=\"elementor-container elementor-column-gap-default\">\n\t\t\t\t\t<div class=\"elementor-column elementor-col-100 elementor-top-column elementor-element elementor-element-fb01091\" data-id=\"fb01091\" data-element_type=\"column\" data-e-type=\"column\">\n\t\t\t<div class=\"elementor-widget-wrap elementor-element-populated\">\n\t\t\t\t\t\t<div class=\"elementor-element elementor-element-09f56a2 elementor-widget elementor-widget-text-editor\" data-id=\"09f56a2\" data-element_type=\"widget\" data-e-type=\"widget\" data-widget_type=\"text-editor.default\">\n\t\t\t\t<div class=\"elementor-widget-container\">\n\t\t\t\t\t\t\t\t\t<p>SchloR is as <strong>Club<\/strong> organisiert und basiert weitgehend auf Selbstorganisation der Bewohner*innen. <br \/><strong><br \/>Selbstorganisation<\/strong> bedeutet f\u00fcr uns das Teilen von Verantwortlichkeiten, Ideen, Wissen und F\u00e4higkeiten, um soziale und solidarische Beziehungen zu schaffen. Ma\u00dfgebliche Entscheidungen \u00fcber das Zusammenleben und die Verwaltung des Hauses werden in regelm\u00e4\u00dfigen Plena gemeinsam getroffen. Ein Hierarchieverh\u00e4ltnis zu eine*m Vermieter*in gibt es somit nicht.<\/p><p>Our<strong> Target<\/strong> ist es, den verf\u00fcgbaren Raum nach den Bed\u00fcrfnissen der Bewohner*innen zu gestalten, gemeinsam zu beleben und unser Hausprojekt zu einem lebendigen Teil der Nachbarschaft in Simmering zu machen.<\/p>\t\t\t\t\t\t\t\t<\/div>\n\t\t\t\t<\/div>\n\t\t\t\t\t<\/div>\n\t\t<\/div>\n\t\t\t\t\t<\/div>\n\t\t<\/section>\n\t\t\t\t<\/div>","protected":false},"excerpt":{"rendered":"<p>SchloR ist als Verein organisiert und basiert weitgehend auf Selbstorganisation der Bewohner*innen. Selbstorganisation bedeutet f\u00fcr uns das Teilen von Verantwortlichkeiten, Ideen, Wissen [&hellip;]<\/p>","protected":false},"author":13,"featured_media":0,"parent":4152,"menu_order":1,"comment_status":"closed","ping_status":"closed","template":"","meta":{"footnotes":""},"class_list":["post-18297","page","type-page","status-publish","hentry"],"yoast_head":"<!-- This site is optimized with the Yoast SEO plugin v27.4 - https:\/\/yoast.com\/product\/yoast-seo-wordpress\/ -->\n<title>Organisation &#8226; SchloR<\/title>\n<meta name=\"robots\" content=\"index, follow, max-snippet:-1, max-image-preview:large, max-video-preview:-1\" \/>\n<link rel=\"canonical\" href=\"https:\/\/schlor.org\/en\/ueber-uns\/organisation\/\" \/>\n<meta property=\"og:locale\" content=\"en_US\" \/>\n<meta property=\"og:type\" content=\"article\" \/>\n<meta property=\"og:title\" content=\"Organisation &#8226; SchloR\" \/>\n<meta property=\"og:description\" content=\"SchloR ist als Verein organisiert und basiert weitgehend auf Selbstorganisation der Bewohner*innen. Selbstorganisation bedeutet f\u00fcr uns das Teilen von Verantwortlichkeiten, Ideen, Wissen [&hellip;]\" \/>\n<meta property=\"og:url\" content=\"https:\/\/schlor.org\/en\/ueber-uns\/organisation\/\" \/>\n<meta property=\"og:site_name\" content=\"SchloR\" \/>\n<meta property=\"article:publisher\" content=\"https:\/\/www.facebook.com\/schlor.org\/\" \/>\n<meta property=\"article:modified_time\" content=\"2023-11-14T10:55:47+00:00\" \/>\n<meta name=\"twitter:card\" content=\"summary_large_image\" \/>\n<meta name=\"twitter:site\" content=\"@schlorrr\" \/>\n<meta name=\"twitter:label1\" content=\"Est. reading time\" \/>\n\t<meta name=\"twitter:data1\" content=\"1 minute\" \/>\n<script type=\"application\/ld+json\" class=\"yoast-schema-graph\">{\"@context\":\"https:\\\/\\\/schema.org\",\"@graph\":[{\"@type\":\"WebPage\",\"@id\":\"https:\\\/\\\/schlor.org\\\/ueber-uns\\\/organisation\\\/\",\"url\":\"https:\\\/\\\/schlor.org\\\/ueber-uns\\\/organisation\\\/\",\"name\":\"Organisation &#8226; SchloR\",\"isPartOf\":{\"@id\":\"https:\\\/\\\/schlor.org\\\/#website\"},\"datePublished\":\"2023-11-14T10:51:20+00:00\",\"dateModified\":\"2023-11-14T10:55:47+00:00\",\"breadcrumb\":{\"@id\":\"https:\\\/\\\/schlor.org\\\/ueber-uns\\\/organisation\\\/#breadcrumb\"},\"inLanguage\":\"en-US\",\"potentialAction\":[{\"@type\":\"ReadAction\",\"target\":[\"https:\\\/\\\/schlor.org\\\/ueber-uns\\\/organisation\\\/\"]}]},{\"@type\":\"BreadcrumbList\",\"@id\":\"https:\\\/\\\/schlor.org\\\/ueber-uns\\\/organisation\\\/#breadcrumb\",\"itemListElement\":[{\"@type\":\"ListItem\",\"position\":1,\"name\":\"Home\",\"item\":\"https:\\\/\\\/schlor.org\\\/\"},{\"@type\":\"ListItem\",\"position\":2,\"name\":\"\u00dcber uns\",\"item\":\"https:\\\/\\\/schlor.org\\\/ueber-uns\\\/\"},{\"@type\":\"ListItem\",\"position\":3,\"name\":\"Organisation\"}]},{\"@type\":\"WebSite\",\"@id\":\"https:\\\/\\\/schlor.org\\\/#website\",\"url\":\"https:\\\/\\\/schlor.org\\\/\",\"name\":\"SchloR\",\"description\":\"Sch\u00f6ner leben in Wien-Simmering\",\"publisher\":{\"@id\":\"https:\\\/\\\/schlor.org\\\/#organization\"},\"potentialAction\":[{\"@type\":\"SearchAction\",\"target\":{\"@type\":\"EntryPoint\",\"urlTemplate\":\"https:\\\/\\\/schlor.org\\\/?s={search_term_string}\"},\"query-input\":{\"@type\":\"PropertyValueSpecification\",\"valueRequired\":true,\"valueName\":\"search_term_string\"}}],\"inLanguage\":\"en-US\"},{\"@type\":\"Organization\",\"@id\":\"https:\\\/\\\/schlor.org\\\/#organization\",\"name\":\"SchloR\",\"url\":\"https:\\\/\\\/schlor.org\\\/\",\"logo\":{\"@type\":\"ImageObject\",\"inLanguage\":\"en-US\",\"@id\":\"https:\\\/\\\/schlor.org\\\/#\\\/schema\\\/logo\\\/image\\\/\",\"url\":\"https:\\\/\\\/schlor.org\\\/wp-content\\\/uploads\\\/2018\\\/12\\\/SchloRLogo2.png\",\"contentUrl\":\"https:\\\/\\\/schlor.org\\\/wp-content\\\/uploads\\\/2018\\\/12\\\/SchloRLogo2.png\",\"width\":1000,\"height\":996,\"caption\":\"SchloR\"},\"image\":{\"@id\":\"https:\\\/\\\/schlor.org\\\/#\\\/schema\\\/logo\\\/image\\\/\"},\"sameAs\":[\"https:\\\/\\\/www.facebook.com\\\/schlor.org\\\/\",\"https:\\\/\\\/x.com\\\/schlorrr\",\"https:\\\/\\\/www.instagram.com\\\/schlor_\\\/\",\"https:\\\/\\\/www.youtube.com\\\/channel\\\/UCxAyLZ3SwQu7NpYVwt5fMeg\"]}]}<\/script>\n<!-- \/ Yoast SEO plugin. -->","yoast_head_json":{"title":"Organisation &#8226; SchloR","robots":{"index":"index","follow":"follow","max-snippet":"max-snippet:-1","max-image-preview":"max-image-preview:large","max-video-preview":"max-video-preview:-1"},"canonical":"https:\/\/schlor.org\/en\/ueber-uns\/organisation\/","og_locale":"en_US","og_type":"article","og_title":"Organisation &#8226; SchloR","og_description":"SchloR ist als Verein organisiert und basiert weitgehend auf Selbstorganisation der Bewohner*innen. Selbstorganisation bedeutet f\u00fcr uns das Teilen von Verantwortlichkeiten, Ideen, Wissen [&hellip;]","og_url":"https:\/\/schlor.org\/en\/ueber-uns\/organisation\/","og_site_name":"SchloR","article_publisher":"https:\/\/www.facebook.com\/schlor.org\/","article_modified_time":"2023-11-14T10:55:47+00:00","twitter_card":"summary_large_image","twitter_site":"@schlorrr","twitter_misc":{"Est. reading time":"1 minute"},"schema":{"@context":"https:\/\/schema.org","@graph":[{"@type":"WebPage","@id":"https:\/\/schlor.org\/ueber-uns\/organisation\/","url":"https:\/\/schlor.org\/ueber-uns\/organisation\/","name":"Organisation &#8226; SchloR","isPartOf":{"@id":"https:\/\/schlor.org\/#website"},"datePublished":"2023-11-14T10:51:20+00:00","dateModified":"2023-11-14T10:55:47+00:00","breadcrumb":{"@id":"https:\/\/schlor.org\/ueber-uns\/organisation\/#breadcrumb"},"inLanguage":"en-US","potentialAction":[{"@type":"ReadAction","target":["https:\/\/schlor.org\/ueber-uns\/organisation\/"]}]},{"@type":"BreadcrumbList","@id":"https:\/\/schlor.org\/ueber-uns\/organisation\/#breadcrumb","itemListElement":[{"@type":"ListItem","position":1,"name":"Home","item":"https:\/\/schlor.org\/"},{"@type":"ListItem","position":2,"name":"\u00dcber uns","item":"https:\/\/schlor.org\/ueber-uns\/"},{"@type":"ListItem","position":3,"name":"Organisation"}]},{"@type":"WebSite","@id":"https:\/\/schlor.org\/#website","url":"https:\/\/schlor.org\/","name":"SchloR","description":"Sch\u00f6ner leben in Wien-Simmering","publisher":{"@id":"https:\/\/schlor.org\/#organization"},"potentialAction":[{"@type":"SearchAction","target":{"@type":"EntryPoint","urlTemplate":"https:\/\/schlor.org\/?s={search_term_string}"},"query-input":{"@type":"PropertyValueSpecification","valueRequired":true,"valueName":"search_term_string"}}],"inLanguage":"en-US"},{"@type":"Organization","@id":"https:\/\/schlor.org\/#organization","name":"SchloR","url":"https:\/\/schlor.org\/","logo":{"@type":"ImageObject","inLanguage":"en-US","@id":"https:\/\/schlor.org\/#\/schema\/logo\/image\/","url":"https:\/\/schlor.org\/wp-content\/uploads\/2018\/12\/SchloRLogo2.png","contentUrl":"https:\/\/schlor.org\/wp-content\/uploads\/2018\/12\/SchloRLogo2.png","width":1000,"height":996,"caption":"SchloR"},"image":{"@id":"https:\/\/schlor.org\/#\/schema\/logo\/image\/"},"sameAs":["https:\/\/www.facebook.com\/schlor.org\/","https:\/\/x.com\/schlorrr","https:\/\/www.instagram.com\/schlor_\/","https:\/\/www.youtube.com\/channel\/UCxAyLZ3SwQu7NpYVwt5fMeg"]}]}},"_links":{"self":[{"href":"https:\/\/schlor.org\/en\/wp-json\/wp\/v2\/pages\/18297","targetHints":{"allow":["GET"]}}],"collection":[{"href":"https:\/\/schlor.org\/en\/wp-json\/wp\/v2\/pages"}],"about":[{"href":"https:\/\/schlor.org\/en\/wp-json\/wp\/v2\/types\/page"}],"author":[{"embeddable":true,"href":"https:\/\/schlor.org\/en\/wp-json\/wp\/v2\/users\/13"}],"replies":[{"embeddable":true,"href":"https:\/\/schlor.org\/en\/wp-json\/wp\/v2\/comments?post=18297"}],"version-history":[{"count":8,"href":"https:\/\/schlor.org\/en\/wp-json\/wp\/v2\/pages\/18297\/revisions"}],"predecessor-version":[{"id":18306,"href":"https:\/\/schlor.org\/en\/wp-json\/wp\/v2\/pages\/18297\/revisions\/18306"}],"up":[{"embeddable":true,"href":"https:\/\/schlor.org\/en\/wp-json\/wp\/v2\/pages\/4152"}],"wp:attachment":[{"href":"https:\/\/schlor.org\/en\/wp-json\/wp\/v2\/media?parent=18297"}],"curies":[{"name":"wp","href":"https:\/\/api.w.org\/{rel}","templated":true}]}}